{"id":806,"date":"2017-10-21T18:27:27","date_gmt":"2017-10-21T17:27:27","guid":{"rendered":"http:\/\/www.msqb.fr\/site\/?page_id=806"},"modified":"2017-10-21T18:27:36","modified_gmt":"2017-10-21T17:27:36","slug":"contact-2","status":"publish","type":"page","link":"https:\/\/www.mbsmb.fr\/site\/contact-2\/","title":{"rendered":"Contact"},"content":{"rendered":"\n<div class=\"wpcf7 no-js\" id=\"wpcf7-f805-o1\" lang=\"fr-FR\" dir=\"ltr\" data-wpcf7-id=\"805\">\n<div class=\"screen-reader-response\"><p role=\"status\" aria-live=\"polite\" aria-atomic=\"true\"><\/p> <ul><\/ul><\/div>\n<form action=\"\/site\/wp-json\/wp\/v2\/pages\/806#wpcf7-f805-o1\" method=\"post\" class=\"wpcf7-form init\" aria-label=\"Formulaire de contact\" novalidate=\"novalidate\" data-status=\"init\">\n<fieldset class=\"hidden-fields-container\"><input type=\"hidden\" name=\"_wpcf7\" value=\"805\" \/><input type=\"hidden\" name=\"_wpcf7_version\" value=\"6.1.4\" \/><input type=\"hidden\" name=\"_wpcf7_locale\" value=\"fr_FR\" \/><input type=\"hidden\" name=\"_wpcf7_unit_tag\" value=\"wpcf7-f805-o1\" \/><input type=\"hidden\" name=\"_wpcf7_container_post\" value=\"0\" \/><input type=\"hidden\" name=\"_wpcf7_posted_data_hash\" value=\"\" \/>\n<\/fieldset>\n<p><label> Votre nom et pr\u00e9nom (obligatoire)<br \/>\n<span class=\"wpcf7-form-control-wrap\" data-name=\"your-name\"><input size=\"40\" maxlength=\"400\" class=\"wpcf7-form-control wpcf7-text wpcf7-validates-as-required\" aria-required=\"true\" aria-invalid=\"false\" value=\"\" type=\"text\" name=\"your-name\" \/><\/span> <\/label>\n<\/p>\n<p><label> Votre e-mail (obligatoire)<br \/>\n<span class=\"wpcf7-form-control-wrap\" data-name=\"your-email\"><input size=\"40\" maxlength=\"400\" class=\"wpcf7-form-control wpcf7-email wpcf7-validates-as-required wpcf7-text wpcf7-validates-as-email\" aria-required=\"true\" aria-invalid=\"false\" value=\"\" type=\"email\" name=\"your-email\" \/><\/span> <\/label>\n<\/p>\n<p><label> Sujet (vous ou votre enfant-son \u00e2ge)<br \/>\n<span class=\"wpcf7-form-control-wrap\" data-name=\"your-subject\"><input size=\"40\" maxlength=\"400\" class=\"wpcf7-form-control wpcf7-text\" aria-invalid=\"false\" value=\"\" type=\"text\" name=\"your-subject\" \/><\/span> <\/label>\n<\/p>\n<p><label> Votre message (id\u00e9alement avec num\u00e9ro de t\u00e9l\u00e9phone). ATTENTION. PAS DE LOCATION DE COURT.<br \/>\n<span class=\"wpcf7-form-control-wrap\" data-name=\"your-message\"><textarea cols=\"40\" rows=\"10\" maxlength=\"2000\" class=\"wpcf7-form-control wpcf7-textarea\" aria-invalid=\"false\" name=\"your-message\"><\/textarea><\/span> <\/label>\n<\/p>\n<p><input class=\"wpcf7-form-control wpcf7-submit has-spinner\" type=\"submit\" value=\"Envoyer\" \/>\n<\/p><input type=\"hidden\" id=\"ct_checkjs_cf7_2dace78f80bc92e6d7493423d729448e\" name=\"ct_checkjs_cf7\" value=\"0\" \/><script >setTimeout(function(){var ct_input_name = \"ct_checkjs_cf7_2dace78f80bc92e6d7493423d729448e\";if (document.getElementById(ct_input_name) !== null) {var ct_input_value = document.getElementById(ct_input_name).value;document.getElementById(ct_input_name).value = document.getElementById(ct_input_name).value.replace(ct_input_value, '436288352');}}, 1000);<\/script><input\n                    class=\"apbct_special_field apbct_email_id__wp_contact_form_7\"\n                    name=\"apbct__email_id__wp_contact_form_7\"\n                    aria-label=\"apbct__label_id__wp_contact_form_7\"\n                    type=\"text\" size=\"30\" maxlength=\"200\" autocomplete=\"off\"\n                    value=\"\"\n                \/><p style=\"display: none !important;\" class=\"akismet-fields-container\" data-prefix=\"_wpcf7_ak_\"><label>&#916;<textarea name=\"_wpcf7_ak_hp_textarea\" cols=\"45\" rows=\"8\" maxlength=\"100\"><\/textarea><\/label><input type=\"hidden\" id=\"ak_js_1\" name=\"_wpcf7_ak_js\" value=\"70\"\/><script>document.getElementById( \"ak_js_1\" ).setAttribute( \"value\", ( new Date() ).getTime() );<\/script><\/p><input type='hidden' class='wpcf7-pum' value='{\"closepopup\":false,\"closedelay\":0,\"openpopup\":false,\"openpopup_id\":0}' \/><div class=\"wpcf7-response-output\" aria-hidden=\"true\"><\/div>\n<\/form>\n<\/div>\n\n<!-- AddThis Advanced Settings generic via filter on the_content --><!-- AddThis Share Buttons generic via filter on the_content -->","protected":false},"excerpt":{"rendered":"<p><!-- AddThis Advanced Settings generic via filter on get_the_excerpt --><!-- AddThis Share Buttons generic via filter on get_the_excerpt --><\/p>\n","protected":false},"author":1,"featured_media":0,"parent":0,"menu_order":0,"comment_status":"closed","ping_status":"closed","template":"","meta":{"footnotes":""},"class_list":["post-806","page","type-page","status-publish","hentry"],"yoast_head":"<!-- This site is optimized with the Yoast SEO plugin v26.7 - https:\/\/yoast.com\/wordpress\/plugins\/seo\/ -->\n<title>Contact - MBSMB<\/title>\n<meta name=\"robots\" content=\"index, follow, max-snippet:-1, max-image-preview:large, max-video-preview:-1\" \/>\n<link rel=\"canonical\" href=\"https:\/\/www.mbsmb.fr\/site\/contact-2\/\" \/>\n<meta property=\"og:locale\" content=\"fr_FR\" \/>\n<meta property=\"og:type\" content=\"article\" \/>\n<meta property=\"og:title\" content=\"Contact - MBSMB\" \/>\n<meta property=\"og:url\" content=\"https:\/\/www.mbsmb.fr\/site\/contact-2\/\" \/>\n<meta property=\"og:site_name\" content=\"MBSMB\" \/>\n<meta property=\"article:publisher\" content=\"https:\/\/www.facebook.com\/metzbansaintmartinbadminton\" \/>\n<meta property=\"article:modified_time\" content=\"2017-10-21T17:27:36+00:00\" \/>\n<meta name=\"twitter:card\" content=\"summary_large_image\" \/>\n<script type=\"application\/ld+json\" class=\"yoast-schema-graph\">{\"@context\":\"https:\/\/schema.org\",\"@graph\":[{\"@type\":\"WebPage\",\"@id\":\"https:\/\/www.mbsmb.fr\/site\/contact-2\/\",\"url\":\"https:\/\/www.mbsmb.fr\/site\/contact-2\/\",\"name\":\"Contact - MBSMB\",\"isPartOf\":{\"@id\":\"https:\/\/www.mbsmb.fr\/site\/#website\"},\"datePublished\":\"2017-10-21T17:27:27+00:00\",\"dateModified\":\"2017-10-21T17:27:36+00:00\",\"breadcrumb\":{\"@id\":\"https:\/\/www.mbsmb.fr\/site\/contact-2\/#breadcrumb\"},\"inLanguage\":\"fr-FR\",\"potentialAction\":[{\"@type\":\"ReadAction\",\"target\":[\"https:\/\/www.mbsmb.fr\/site\/contact-2\/\"]}]},{\"@type\":\"BreadcrumbList\",\"@id\":\"https:\/\/www.mbsmb.fr\/site\/contact-2\/#breadcrumb\",\"itemListElement\":[{\"@type\":\"ListItem\",\"position\":1,\"name\":\"Accueil\",\"item\":\"https:\/\/www.mbsmb.fr\/site\/\"},{\"@type\":\"ListItem\",\"position\":2,\"name\":\"Contact\"}]},{\"@type\":\"WebSite\",\"@id\":\"https:\/\/www.mbsmb.fr\/site\/#website\",\"url\":\"https:\/\/www.mbsmb.fr\/site\/\",\"name\":\"MSQB metz saint quentin badminton\",\"description\":\"Metz Ban Saint Martin Badminton\",\"publisher\":{\"@id\":\"https:\/\/www.mbsmb.fr\/site\/#organization\"},\"potentialAction\":[{\"@type\":\"SearchAction\",\"target\":{\"@type\":\"EntryPoint\",\"urlTemplate\":\"https:\/\/www.mbsmb.fr\/site\/?s={search_term_string}\"},\"query-input\":{\"@type\":\"PropertyValueSpecification\",\"valueRequired\":true,\"valueName\":\"search_term_string\"}}],\"inLanguage\":\"fr-FR\"},{\"@type\":\"Organization\",\"@id\":\"https:\/\/www.mbsmb.fr\/site\/#organization\",\"name\":\"msqb\",\"url\":\"https:\/\/www.mbsmb.fr\/site\/\",\"logo\":{\"@type\":\"ImageObject\",\"inLanguage\":\"fr-FR\",\"@id\":\"https:\/\/www.mbsmb.fr\/site\/#\/schema\/logo\/image\/\",\"url\":\"http:\/\/www.msqb.fr\/site\/wp-content\/uploads\/2015\/12\/msqb_logo1.png\",\"contentUrl\":\"http:\/\/www.msqb.fr\/site\/wp-content\/uploads\/2015\/12\/msqb_logo1.png\",\"width\":996,\"height\":996,\"caption\":\"msqb\"},\"image\":{\"@id\":\"https:\/\/www.mbsmb.fr\/site\/#\/schema\/logo\/image\/\"},\"sameAs\":[\"https:\/\/www.facebook.com\/metzbansaintmartinbadminton\"]}]}<\/script>\n<!-- \/ Yoast SEO plugin. -->","yoast_head_json":{"title":"Contact - MBSMB","robots":{"index":"index","follow":"follow","max-snippet":"max-snippet:-1","max-image-preview":"max-image-preview:large","max-video-preview":"max-video-preview:-1"},"canonical":"https:\/\/www.mbsmb.fr\/site\/contact-2\/","og_locale":"fr_FR","og_type":"article","og_title":"Contact - MBSMB","og_url":"https:\/\/www.mbsmb.fr\/site\/contact-2\/","og_site_name":"MBSMB","article_publisher":"https:\/\/www.facebook.com\/metzbansaintmartinbadminton","article_modified_time":"2017-10-21T17:27:36+00:00","twitter_card":"summary_large_image","schema":{"@context":"https:\/\/schema.org","@graph":[{"@type":"WebPage","@id":"https:\/\/www.mbsmb.fr\/site\/contact-2\/","url":"https:\/\/www.mbsmb.fr\/site\/contact-2\/","name":"Contact - MBSMB","isPartOf":{"@id":"https:\/\/www.mbsmb.fr\/site\/#website"},"datePublished":"2017-10-21T17:27:27+00:00","dateModified":"2017-10-21T17:27:36+00:00","breadcrumb":{"@id":"https:\/\/www.mbsmb.fr\/site\/contact-2\/#breadcrumb"},"inLanguage":"fr-FR","potentialAction":[{"@type":"ReadAction","target":["https:\/\/www.mbsmb.fr\/site\/contact-2\/"]}]},{"@type":"BreadcrumbList","@id":"https:\/\/www.mbsmb.fr\/site\/contact-2\/#breadcrumb","itemListElement":[{"@type":"ListItem","position":1,"name":"Accueil","item":"https:\/\/www.mbsmb.fr\/site\/"},{"@type":"ListItem","position":2,"name":"Contact"}]},{"@type":"WebSite","@id":"https:\/\/www.mbsmb.fr\/site\/#website","url":"https:\/\/www.mbsmb.fr\/site\/","name":"MSQB metz saint quentin badminton","description":"Metz Ban Saint Martin Badminton","publisher":{"@id":"https:\/\/www.mbsmb.fr\/site\/#organization"},"potentialAction":[{"@type":"SearchAction","target":{"@type":"EntryPoint","urlTemplate":"https:\/\/www.mbsmb.fr\/site\/?s={search_term_string}"},"query-input":{"@type":"PropertyValueSpecification","valueRequired":true,"valueName":"search_term_string"}}],"inLanguage":"fr-FR"},{"@type":"Organization","@id":"https:\/\/www.mbsmb.fr\/site\/#organization","name":"msqb","url":"https:\/\/www.mbsmb.fr\/site\/","logo":{"@type":"ImageObject","inLanguage":"fr-FR","@id":"https:\/\/www.mbsmb.fr\/site\/#\/schema\/logo\/image\/","url":"http:\/\/www.msqb.fr\/site\/wp-content\/uploads\/2015\/12\/msqb_logo1.png","contentUrl":"http:\/\/www.msqb.fr\/site\/wp-content\/uploads\/2015\/12\/msqb_logo1.png","width":996,"height":996,"caption":"msqb"},"image":{"@id":"https:\/\/www.mbsmb.fr\/site\/#\/schema\/logo\/image\/"},"sameAs":["https:\/\/www.facebook.com\/metzbansaintmartinbadminton"]}]}},"_links":{"self":[{"href":"https:\/\/www.mbsmb.fr\/site\/wp-json\/wp\/v2\/pages\/806","targetHints":{"allow":["GET"]}}],"collection":[{"href":"https:\/\/www.mbsmb.fr\/site\/wp-json\/wp\/v2\/pages"}],"about":[{"href":"https:\/\/www.mbsmb.fr\/site\/wp-json\/wp\/v2\/types\/page"}],"author":[{"embeddable":true,"href":"https:\/\/www.mbsmb.fr\/site\/wp-json\/wp\/v2\/users\/1"}],"replies":[{"embeddable":true,"href":"https:\/\/www.mbsmb.fr\/site\/wp-json\/wp\/v2\/comments?post=806"}],"version-history":[{"count":2,"href":"https:\/\/www.mbsmb.fr\/site\/wp-json\/wp\/v2\/pages\/806\/revisions"}],"predecessor-version":[{"id":808,"href":"https:\/\/www.mbsmb.fr\/site\/wp-json\/wp\/v2\/pages\/806\/revisions\/808"}],"wp:attachment":[{"href":"https:\/\/www.mbsmb.fr\/site\/wp-json\/wp\/v2\/media?parent=806"}],"curies":[{"name":"wp","href":"https:\/\/api.w.org\/{rel}","templated":true}]}}