{"id":71,"date":"2015-12-21T15:49:35","date_gmt":"2015-12-21T14:49:35","guid":{"rendered":"http:\/\/www.msqb.fr\/site2\/?page_id=71"},"modified":"2022-09-14T11:00:57","modified_gmt":"2022-09-14T10:00:57","slug":"departementale","status":"publish","type":"page","link":"https:\/\/www.mbsmb.fr\/site\/departementale\/","title":{"rendered":"IC D\u00e9partemental 21\/22"},"content":{"rendered":"<h4>\u00a0\u00a0Pour la saison 2021-2022, le MBSMB engage 5 \u00e9quipes en IC D\u00e9partementales.<\/h4>\n<h5>MBSMB 6 en D1<\/h5>\n<p style=\"font-style: normal; font-variant-ligatures: normal; font-variant-caps: normal;\"><a href=\"https:\/\/www.mbsmb.fr\/site\/wp-content\/uploads\/2022\/01\/FB_IMG_1641804392955.jpg\" data-rel=\"lightbox-image-0\" data-rl_title=\"\" data-rl_caption=\"\" title=\"\"><img loading=\"lazy\" decoding=\"async\" class=\"alignnone wp-image-1834 \" src=\"https:\/\/www.mbsmb.fr\/site\/wp-content\/uploads\/2022\/01\/FB_IMG_1641804392955-300x169.jpg\" alt=\"\" width=\"304\" height=\"171\" srcset=\"https:\/\/www.mbsmb.fr\/site\/wp-content\/uploads\/2022\/01\/FB_IMG_1641804392955-300x169.jpg 300w, https:\/\/www.mbsmb.fr\/site\/wp-content\/uploads\/2022\/01\/FB_IMG_1641804392955-768x433.jpg 768w, https:\/\/www.mbsmb.fr\/site\/wp-content\/uploads\/2022\/01\/FB_IMG_1641804392955.jpg 960w\" sizes=\"auto, (max-width: 304px) 100vw, 304px\" \/><\/a><\/p>\n\n<table id=\"tablepress-E62122\" class=\"tablepress tablepress-id-E62122\">\n<thead>\n<tr class=\"row-1\">\n\t<th class=\"column-1\">Journ\u00e9es<\/th><th class=\"column-2\">1 \u2013 17\/10<\/th><th class=\"column-3\">2 \u2013 17\/10<\/th><th class=\"column-4\">3 \u2013 21\/11<\/th><th class=\"column-5\">4 \u2013 21\/11<\/th><th class=\"column-6\">5 \u2013 12\/12<\/th><th class=\"column-7\">6 \u2013 12\/12<\/th><th class=\"column-8\">7 \u2013 06\/02<\/th><th class=\"column-9\">8 \u2013 06\/02<\/th><th class=\"column-10\">9 \u2013 06\/03<\/th><th class=\"column-11\">10 \u2013 06\/03<\/th>\n<\/tr>\n<\/thead>\n<tbody>\n<tr class=\"row-2\">\n\t<td class=\"column-1\">Rencontres\t<\/td><td class=\"column-2\">Badminton Marly-Metz-Cuvry<\/td><td class=\"column-3\">Badminton Club Saint Avold <\/td><td class=\"column-4\">Sarreguemines Badminton Club<\/td><td class=\"column-5\">Section Badminton du CO Remilly<\/td><td class=\"column-6\">Badminton Club de Sarrebourg<\/td><td class=\"column-7\">Badminton Marly-Metz-Cuvry<\/td><td class=\"column-8\">Badminton Club Saint Avold <\/td><td class=\"column-9\">Sarreguemines Badminton Club<\/td><td class=\"column-10\">Section Badminton du CO Remilly<\/td><td class=\"column-11\">Badminton Club de Sarrebourg<\/td>\n<\/tr>\n<tr class=\"row-3\">\n\t<td class=\"column-1\">R\u00e9sultats<\/td><td class=\"column-2\">3-5<\/td><td class=\"column-3\">5-3<\/td><td class=\"column-4\">4-4<\/td><td class=\"column-5\">8-0<\/td><td class=\"column-6\">4-4<\/td><td class=\"column-7\">5-3<\/td><td class=\"column-8\">5-3<\/td><td class=\"column-9\">5-3<\/td><td class=\"column-10\">6-2<\/td><td class=\"column-11\">7-1<\/td>\n<\/tr>\n<\/tbody>\n<\/table>\n<!-- #tablepress-E62122 from cache -->\n<p>R\u00e9sultat final : 2e<\/p>\n<h6><a href=\"https:\/\/icbad.ffbad.org\/equipe\/6008\">Composition de l&rsquo;\u00e9quipe ici<\/a><\/h6>\n<p>Cyril CHAMPAGNE, \u00a0Dixuan ZHANG, Vincent BEAUBIS, Laurent DE ZOTTI, \u00a0Lorenzo LA MARCA, Soelie REMIATTE, \u00a0Emilie LALOUETTE, Kays ABDMOULEH, Justine CRAUSER, Julie GAZEAU MAILLARD, Jordi DAL PONTE, Lenny HAMONIC, Marie LIBOTTE, So\u00e9lie REMIATTE, Sebastien ASTORINO, Jordi DAL PONTE<\/p>\n<h6 style=\"font-style: normal; font-variant-ligatures: normal; font-variant-caps: normal;\"><a href=\"https:\/\/icbad.ffbad.org\/competition\/2100942\">Tableau de poule ici<\/a><\/h6>\n<p>&nbsp;<\/p>\n<h5>MBSMB 7 et 8 en D2<\/h5>\n<h6>Equipe 7<\/h6>\n<p style=\"font-style: normal; font-variant-ligatures: normal; font-variant-caps: normal;\"><a href=\"https:\/\/www.mbsmb.fr\/site\/wp-content\/uploads\/2022\/01\/FB_IMG_1641804404819.jpg\" data-rel=\"lightbox-image-1\" data-rl_title=\"\" data-rl_caption=\"\" title=\"\"><img loading=\"lazy\" decoding=\"async\" class=\"alignnone wp-image-1830 size-medium\" src=\"https:\/\/www.mbsmb.fr\/site\/wp-content\/uploads\/2022\/01\/FB_IMG_1641804404819-300x135.jpg\" alt=\"\" width=\"300\" height=\"135\" srcset=\"https:\/\/www.mbsmb.fr\/site\/wp-content\/uploads\/2022\/01\/FB_IMG_1641804404819-300x135.jpg 300w, https:\/\/www.mbsmb.fr\/site\/wp-content\/uploads\/2022\/01\/FB_IMG_1641804404819-768x346.jpg 768w, https:\/\/www.mbsmb.fr\/site\/wp-content\/uploads\/2022\/01\/FB_IMG_1641804404819.jpg 960w\" sizes=\"auto, (max-width: 300px) 100vw, 300px\" \/><\/a><\/p>\n\n<table id=\"tablepress-E72122\" class=\"tablepress tablepress-id-E72122\">\n<thead>\n<tr class=\"row-1\">\n\t<th class=\"column-1\">Journ\u00e9es<\/th><th class=\"column-2\">1 \u2013 17\/10<\/th><th class=\"column-3\">2 \u2013 17\/10<\/th><th class=\"column-4\">3 \u2013 21\/11<\/th><th class=\"column-5\">4 \u2013 21\/11<\/th><th class=\"column-6\">5 \u2013 12\/12<\/th><th class=\"column-7\">6 \u2013 12\/12<\/th><th class=\"column-8\">7 \u2013 06\/02<\/th><th class=\"column-9\">8 \u2013 06\/02<\/th><th class=\"column-10\">9 \u2013 06\/03<\/th><th class=\"column-11\">10 \u2013 06\/03<\/th>\n<\/tr>\n<\/thead>\n<tbody>\n<tr class=\"row-2\">\n\t<td class=\"column-1\">Rencontres\t<\/td><td class=\"column-2\">MBSMB8<\/td><td class=\"column-3\">Basse-ham Badminton Club<\/td><td class=\"column-4\">Le Badminton Gu\u00e9nangeois <\/td><td class=\"column-5\">Richemont Bad<\/td><td class=\"column-6\">JURY BADMINTON CLUB<\/td><td class=\"column-7\">MBSMB8<\/td><td class=\"column-8\">Basse-ham Badminton Club<\/td><td class=\"column-9\">Le Badminton Gu\u00e9nangeois <\/td><td class=\"column-10\">Richemont Bad<\/td><td class=\"column-11\">JURY BADMINTON CLUB<\/td>\n<\/tr>\n<tr class=\"row-3\">\n\t<td class=\"column-1\">R\u00e9sultats<\/td><td class=\"column-2\">6-2<\/td><td class=\"column-3\">5-3<\/td><td class=\"column-4\">1-7<\/td><td class=\"column-5\">4-4<\/td><td class=\"column-6\">3-5<\/td><td class=\"column-7\">8-0<\/td><td class=\"column-8\">3-5<\/td><td class=\"column-9\">3-5<\/td><td class=\"column-10\">3-5<\/td><td class=\"column-11\">6-2<\/td>\n<\/tr>\n<\/tbody>\n<\/table>\n<!-- #tablepress-E72122 from cache -->\n<p>R\u00e9sultat final : 4e<\/p>\n<h6 style=\"font-style: normal; font-variant-ligatures: normal; font-variant-caps: normal;\"><a href=\"https:\/\/icbad.ffbad.org\/equipe\/6015\">Composition de l&rsquo;\u00e9quipe<\/a><\/h6>\n<p>Philippe MONTEMBAUT , Marie LIBOTTE, Bastien BORDAGE, Marie MEIGNEN, Manon PAWLOWSKI, S\u00e9bastien ASTORINO, Cyril RIVIERE, St\u00e9phane TURQUIN, Nathalie CLEMENTE, Juhi SHARMA, Lenny HAMONIC<\/p>\n<p>&nbsp;<\/p>\n<h6>Equipe 8<\/h6>\n<p style=\"font-style: normal; font-variant-ligatures: normal; font-variant-caps: normal;\"><a href=\"https:\/\/www.mbsmb.fr\/site\/wp-content\/uploads\/2022\/01\/FB_IMG_1641804366491.jpg\" data-rel=\"lightbox-image-2\" data-rl_title=\"\" data-rl_caption=\"\" title=\"\"><img loading=\"lazy\" decoding=\"async\" class=\"alignnone wp-image-1831 size-medium\" style=\"font-family: 'Open Sans Condensed'; font-size: 1.82em; font-style: normal; font-variant-ligatures: normal; font-variant-caps: normal; font-weight: 300;\" src=\"https:\/\/www.mbsmb.fr\/site\/wp-content\/uploads\/2022\/01\/FB_IMG_1641804366491-300x135.jpg\" alt=\"\" width=\"300\" height=\"135\" srcset=\"https:\/\/www.mbsmb.fr\/site\/wp-content\/uploads\/2022\/01\/FB_IMG_1641804366491-300x135.jpg 300w, https:\/\/www.mbsmb.fr\/site\/wp-content\/uploads\/2022\/01\/FB_IMG_1641804366491-768x346.jpg 768w, https:\/\/www.mbsmb.fr\/site\/wp-content\/uploads\/2022\/01\/FB_IMG_1641804366491.jpg 960w\" sizes=\"auto, (max-width: 300px) 100vw, 300px\" \/><\/a><\/p>\n\n<table id=\"tablepress-E82122\" class=\"tablepress tablepress-id-E82122\">\n<thead>\n<tr class=\"row-1\">\n\t<th class=\"column-1\">Journ\u00e9es<\/th><th class=\"column-2\">1 \u2013 17\/10<\/th><th class=\"column-3\">2 \u2013 17\/10<\/th><th class=\"column-4\">3 \u2013 21\/11<\/th><th class=\"column-5\">4 \u2013 21\/11<\/th><th class=\"column-6\">5 \u2013 12\/12<\/th><th class=\"column-7\">6 \u2013 12\/12<\/th><th class=\"column-8\">7 \u2013 06\/02<\/th><th class=\"column-9\">8 \u2013 06\/02<\/th><th class=\"column-10\">9 \u2013 06\/03<\/th><th class=\"column-11\">10 \u2013 06\/03<\/th>\n<\/tr>\n<\/thead>\n<tbody>\n<tr class=\"row-2\">\n\t<td class=\"column-1\">Rencontres\t<\/td><td class=\"column-2\">MBSMB7<\/td><td class=\"column-3\">Le Badminton Gu\u00e9nangeois <\/td><td class=\"column-4\">JURY BADMINTON CLUB<\/td><td class=\"column-5\">Basse-ham Badminton Club<\/td><td class=\"column-6\">Richemont Bad<\/td><td class=\"column-7\">MBSMB7<\/td><td class=\"column-8\">Le Badminton Gu\u00e9nangeois <\/td><td class=\"column-9\">JURY BADMINTON CLUB<\/td><td class=\"column-10\">Basse-ham Badminton Club<\/td><td class=\"column-11\">Richemont Bad<\/td>\n<\/tr>\n<tr class=\"row-3\">\n\t<td class=\"column-1\">R\u00e9sultats<\/td><td class=\"column-2\">2-6<\/td><td class=\"column-3\">0-8<\/td><td class=\"column-4\">0-8<\/td><td class=\"column-5\">1-7<\/td><td class=\"column-6\">2-6<\/td><td class=\"column-7\">0-8<\/td><td class=\"column-8\">0-8<\/td><td class=\"column-9\">0-8<\/td><td class=\"column-10\">0-8<\/td><td class=\"column-11\">1-7<\/td>\n<\/tr>\n<\/tbody>\n<\/table>\n<!-- #tablepress-E82122 from cache -->\n<p>R\u00e9sultat final : 6e (Descente en D3)<\/p>\n<p><a href=\"https:\/\/icbad.ffbad.org\/equipe\/6014\">Composition de l&rsquo;\u00e9quipe<\/a><\/p>\n<p>Romain CLEMENT , Nina KERAUTRET, Claudine CHRETIEN, Herv\u00e9 CRAUSER, Julien LAVEAU, Aline SALVI, Juhi SHARMA, Alexandre PHAM, Lenny HAMONIC, Marine BIE, Arthur SANDERET DE VALONNE<\/p>\n<p style=\"font-style: normal; font-variant-ligatures: normal; font-variant-caps: normal;\"><a href=\"https:\/\/icbad.ffbad.org\/competition\/2100943\">Tableau de poule<\/a><\/p>\n<h5>MBSMB-9 en D4<\/h5>\n<p><a href=\"https:\/\/www.mbsmb.fr\/site\/wp-content\/uploads\/2022\/01\/equipe-9.jpg\" data-rel=\"lightbox-image-3\" data-rl_title=\"\" data-rl_caption=\"\" title=\"\"><img loading=\"lazy\" decoding=\"async\" class=\"alignnone wp-image-1836 size-medium\" src=\"https:\/\/www.mbsmb.fr\/site\/wp-content\/uploads\/2022\/01\/equipe-9-300x225.jpg\" alt=\"\" width=\"300\" height=\"225\" srcset=\"https:\/\/www.mbsmb.fr\/site\/wp-content\/uploads\/2022\/01\/equipe-9-300x225.jpg 300w, https:\/\/www.mbsmb.fr\/site\/wp-content\/uploads\/2022\/01\/equipe-9-768x576.jpg 768w, https:\/\/www.mbsmb.fr\/site\/wp-content\/uploads\/2022\/01\/equipe-9.jpg 800w\" sizes=\"auto, (max-width: 300px) 100vw, 300px\" \/><\/a><\/p>\n\n<table id=\"tablepress-E92122\" class=\"tablepress tablepress-id-E92122\">\n<thead>\n<tr class=\"row-1\">\n\t<th class=\"column-1\">Journ\u00e9es<\/th><th class=\"column-2\">1 \u2013 21\/11<\/th><th class=\"column-3\">2 \u2013 21\/11<\/th><th class=\"column-4\">3 \u2013 12\/12<\/th><th class=\"column-5\">4 \u2013 12\/12<\/th><th class=\"column-6\">5 \u2013 06\/02<\/th><th class=\"column-7\">6 \u2013 06\/02<\/th><th class=\"column-8\">7 \u2013 06\/03<\/th><th class=\"column-9\">8 \u2013 06\/03<\/th><th class=\"column-10\">9 \u2013 10\/04<\/th><th class=\"column-11\">10 \u2013 10\/04<\/th>\n<\/tr>\n<\/thead>\n<tbody>\n<tr class=\"row-2\">\n\t<td class=\"column-1\">Rencontres\t<\/td><td class=\"column-2\">A.s. Cheminots De Metz-badminton<\/td><td class=\"column-3\">JURY BADMINTON CLUB<\/td><td class=\"column-4\">Basse-ham Badminton Club <\/td><td class=\"column-5\">Union Sportive Du Jarnisy<\/td><td class=\"column-6\">Badminton Amanvillois <\/td><td class=\"column-7\">A.s. Cheminots De Metz-badminton<\/td><td class=\"column-8\">JURY BADMINTON CLUB<\/td><td class=\"column-9\">Basse-ham Badminton Club <\/td><td class=\"column-10\">Union Sportive Du Jarny<\/td><td class=\"column-11\">Badminton Amanvillois <\/td>\n<\/tr>\n<tr class=\"row-3\">\n\t<td class=\"column-1\">R\u00e9sultats<\/td><td class=\"column-2\">6-2<\/td><td class=\"column-3\">7-1<\/td><td class=\"column-4\">6-2<\/td><td class=\"column-5\">5-3<\/td><td class=\"column-6\">8-0<\/td><td class=\"column-7\">7-1<\/td><td class=\"column-8\">6-2<\/td><td class=\"column-9\">5-3<\/td><td class=\"column-10\">3-5<\/td><td class=\"column-11\">Victoire par forfait<\/td>\n<\/tr>\n<\/tbody>\n<\/table>\n<!-- #tablepress-E92122 from cache -->\n<p>R\u00e9sultat final : 1er (Mont\u00e9e en D3)<\/p>\n<h6><a href=\"https:\/\/icbad.ffbad.org\/equipe\/6027\">Composition de l&rsquo;\u00e9quipe<\/a><\/h6>\n<p>Eric SANTY , Marine BIE, Lisa DEKIOUK, Jean-phillippe REISCH, Arthur SANDERET DE VALONNE, St\u00e9phan SYNNEVILLE, Daphn\u00e9e HOFFMANN, Jade HAUE, Yi JIAWEY<\/p>\n<h6><a href=\"https:\/\/icbad.ffbad.org\/competition\/2100945\">Tableau de poule<\/a><\/h6>\n<h5>MBSMB-10 en D6<\/h5>\n<p><a href=\"https:\/\/www.mbsmb.fr\/site\/departementale\/equipe-10\/\" rel=\"attachment wp-att-2242\"><img loading=\"lazy\" decoding=\"async\" class=\"alignnone wp-image-2242\" src=\"https:\/\/www.mbsmb.fr\/site\/wp-content\/uploads\/2022\/02\/Equipe-10.jpg\" alt=\"\" width=\"293\" height=\"135\" srcset=\"https:\/\/www.mbsmb.fr\/site\/wp-content\/uploads\/2022\/02\/Equipe-10.jpg 878w, https:\/\/www.mbsmb.fr\/site\/wp-content\/uploads\/2022\/02\/Equipe-10-300x138.jpg 300w, https:\/\/www.mbsmb.fr\/site\/wp-content\/uploads\/2022\/02\/Equipe-10-768x354.jpg 768w\" sizes=\"auto, (max-width: 293px) 100vw, 293px\" \/><\/a><\/p>\n\n<table id=\"tablepress-E102122\" class=\"tablepress tablepress-id-E102122\">\n<thead>\n<tr class=\"row-1\">\n\t<th class=\"column-1\">Journ\u00e9es<\/th><th class=\"column-2\">1 \u2013 21\/11<\/th><th class=\"column-3\">2 \u2013 21\/11<\/th><th class=\"column-4\">3 \u2013 21\/11<\/th><th class=\"column-5\">4 \u2013 12\/12<\/th><th class=\"column-6\">5 \u2013 12\/12<\/th><th class=\"column-7\">6 \u2013 12\/12<\/th><th class=\"column-8\">7 \u2013 06\/02<\/th><th class=\"column-9\">8 \u2013 06\/02<\/th><th class=\"column-10\">9 \u2013 06\/03<\/th><th class=\"column-11\">10 \u2013 06\/03<\/th><th class=\"column-12\">11 \u2013 06\/03<\/th><th class=\"column-13\">12 \u2013 10\/04<\/th><th class=\"column-14\">13 \u2013 10\/04<\/th><th class=\"column-15\">14 \u2013 10\/04<\/th>\n<\/tr>\n<\/thead>\n<tbody>\n<tr class=\"row-2\">\n\t<td class=\"column-1\">Rencontres\t<\/td><td class=\"column-2\">Badminton Club de Sarrebourg<\/td><td class=\"column-3\">Union Sportive Tournebride Hayange<\/td><td class=\"column-4\">Cercle St Jean - Badminton (57-CSJBAD-3)<\/td><td class=\"column-5\">Pournoy La Ch\u00e9tive Badminton<\/td><td class=\"column-6\">Basse-ham Badminton Club<\/td><td class=\"column-7\">Ars Badminton Club<\/td><td class=\"column-8\">Cocheren Badminton Club<\/td><td class=\"column-9\">Badminton Club de Sarrebourg<\/td><td class=\"column-10\">Union Sportive Tournebride Hayange<\/td><td class=\"column-11\">Ars Badminton Club<\/td><td class=\"column-12\">Cocheren Badminton Club<\/td><td class=\"column-13\">Cercle St Jean - Badminton<\/td><td class=\"column-14\">Pournoy La Ch\u00e9tive Badminton<\/td><td class=\"column-15\">Basse-ham Badminton Club<\/td>\n<\/tr>\n<tr class=\"row-3\">\n\t<td class=\"column-1\">R\u00e9sultats<\/td><td class=\"column-2\">1-4<\/td><td class=\"column-3\">1-4<\/td><td class=\"column-4\">2-3<\/td><td class=\"column-5\">1-4<\/td><td class=\"column-6\">2-3<\/td><td class=\"column-7\">0-5<\/td><td class=\"column-8\">2-3<\/td><td class=\"column-9\">1-4<\/td><td class=\"column-10\">4-1<\/td><td class=\"column-11\">1-4<\/td><td class=\"column-12\">5-0<\/td><td class=\"column-13\">1-4<\/td><td class=\"column-14\">2-3<\/td><td class=\"column-15\">2-3<\/td>\n<\/tr>\n<\/tbody>\n<\/table>\n<!-- #tablepress-E102122 from cache -->\n<p>R\u00e9sultat final : 7e<\/p>\n<h6><a href=\"https:\/\/icbad.ffbad.org\/equipe\/7406\">Composition de l&rsquo;\u00e9quipe<\/a><\/h6>\n<p>Arnaud CURE , Christelle BASSELIN, Laura COLLIGNON, Thomas ARNAL, Alexandre KOLATA, Muhammad AHMAD<\/p>\n<h6><a href=\"https:\/\/icbad.ffbad.org\/competition\/2100947\">Tableau de poule<\/a><\/h6>\n<p>&nbsp;<\/p>\n<!-- AddThis Advanced Settings generic via filter on the_content --><!-- AddThis Share Buttons generic via filter on the_content -->","protected":false},"excerpt":{"rendered":"<p>\u00a0\u00a0Pour la saison 2021-2022, le MBSMB engage 5 \u00e9quipes en IC D\u00e9partementales. MBSMB 6 en D1 R\u00e9sultat final : 2e Composition de l&rsquo;\u00e9quipe ici Cyril CHAMPAGNE, \u00a0Dixuan ZHANG, Vincent BEAUBIS, Laurent DE ZOTTI, \u00a0Lorenzo LA MARCA, Soelie REMIATTE, \u00a0Emilie LALOUETTE, Kays ABDMOULEH, Justine CRAUSER, Julie GAZEAU MAILLARD, Jordi DAL PONTE, &hellip;<!-- AddThis Advanced Settings generic via filter on get_the_excerpt --><!-- AddThis Share Buttons generic via filter on get_the_excerpt --><\/p>\n","protected":false},"author":1,"featured_media":0,"parent":0,"menu_order":0,"comment_status":"closed","ping_status":"closed","template":"","meta":{"footnotes":""},"class_list":["post-71","page","type-page","status-publish","hentry"],"yoast_head":"<!-- This site is optimized with the Yoast SEO plugin v26.7 - https:\/\/yoast.com\/wordpress\/plugins\/seo\/ -->\n<title>IC D\u00e9partemental 21\/22 - MBSMB<\/title>\n<meta name=\"robots\" content=\"index, follow, max-snippet:-1, max-image-preview:large, max-video-preview:-1\" \/>\n<link rel=\"canonical\" href=\"https:\/\/www.mbsmb.fr\/site\/departementale\/\" \/>\n<meta property=\"og:locale\" content=\"fr_FR\" \/>\n<meta property=\"og:type\" content=\"article\" \/>\n<meta property=\"og:title\" content=\"IC D\u00e9partemental 21\/22 - MBSMB\" \/>\n<meta property=\"og:description\" content=\"\u00a0\u00a0Pour la saison 2021-2022, le MBSMB engage 5 \u00e9quipes en IC D\u00e9partementales. MBSMB 6 en D1 R\u00e9sultat final : 2e Composition de l&rsquo;\u00e9quipe ici Cyril CHAMPAGNE, \u00a0Dixuan ZHANG, Vincent BEAUBIS, Laurent DE ZOTTI, \u00a0Lorenzo LA MARCA, Soelie REMIATTE, \u00a0Emilie LALOUETTE, Kays ABDMOULEH, Justine CRAUSER, Julie GAZEAU MAILLARD, Jordi DAL PONTE, &hellip;\" \/>\n<meta property=\"og:url\" content=\"https:\/\/www.mbsmb.fr\/site\/departementale\/\" \/>\n<meta property=\"og:site_name\" content=\"MBSMB\" \/>\n<meta property=\"article:publisher\" content=\"https:\/\/www.facebook.com\/metzbansaintmartinbadminton\" \/>\n<meta property=\"article:modified_time\" content=\"2022-09-14T10:00:57+00:00\" \/>\n<meta property=\"og:image\" content=\"https:\/\/www.mbsmb.fr\/site\/wp-content\/uploads\/2022\/01\/FB_IMG_1641804392955-300x169.jpg\" \/>\n<meta name=\"twitter:card\" content=\"summary_large_image\" \/>\n<meta name=\"twitter:label1\" content=\"Dur\u00e9e de lecture estim\u00e9e\" \/>\n\t<meta name=\"twitter:data1\" content=\"3 minutes\" \/>\n<script type=\"application\/ld+json\" class=\"yoast-schema-graph\">{\"@context\":\"https:\/\/schema.org\",\"@graph\":[{\"@type\":\"WebPage\",\"@id\":\"https:\/\/www.mbsmb.fr\/site\/departementale\/\",\"url\":\"https:\/\/www.mbsmb.fr\/site\/departementale\/\",\"name\":\"IC D\u00e9partemental 21\/22 - MBSMB\",\"isPartOf\":{\"@id\":\"https:\/\/www.mbsmb.fr\/site\/#website\"},\"primaryImageOfPage\":{\"@id\":\"https:\/\/www.mbsmb.fr\/site\/departementale\/#primaryimage\"},\"image\":{\"@id\":\"https:\/\/www.mbsmb.fr\/site\/departementale\/#primaryimage\"},\"thumbnailUrl\":\"https:\/\/www.mbsmb.fr\/site\/wp-content\/uploads\/2022\/01\/FB_IMG_1641804392955-300x169.jpg\",\"datePublished\":\"2015-12-21T14:49:35+00:00\",\"dateModified\":\"2022-09-14T10:00:57+00:00\",\"breadcrumb\":{\"@id\":\"https:\/\/www.mbsmb.fr\/site\/departementale\/#breadcrumb\"},\"inLanguage\":\"fr-FR\",\"potentialAction\":[{\"@type\":\"ReadAction\",\"target\":[\"https:\/\/www.mbsmb.fr\/site\/departementale\/\"]}]},{\"@type\":\"ImageObject\",\"inLanguage\":\"fr-FR\",\"@id\":\"https:\/\/www.mbsmb.fr\/site\/departementale\/#primaryimage\",\"url\":\"https:\/\/www.mbsmb.fr\/site\/wp-content\/uploads\/2022\/01\/FB_IMG_1641804392955.jpg\",\"contentUrl\":\"https:\/\/www.mbsmb.fr\/site\/wp-content\/uploads\/2022\/01\/FB_IMG_1641804392955.jpg\",\"width\":960,\"height\":541},{\"@type\":\"BreadcrumbList\",\"@id\":\"https:\/\/www.mbsmb.fr\/site\/departementale\/#breadcrumb\",\"itemListElement\":[{\"@type\":\"ListItem\",\"position\":1,\"name\":\"Accueil\",\"item\":\"https:\/\/www.mbsmb.fr\/site\/\"},{\"@type\":\"ListItem\",\"position\":2,\"name\":\"IC D\u00e9partemental 21\/22\"}]},{\"@type\":\"WebSite\",\"@id\":\"https:\/\/www.mbsmb.fr\/site\/#website\",\"url\":\"https:\/\/www.mbsmb.fr\/site\/\",\"name\":\"MSQB metz saint quentin badminton\",\"description\":\"Metz Ban Saint Martin Badminton\",\"publisher\":{\"@id\":\"https:\/\/www.mbsmb.fr\/site\/#organization\"},\"potentialAction\":[{\"@type\":\"SearchAction\",\"target\":{\"@type\":\"EntryPoint\",\"urlTemplate\":\"https:\/\/www.mbsmb.fr\/site\/?s={search_term_string}\"},\"query-input\":{\"@type\":\"PropertyValueSpecification\",\"valueRequired\":true,\"valueName\":\"search_term_string\"}}],\"inLanguage\":\"fr-FR\"},{\"@type\":\"Organization\",\"@id\":\"https:\/\/www.mbsmb.fr\/site\/#organization\",\"name\":\"msqb\",\"url\":\"https:\/\/www.mbsmb.fr\/site\/\",\"logo\":{\"@type\":\"ImageObject\",\"inLanguage\":\"fr-FR\",\"@id\":\"https:\/\/www.mbsmb.fr\/site\/#\/schema\/logo\/image\/\",\"url\":\"http:\/\/www.msqb.fr\/site\/wp-content\/uploads\/2015\/12\/msqb_logo1.png\",\"contentUrl\":\"http:\/\/www.msqb.fr\/site\/wp-content\/uploads\/2015\/12\/msqb_logo1.png\",\"width\":996,\"height\":996,\"caption\":\"msqb\"},\"image\":{\"@id\":\"https:\/\/www.mbsmb.fr\/site\/#\/schema\/logo\/image\/\"},\"sameAs\":[\"https:\/\/www.facebook.com\/metzbansaintmartinbadminton\"]}]}<\/script>\n<!-- \/ Yoast SEO plugin. -->","yoast_head_json":{"title":"IC D\u00e9partemental 21\/22 - MBSMB","robots":{"index":"index","follow":"follow","max-snippet":"max-snippet:-1","max-image-preview":"max-image-preview:large","max-video-preview":"max-video-preview:-1"},"canonical":"https:\/\/www.mbsmb.fr\/site\/departementale\/","og_locale":"fr_FR","og_type":"article","og_title":"IC D\u00e9partemental 21\/22 - MBSMB","og_description":"\u00a0\u00a0Pour la saison 2021-2022, le MBSMB engage 5 \u00e9quipes en IC D\u00e9partementales. MBSMB 6 en D1 R\u00e9sultat final : 2e Composition de l&rsquo;\u00e9quipe ici Cyril CHAMPAGNE, \u00a0Dixuan ZHANG, Vincent BEAUBIS, Laurent DE ZOTTI, \u00a0Lorenzo LA MARCA, Soelie REMIATTE, \u00a0Emilie LALOUETTE, Kays ABDMOULEH, Justine CRAUSER, Julie GAZEAU MAILLARD, Jordi DAL PONTE, &hellip;","og_url":"https:\/\/www.mbsmb.fr\/site\/departementale\/","og_site_name":"MBSMB","article_publisher":"https:\/\/www.facebook.com\/metzbansaintmartinbadminton","article_modified_time":"2022-09-14T10:00:57+00:00","og_image":[{"url":"https:\/\/www.mbsmb.fr\/site\/wp-content\/uploads\/2022\/01\/FB_IMG_1641804392955-300x169.jpg","type":"","width":"","height":""}],"twitter_card":"summary_large_image","twitter_misc":{"Dur\u00e9e de lecture estim\u00e9e":"3 minutes"},"schema":{"@context":"https:\/\/schema.org","@graph":[{"@type":"WebPage","@id":"https:\/\/www.mbsmb.fr\/site\/departementale\/","url":"https:\/\/www.mbsmb.fr\/site\/departementale\/","name":"IC D\u00e9partemental 21\/22 - MBSMB","isPartOf":{"@id":"https:\/\/www.mbsmb.fr\/site\/#website"},"primaryImageOfPage":{"@id":"https:\/\/www.mbsmb.fr\/site\/departementale\/#primaryimage"},"image":{"@id":"https:\/\/www.mbsmb.fr\/site\/departementale\/#primaryimage"},"thumbnailUrl":"https:\/\/www.mbsmb.fr\/site\/wp-content\/uploads\/2022\/01\/FB_IMG_1641804392955-300x169.jpg","datePublished":"2015-12-21T14:49:35+00:00","dateModified":"2022-09-14T10:00:57+00:00","breadcrumb":{"@id":"https:\/\/www.mbsmb.fr\/site\/departementale\/#breadcrumb"},"inLanguage":"fr-FR","potentialAction":[{"@type":"ReadAction","target":["https:\/\/www.mbsmb.fr\/site\/departementale\/"]}]},{"@type":"ImageObject","inLanguage":"fr-FR","@id":"https:\/\/www.mbsmb.fr\/site\/departementale\/#primaryimage","url":"https:\/\/www.mbsmb.fr\/site\/wp-content\/uploads\/2022\/01\/FB_IMG_1641804392955.jpg","contentUrl":"https:\/\/www.mbsmb.fr\/site\/wp-content\/uploads\/2022\/01\/FB_IMG_1641804392955.jpg","width":960,"height":541},{"@type":"BreadcrumbList","@id":"https:\/\/www.mbsmb.fr\/site\/departementale\/#breadcrumb","itemListElement":[{"@type":"ListItem","position":1,"name":"Accueil","item":"https:\/\/www.mbsmb.fr\/site\/"},{"@type":"ListItem","position":2,"name":"IC D\u00e9partemental 21\/22"}]},{"@type":"WebSite","@id":"https:\/\/www.mbsmb.fr\/site\/#website","url":"https:\/\/www.mbsmb.fr\/site\/","name":"MSQB metz saint quentin badminton","description":"Metz Ban Saint Martin Badminton","publisher":{"@id":"https:\/\/www.mbsmb.fr\/site\/#organization"},"potentialAction":[{"@type":"SearchAction","target":{"@type":"EntryPoint","urlTemplate":"https:\/\/www.mbsmb.fr\/site\/?s={search_term_string}"},"query-input":{"@type":"PropertyValueSpecification","valueRequired":true,"valueName":"search_term_string"}}],"inLanguage":"fr-FR"},{"@type":"Organization","@id":"https:\/\/www.mbsmb.fr\/site\/#organization","name":"msqb","url":"https:\/\/www.mbsmb.fr\/site\/","logo":{"@type":"ImageObject","inLanguage":"fr-FR","@id":"https:\/\/www.mbsmb.fr\/site\/#\/schema\/logo\/image\/","url":"http:\/\/www.msqb.fr\/site\/wp-content\/uploads\/2015\/12\/msqb_logo1.png","contentUrl":"http:\/\/www.msqb.fr\/site\/wp-content\/uploads\/2015\/12\/msqb_logo1.png","width":996,"height":996,"caption":"msqb"},"image":{"@id":"https:\/\/www.mbsmb.fr\/site\/#\/schema\/logo\/image\/"},"sameAs":["https:\/\/www.facebook.com\/metzbansaintmartinbadminton"]}]}},"_links":{"self":[{"href":"https:\/\/www.mbsmb.fr\/site\/wp-json\/wp\/v2\/pages\/71","targetHints":{"allow":["GET"]}}],"collection":[{"href":"https:\/\/www.mbsmb.fr\/site\/wp-json\/wp\/v2\/pages"}],"about":[{"href":"https:\/\/www.mbsmb.fr\/site\/wp-json\/wp\/v2\/types\/page"}],"author":[{"embeddable":true,"href":"https:\/\/www.mbsmb.fr\/site\/wp-json\/wp\/v2\/users\/1"}],"replies":[{"embeddable":true,"href":"https:\/\/www.mbsmb.fr\/site\/wp-json\/wp\/v2\/comments?post=71"}],"version-history":[{"count":41,"href":"https:\/\/www.mbsmb.fr\/site\/wp-json\/wp\/v2\/pages\/71\/revisions"}],"predecessor-version":[{"id":2551,"href":"https:\/\/www.mbsmb.fr\/site\/wp-json\/wp\/v2\/pages\/71\/revisions\/2551"}],"wp:attachment":[{"href":"https:\/\/www.mbsmb.fr\/site\/wp-json\/wp\/v2\/media?parent=71"}],"curies":[{"name":"wp","href":"https:\/\/api.w.org\/{rel}","templated":true}]}}