{"id":69,"date":"2015-12-21T15:49:19","date_gmt":"2015-12-21T14:49:19","guid":{"rendered":"http:\/\/www.msqb.fr\/site2\/?page_id=69"},"modified":"2022-09-14T11:14:28","modified_gmt":"2022-09-14T10:14:28","slug":"regionale","status":"publish","type":"page","link":"https:\/\/www.mbsmb.fr\/site\/regionale\/","title":{"rendered":"Nationale 3, Pr\u00e9-Nationale &#038; R\u00e9gionale 21\/22"},"content":{"rendered":"<h4>Sur la saison 2021-2022, le MBSMB engage 10 \u00e9quipes dont une en N3, deux en Pr\u00e9-Nationale et deux en R\u00e9gionale.<\/h4>\n<h5 style=\"text-align: left;\">L&rsquo;\u00e9quipe 1 de la saison 2021-2022, en Nationale 3<\/h5>\n<p><img loading=\"lazy\" decoding=\"async\" class=\" wp-image-1769 alignleft\" src=\"https:\/\/www.mbsmb.fr\/site\/wp-content\/uploads\/2021\/10\/20210925_154640-300x146.jpg\" alt=\"\" width=\"375\" height=\"182\" srcset=\"https:\/\/www.mbsmb.fr\/site\/wp-content\/uploads\/2021\/10\/20210925_154640-300x146.jpg 300w, https:\/\/www.mbsmb.fr\/site\/wp-content\/uploads\/2021\/10\/20210925_154640-1024x498.jpg 1024w, https:\/\/www.mbsmb.fr\/site\/wp-content\/uploads\/2021\/10\/20210925_154640-768x373.jpg 768w, https:\/\/www.mbsmb.fr\/site\/wp-content\/uploads\/2021\/10\/20210925_154640-1536x747.jpg 1536w, https:\/\/www.mbsmb.fr\/site\/wp-content\/uploads\/2021\/10\/20210925_154640-2048x996.jpg 2048w, https:\/\/www.mbsmb.fr\/site\/wp-content\/uploads\/2021\/10\/20210925_154640-1440x700.jpg 1440w\" sizes=\"auto, (max-width: 375px) 100vw, 375px\" \/><\/p>\n<p>&nbsp;<\/p>\n<p>&nbsp;<\/p>\n<p>&nbsp;<\/p>\n<p>&nbsp;<\/p>\n<p>&nbsp;<\/p>\n\n<table id=\"tablepress-E12122\" class=\"tablepress tablepress-id-E12122\">\n<thead>\n<tr class=\"row-1\">\n\t<th class=\"column-1\">Journ\u00e9es<\/th><th class=\"column-2\">1 \u2013 25\/09<\/th><th class=\"column-3\">2 \u2013 16\/10<\/th><th class=\"column-4\">3 \u2013 20\/11<\/th><th class=\"column-5\">4 \u2013 11\/12<\/th><th class=\"column-6\">5 \u2013 08\/01<\/th><th class=\"column-7\">6 \u2013 29\/01<\/th><th class=\"column-8\">7 \u2013 12\/02<\/th><th class=\"column-9\">8 \u2013 05\/03<\/th><th class=\"column-10\">9 \u2013 19\/03<\/th><th class=\"column-11\">10 \u2013 23\/04<\/th>\n<\/tr>\n<\/thead>\n<tbody>\n<tr class=\"row-2\">\n\t<td class=\"column-1\">Rencontres\t<\/td><td class=\"column-2\">Tennis Squash<br \/>\nBadminton Jarville<\/td><td class=\"column-3\">Badminton Nancy<br \/>\nVillers<\/td><td class=\"column-4\">Sarreguemines<br \/>\nBadminton<\/td><td class=\"column-5\">Entente Nord Alsace<br \/>\nBadminton<\/td><td class=\"column-6\">Asptt Strasbourg<\/td><td class=\"column-7\">Tennis Squash<br \/>\nBadminton Jarville<\/td><td class=\"column-8\">Badminton Nancy<br \/>\nVillers<\/td><td class=\"column-9\">Sarreguemines<br \/>\nBadminton<\/td><td class=\"column-10\">Entente Nord Alsace<br \/>\nBadminton<\/td><td class=\"column-11\">Asptt Strasbourg<\/td>\n<\/tr>\n<tr class=\"row-3\">\n\t<td class=\"column-1\">R\u00e9sultats<\/td><td class=\"column-2\">8-0<\/td><td class=\"column-3\">7-1<\/td><td class=\"column-4\">7-1<\/td><td class=\"column-5\">7-1<\/td><td class=\"column-6\">7-1<\/td><td class=\"column-7\">6-2<\/td><td class=\"column-8\">5-3<\/td><td class=\"column-9\">5-3<\/td><td class=\"column-10\">6-2<\/td><td class=\"column-11\">4-4<\/td>\n<\/tr>\n<\/tbody>\n<\/table>\n<!-- #tablepress-E12122 from cache -->\n<p>R\u00e9sultat de poule : 1er\u00a0 et monte en N2 suite \u00e0 la journ\u00e9e de barrage !<\/p>\n<h6><a href=\"https:\/\/icbad.ffbad.org\/equipe\/2766\">Composition de l&rsquo;\u00e9quipe<\/a><\/h6>\n<p>Florent THIBOT, Wiktoria ADAMEK, Anais GAZEAU MAILLARD, Maurine LECLERC, Alexandre BAUDET , Yannick DUPIRE, \u00a0Krzysztof JAKOWCZUK, Patryk KORDEK, Maximilien LAMBLOT, Romane LECLERC,\u00a0 Gael VELASCO, Manon STENGER, \u00a0Anna DUDA, Marianne CLEMENTE .<\/p>\n<h6><a href=\"https:\/\/icbad.ffbad.org\/competition\/2100535\">Tableau de poule<\/a><\/h6>\n<p>&nbsp;<\/p>\n<h5>Les \u00e9quipes 2 et 3 (Pr\u00e9-nationale)<\/h5>\n<h6>Equipe 2<\/h6>\n<h5 style=\"font-style: normal; font-variant-ligatures: normal; font-variant-caps: normal;\"><img loading=\"lazy\" decoding=\"async\" class=\"alignnone size-medium wp-image-1832\" style=\"font-family: 'Open Sans Condensed'; font-style: normal; font-variant-ligatures: normal; font-variant-caps: normal; font-weight: 300; font-size: 1.43em;\" src=\"https:\/\/www.mbsmb.fr\/site\/wp-content\/uploads\/2022\/01\/FB_IMG_1641804398474-300x225.jpg\" alt=\"\" width=\"300\" height=\"225\" srcset=\"https:\/\/www.mbsmb.fr\/site\/wp-content\/uploads\/2022\/01\/FB_IMG_1641804398474-300x225.jpg 300w, https:\/\/www.mbsmb.fr\/site\/wp-content\/uploads\/2022\/01\/FB_IMG_1641804398474-768x576.jpg 768w, https:\/\/www.mbsmb.fr\/site\/wp-content\/uploads\/2022\/01\/FB_IMG_1641804398474.jpg 960w\" sizes=\"auto, (max-width: 300px) 100vw, 300px\" \/><\/h5>\n<h6>\n<table id=\"tablepress-E22122\" class=\"tablepress tablepress-id-E22122\">\n<thead>\n<tr class=\"row-1\">\n\t<th class=\"column-1\">Journ\u00e9es<\/th><th class=\"column-2\">1 \u2013 17\/10<\/th><th class=\"column-3\">2 \u2013 17\/10<\/th><th class=\"column-4\">3 \u2013 12\/12<\/th><th class=\"column-5\">4 \u2013 12\/12<\/th><th class=\"column-6\">5 \u2013 06\/02<\/th><th class=\"column-7\">6 \u2013 06\/02<\/th><th class=\"column-8\">7 \u2013 06\/03<\/th><th class=\"column-9\">8 \u2013 06\/03<\/th><th class=\"column-10\">9 \u2013 10\/04<\/th><th class=\"column-11\">10 \u2013 10\/04<\/th>\n<\/tr>\n<\/thead>\n<tbody>\n<tr class=\"row-2\">\n\t<td class=\"column-1\">Rencontres\t<\/td><td class=\"column-2\">Basse-ham Badminton Club<\/td><td class=\"column-3\">Reims M\u00e9tropole Badminton<\/td><td class=\"column-4\">Badminton Marly-Metz-Cuvry<\/td><td class=\"column-5\">Patronages Laiques De Troyes<\/td><td class=\"column-6\">La Plume De Charleville<\/td><td class=\"column-7\">Basse-ham Badminton Club<\/td><td class=\"column-8\">Reims M\u00e9tropole Badminton<\/td><td class=\"column-9\">Badminton Marly-Metz-Cuvry<\/td><td class=\"column-10\">Patronages Laiques De Troyes<\/td><td class=\"column-11\">La Plume De Charleville<\/td>\n<\/tr>\n<tr class=\"row-3\">\n\t<td class=\"column-1\">R\u00e9sultats<\/td><td class=\"column-2\">4-4<\/td><td class=\"column-3\">7-1<\/td><td class=\"column-4\">8-0<\/td><td class=\"column-5\">8-0<\/td><td class=\"column-6\">5-3<\/td><td class=\"column-7\">3-5<\/td><td class=\"column-8\">5-3<\/td><td class=\"column-9\">6-2<\/td><td class=\"column-10\">8-0<\/td><td class=\"column-11\">5-3<\/td>\n<\/tr>\n<\/tbody>\n<\/table>\n<!-- #tablepress-E22122 from cache --><\/h6>\n<p>R\u00e9sultat de poule : 1er mais ne monte pas suite \u00e0 la journ\u00e9e de barrage<\/p>\n<h6><a href=\"https:\/\/icbad.ffbad.org\/equipe\/4281\">Composition de l&rsquo;\u00e9quipe<\/a><\/h6>\n<p>Jacques-Yves LONG, Anna DUDA , Lara HEZARD\u00a0, Romane LECLERC , Ida dominika WISNIEWSKA, Cuong duy DINH XUAN, Jean HOUPERT, Wiktoria ADAMEK, Patryk KORDEK, Christophe LECLERC , Simon LIENARD, Jules RISS, C\u00e9lestin SCHMITT<\/p>\n<h6>Equipe 3<\/h6>\n<h5 style=\"font-style: normal; font-variant-ligatures: normal; font-variant-caps: normal;\"><img loading=\"lazy\" decoding=\"async\" class=\"alignnone size-medium wp-image-1833\" src=\"https:\/\/www.mbsmb.fr\/site\/wp-content\/uploads\/2022\/01\/FB_IMG_1641804373572-300x225.jpg\" alt=\"\" width=\"300\" height=\"225\" srcset=\"https:\/\/www.mbsmb.fr\/site\/wp-content\/uploads\/2022\/01\/FB_IMG_1641804373572-300x225.jpg 300w, https:\/\/www.mbsmb.fr\/site\/wp-content\/uploads\/2022\/01\/FB_IMG_1641804373572-768x576.jpg 768w, https:\/\/www.mbsmb.fr\/site\/wp-content\/uploads\/2022\/01\/FB_IMG_1641804373572.jpg 960w\" sizes=\"auto, (max-width: 300px) 100vw, 300px\" \/><\/h5>\n\n<table id=\"tablepress-E32122\" class=\"tablepress tablepress-id-E32122\">\n<thead>\n<tr class=\"row-1\">\n\t<th class=\"column-1\">Journ\u00e9es<\/th><th class=\"column-2\">1 \u2013 17\/10<\/th><th class=\"column-3\">2 \u2013 17\/10<\/th><th class=\"column-4\">3 \u2013 12\/12<\/th><th class=\"column-5\">4 \u2013 12\/12<\/th><th class=\"column-6\">5 \u2013 06\/02<\/th><th class=\"column-7\">6 \u2013 06\/02<\/th><th class=\"column-8\">7 \u2013 06\/03<\/th><th class=\"column-9\">8 \u2013 06\/03<\/th><th class=\"column-10\">9 \u2013 10\/04<\/th><th class=\"column-11\">10 \u2013 10\/04<\/th>\n<\/tr>\n<\/thead>\n<tbody>\n<tr class=\"row-2\">\n\t<td class=\"column-1\">Rencontres\t<\/td><td class=\"column-2\">Omnisports Frouard Pompey Bad<\/td><td class=\"column-3\">Patronages Laiques De Troyes<\/td><td class=\"column-4\">BADMINTON GONDREVILLE<\/td><td class=\"column-5\">Club Badminton Epinal<\/td><td class=\"column-6\">Dommartemont Badminton Club<\/td><td class=\"column-7\">Omnisports Frouard Pompey Bad<\/td><td class=\"column-8\">Patronages Laiques De Troyes<\/td><td class=\"column-9\">BADMINTON GONDREVILLE<\/td><td class=\"column-10\">Club Badminton Epinal<\/td><td class=\"column-11\">Dommartemont Badminton Club<\/td>\n<\/tr>\n<tr class=\"row-3\">\n\t<td class=\"column-1\">R\u00e9sultats<\/td><td class=\"column-2\">7-0<\/td><td class=\"column-3\">0-7<\/td><td class=\"column-4\">1-7<\/td><td class=\"column-5\">2-6<\/td><td class=\"column-6\">4-4<\/td><td class=\"column-7\">7-1<\/td><td class=\"column-8\">6-2<\/td><td class=\"column-9\">1-7<\/td><td class=\"column-10\">5-3<\/td><td class=\"column-11\">5-3<\/td>\n<\/tr>\n<\/tbody>\n<\/table>\n<!-- #tablepress-E32122 from cache -->\n<p>R\u00e9sultat de poule : 3e<\/p>\n<h6><a href=\"https:\/\/icbad.ffbad.org\/equipe\/4275\">Composition de l&rsquo;\u00e9quipe<\/a><\/h6>\n<p>Corentin SAHM, Corinne ALTERMATT, Perrine BOZEK-LINDER, Gautier SAYSANA, Tristan BACHE, Manon STENGER, Marianne CLEMENTE, Lionel L&rsquo;HOSTE, Marianne CLEMENTE, Romane LECLERC, \u00a0L\u00e9o FRIEDMANN, Thibaut SCHMITT<\/p>\n<h6><a href=\"https:\/\/icbad.ffbad.org\/competition\/2100665\">Tableaux de poule (Poule A et B)<\/a><\/h6>\n<p>&nbsp;<\/p>\n<h5>Les \u00e9quipes 4 et 5 (R\u00e9gionale 2)<\/h5>\n<h6>Equipe 4<\/h6>\n<h5 style=\"font-style: normal; font-variant-ligatures: normal; font-variant-caps: normal;\"><img loading=\"lazy\" decoding=\"async\" class=\"alignnone size-medium wp-image-1828\" src=\"https:\/\/www.mbsmb.fr\/site\/wp-content\/uploads\/2022\/01\/FB_IMG_1641804473209-300x225.jpg\" alt=\"\" width=\"300\" height=\"225\" srcset=\"https:\/\/www.mbsmb.fr\/site\/wp-content\/uploads\/2022\/01\/FB_IMG_1641804473209-300x225.jpg 300w, https:\/\/www.mbsmb.fr\/site\/wp-content\/uploads\/2022\/01\/FB_IMG_1641804473209-768x576.jpg 768w, https:\/\/www.mbsmb.fr\/site\/wp-content\/uploads\/2022\/01\/FB_IMG_1641804473209.jpg 960w\" sizes=\"auto, (max-width: 300px) 100vw, 300px\" \/><\/h5>\n\n<table id=\"tablepress-E42122\" class=\"tablepress tablepress-id-E42122\">\n<thead>\n<tr class=\"row-1\">\n\t<th class=\"column-1\">Journ\u00e9es<\/th><th class=\"column-2\">1 \u2013 17\/10<\/th><th class=\"column-3\">2 \u2013 17\/10<\/th><th class=\"column-4\">3 \u2013 12\/12<\/th><th class=\"column-5\">4 \u2013 12\/12<\/th><th class=\"column-6\">5 \u2013 06\/02<\/th><th class=\"column-7\">6 \u2013 06\/02<\/th><th class=\"column-8\">7 \u2013 06\/03<\/th><th class=\"column-9\">8 \u2013 06\/03<\/th><th class=\"column-10\">9 \u2013 10\/04<\/th><th class=\"column-11\">10 \u2013 10\/04<\/th>\n<\/tr>\n<\/thead>\n<tbody>\n<tr class=\"row-2\">\n\t<td class=\"column-1\">Rencontres\t<\/td><td class=\"column-2\">La Plume De Charleville<\/td><td class=\"column-3\">Basse-ham Badminton Club<\/td><td class=\"column-4\">Reims Europe Club Badminton<\/td><td class=\"column-5\">Les Affranchis du Volant du Rail<\/td><td class=\"column-6\">Badminton Ass Dynamique Tinqueux<\/td><td class=\"column-7\">La Plume De Charleville<\/td><td class=\"column-8\">Basse-ham Badminton Club<\/td><td class=\"column-9\">Reims Europe Club Badminton<\/td><td class=\"column-10\">Les Affranchis du Volant du Rail<\/td><td class=\"column-11\">Badminton Ass Dynamique Tinqueux<\/td>\n<\/tr>\n<tr class=\"row-3\">\n\t<td class=\"column-1\">R\u00e9sultats<\/td><td class=\"column-2\">-<\/td><td class=\"column-3\">-<\/td><td class=\"column-4\">6-2<\/td><td class=\"column-5\">6-2<\/td><td class=\"column-6\">6-2<\/td><td class=\"column-7\">4-4<\/td><td class=\"column-8\">4-4<\/td><td class=\"column-9\">7-1<\/td><td class=\"column-10\">5-3<\/td><td class=\"column-11\">4-4<\/td>\n<\/tr>\n<\/tbody>\n<\/table>\n<!-- #tablepress-E42122 from cache -->\n<p>R\u00e9sultat de poule : 1er et monte en R1 suite \u00e0 la journ\u00e9e de barrage !<\/p>\n<h6><a href=\"https:\/\/icbad.ffbad.org\/equipe\/4940\">Composition de l&rsquo;\u00e9quipe<\/a><\/h6>\n<p>Marie DAUMAS, Citlali BICHET, Anna LALOUETTE, Xavier BOZEK, Simon DAMEME, Robin JOUETTE, Dimitri MOREL, Olivier RAULOT<\/p>\n<p>&nbsp;<\/p>\n<h6>Equipe 5<\/h6>\n<h5 style=\"font-style: normal; font-variant-ligatures: normal; font-variant-caps: normal;\"><img loading=\"lazy\" decoding=\"async\" class=\"alignnone size-medium wp-image-1829\" style=\"font-family: 'Open Sans Condensed'; font-size: 1.43em; font-style: normal; font-variant-ligatures: normal; font-variant-caps: normal; font-weight: 300;\" src=\"https:\/\/www.mbsmb.fr\/site\/wp-content\/uploads\/2022\/01\/FB_IMG_1641804378625-300x225.jpg\" alt=\"\" width=\"300\" height=\"225\" srcset=\"https:\/\/www.mbsmb.fr\/site\/wp-content\/uploads\/2022\/01\/FB_IMG_1641804378625-300x225.jpg 300w, https:\/\/www.mbsmb.fr\/site\/wp-content\/uploads\/2022\/01\/FB_IMG_1641804378625-768x576.jpg 768w, https:\/\/www.mbsmb.fr\/site\/wp-content\/uploads\/2022\/01\/FB_IMG_1641804378625.jpg 816w\" sizes=\"auto, (max-width: 300px) 100vw, 300px\" \/><\/h5>\n\n<table id=\"tablepress-E52122\" class=\"tablepress tablepress-id-E52122\">\n<thead>\n<tr class=\"row-1\">\n\t<th class=\"column-1\">Journ\u00e9es<\/th><th class=\"column-2\">1 \u2013 17\/10<\/th><th class=\"column-3\">2 \u2013 17\/10<\/th><th class=\"column-4\">3 \u2013 12\/12<\/th><th class=\"column-5\">4 \u2013 12\/12<\/th><th class=\"column-6\">5 \u2013 06\/02<\/th><th class=\"column-7\">6 \u2013 06\/02<\/th><th class=\"column-8\">7 \u2013 06\/03<\/th><th class=\"column-9\">8 \u2013 06\/03<\/th><th class=\"column-10\">9 \u2013 10\/04<\/th><th class=\"column-11\">10 \u2013 10\/04<\/th>\n<\/tr>\n<\/thead>\n<tbody>\n<tr class=\"row-2\">\n\t<td class=\"column-1\">Rencontres\t<\/td><td class=\"column-2\">Sport Athletique Verdunois<\/td><td class=\"column-3\">Badminton Marly-Metz-Cuvry<\/td><td class=\"column-4\">As. Bad. Crehange Faulquemont<\/td><td class=\"column-5\">Cercle St Jean - Badminton <\/td><td class=\"column-6\">A.s. Badminton Pont A Mousson<\/td><td class=\"column-7\">Sport Athletique Verdunois<\/td><td class=\"column-8\">Badminton Marly-Metz-Cuvry<\/td><td class=\"column-9\">As. Bad. Crehange Faulquemont<\/td><td class=\"column-10\">Cercle St Jean - Badminton <\/td><td class=\"column-11\">A.s. Badminton Pont A Mousson<\/td>\n<\/tr>\n<tr class=\"row-3\">\n\t<td class=\"column-1\">R\u00e9sultats<\/td><td class=\"column-2\">0-7<\/td><td class=\"column-3\">-<\/td><td class=\"column-4\">2-6<\/td><td class=\"column-5\">5-3<\/td><td class=\"column-6\">2-6<\/td><td class=\"column-7\">2-6<\/td><td class=\"column-8\">2-6<\/td><td class=\"column-9\">6-2<\/td><td class=\"column-10\">5-3<\/td><td class=\"column-11\">4-4<\/td>\n<\/tr>\n<\/tbody>\n<\/table>\n<!-- #tablepress-E52122 from cache -->\n<p>R\u00e9sultat de poule : 4e<\/p>\n<h6><a href=\"https:\/\/icbad.ffbad.org\/equipe\/4946\">Composition de l&rsquo;\u00e9quipe<\/a><\/h6>\n<p>Hadrien KOENIG, Emmanuelle FLECK, Justine CRAUSER, Manon GENTILHOMME, Jordi DAL PONTE, Emmanuel HANOT, Heifara MORHAIN, C\u00e9lestin SCHMITT, Eric ZAPP, Tanim AHMED, Robin CUDIZIO<\/p>\n<h6><a href=\"https:\/\/icbad.ffbad.org\/competition\/2100673\">Tableaux de poule (Poule B et C)<\/a><\/h6>\n<!-- AddThis Advanced Settings generic via filter on the_content --><!-- AddThis Share Buttons generic via filter on the_content -->","protected":false},"excerpt":{"rendered":"<p>Sur la saison 2021-2022, le MBSMB engage 10 \u00e9quipes dont une en N3, deux en Pr\u00e9-Nationale et deux en R\u00e9gionale. L&rsquo;\u00e9quipe 1 de la saison 2021-2022, en Nationale 3 &nbsp; &nbsp; &nbsp; &nbsp; &nbsp; R\u00e9sultat de poule : 1er\u00a0 et monte en N2 suite \u00e0 la journ\u00e9e de barrage ! &hellip;<!-- AddThis Advanced Settings generic via filter on get_the_excerpt --><!-- AddThis Share Buttons generic via filter on get_the_excerpt --><\/p>\n","protected":false},"author":1,"featured_media":0,"parent":0,"menu_order":0,"comment_status":"closed","ping_status":"closed","template":"","meta":{"footnotes":""},"class_list":["post-69","page","type-page","status-publish","hentry"],"yoast_head":"<!-- This site is optimized with the Yoast SEO plugin v26.7 - https:\/\/yoast.com\/wordpress\/plugins\/seo\/ -->\n<title>Nationale 3, Pr\u00e9-Nationale &amp; R\u00e9gionale 21\/22 - MBSMB<\/title>\n<meta name=\"robots\" content=\"index, follow, max-snippet:-1, max-image-preview:large, max-video-preview:-1\" \/>\n<link rel=\"canonical\" href=\"https:\/\/www.mbsmb.fr\/site\/regionale\/\" \/>\n<meta property=\"og:locale\" content=\"fr_FR\" \/>\n<meta property=\"og:type\" content=\"article\" \/>\n<meta property=\"og:title\" content=\"Nationale 3, Pr\u00e9-Nationale &amp; R\u00e9gionale 21\/22 - MBSMB\" \/>\n<meta property=\"og:description\" content=\"Sur la saison 2021-2022, le MBSMB engage 10 \u00e9quipes dont une en N3, deux en Pr\u00e9-Nationale et deux en R\u00e9gionale. L&rsquo;\u00e9quipe 1 de la saison 2021-2022, en Nationale 3 &nbsp; &nbsp; &nbsp; &nbsp; &nbsp; R\u00e9sultat de poule : 1er\u00a0 et monte en N2 suite \u00e0 la journ\u00e9e de barrage ! &hellip;\" \/>\n<meta property=\"og:url\" content=\"https:\/\/www.mbsmb.fr\/site\/regionale\/\" \/>\n<meta property=\"og:site_name\" content=\"MBSMB\" \/>\n<meta property=\"article:publisher\" content=\"https:\/\/www.facebook.com\/metzbansaintmartinbadminton\" \/>\n<meta property=\"article:modified_time\" content=\"2022-09-14T10:14:28+00:00\" \/>\n<meta property=\"og:image\" content=\"https:\/\/www.mbsmb.fr\/site\/wp-content\/uploads\/2021\/10\/20210925_154640-300x146.jpg\" \/>\n<meta name=\"twitter:card\" content=\"summary_large_image\" \/>\n<meta name=\"twitter:label1\" content=\"Dur\u00e9e de lecture estim\u00e9e\" \/>\n\t<meta name=\"twitter:data1\" content=\"3 minutes\" \/>\n<script type=\"application\/ld+json\" class=\"yoast-schema-graph\">{\"@context\":\"https:\/\/schema.org\",\"@graph\":[{\"@type\":\"WebPage\",\"@id\":\"https:\/\/www.mbsmb.fr\/site\/regionale\/\",\"url\":\"https:\/\/www.mbsmb.fr\/site\/regionale\/\",\"name\":\"Nationale 3, Pr\u00e9-Nationale & R\u00e9gionale 21\/22 - MBSMB\",\"isPartOf\":{\"@id\":\"https:\/\/www.mbsmb.fr\/site\/#website\"},\"primaryImageOfPage\":{\"@id\":\"https:\/\/www.mbsmb.fr\/site\/regionale\/#primaryimage\"},\"image\":{\"@id\":\"https:\/\/www.mbsmb.fr\/site\/regionale\/#primaryimage\"},\"thumbnailUrl\":\"https:\/\/www.mbsmb.fr\/site\/wp-content\/uploads\/2021\/10\/20210925_154640-300x146.jpg\",\"datePublished\":\"2015-12-21T14:49:19+00:00\",\"dateModified\":\"2022-09-14T10:14:28+00:00\",\"breadcrumb\":{\"@id\":\"https:\/\/www.mbsmb.fr\/site\/regionale\/#breadcrumb\"},\"inLanguage\":\"fr-FR\",\"potentialAction\":[{\"@type\":\"ReadAction\",\"target\":[\"https:\/\/www.mbsmb.fr\/site\/regionale\/\"]}]},{\"@type\":\"ImageObject\",\"inLanguage\":\"fr-FR\",\"@id\":\"https:\/\/www.mbsmb.fr\/site\/regionale\/#primaryimage\",\"url\":\"https:\/\/www.mbsmb.fr\/site\/wp-content\/uploads\/2021\/10\/20210925_154640-300x146.jpg\",\"contentUrl\":\"https:\/\/www.mbsmb.fr\/site\/wp-content\/uploads\/2021\/10\/20210925_154640-300x146.jpg\"},{\"@type\":\"BreadcrumbList\",\"@id\":\"https:\/\/www.mbsmb.fr\/site\/regionale\/#breadcrumb\",\"itemListElement\":[{\"@type\":\"ListItem\",\"position\":1,\"name\":\"Accueil\",\"item\":\"https:\/\/www.mbsmb.fr\/site\/\"},{\"@type\":\"ListItem\",\"position\":2,\"name\":\"Nationale 3, Pr\u00e9-Nationale &#038; R\u00e9gionale 21\/22\"}]},{\"@type\":\"WebSite\",\"@id\":\"https:\/\/www.mbsmb.fr\/site\/#website\",\"url\":\"https:\/\/www.mbsmb.fr\/site\/\",\"name\":\"MSQB metz saint quentin badminton\",\"description\":\"Metz Ban Saint Martin Badminton\",\"publisher\":{\"@id\":\"https:\/\/www.mbsmb.fr\/site\/#organization\"},\"potentialAction\":[{\"@type\":\"SearchAction\",\"target\":{\"@type\":\"EntryPoint\",\"urlTemplate\":\"https:\/\/www.mbsmb.fr\/site\/?s={search_term_string}\"},\"query-input\":{\"@type\":\"PropertyValueSpecification\",\"valueRequired\":true,\"valueName\":\"search_term_string\"}}],\"inLanguage\":\"fr-FR\"},{\"@type\":\"Organization\",\"@id\":\"https:\/\/www.mbsmb.fr\/site\/#organization\",\"name\":\"msqb\",\"url\":\"https:\/\/www.mbsmb.fr\/site\/\",\"logo\":{\"@type\":\"ImageObject\",\"inLanguage\":\"fr-FR\",\"@id\":\"https:\/\/www.mbsmb.fr\/site\/#\/schema\/logo\/image\/\",\"url\":\"http:\/\/www.msqb.fr\/site\/wp-content\/uploads\/2015\/12\/msqb_logo1.png\",\"contentUrl\":\"http:\/\/www.msqb.fr\/site\/wp-content\/uploads\/2015\/12\/msqb_logo1.png\",\"width\":996,\"height\":996,\"caption\":\"msqb\"},\"image\":{\"@id\":\"https:\/\/www.mbsmb.fr\/site\/#\/schema\/logo\/image\/\"},\"sameAs\":[\"https:\/\/www.facebook.com\/metzbansaintmartinbadminton\"]}]}<\/script>\n<!-- \/ Yoast SEO plugin. -->","yoast_head_json":{"title":"Nationale 3, Pr\u00e9-Nationale & R\u00e9gionale 21\/22 - MBSMB","robots":{"index":"index","follow":"follow","max-snippet":"max-snippet:-1","max-image-preview":"max-image-preview:large","max-video-preview":"max-video-preview:-1"},"canonical":"https:\/\/www.mbsmb.fr\/site\/regionale\/","og_locale":"fr_FR","og_type":"article","og_title":"Nationale 3, Pr\u00e9-Nationale & R\u00e9gionale 21\/22 - MBSMB","og_description":"Sur la saison 2021-2022, le MBSMB engage 10 \u00e9quipes dont une en N3, deux en Pr\u00e9-Nationale et deux en R\u00e9gionale. L&rsquo;\u00e9quipe 1 de la saison 2021-2022, en Nationale 3 &nbsp; &nbsp; &nbsp; &nbsp; &nbsp; R\u00e9sultat de poule : 1er\u00a0 et monte en N2 suite \u00e0 la journ\u00e9e de barrage ! &hellip;","og_url":"https:\/\/www.mbsmb.fr\/site\/regionale\/","og_site_name":"MBSMB","article_publisher":"https:\/\/www.facebook.com\/metzbansaintmartinbadminton","article_modified_time":"2022-09-14T10:14:28+00:00","og_image":[{"url":"https:\/\/www.mbsmb.fr\/site\/wp-content\/uploads\/2021\/10\/20210925_154640-300x146.jpg","type":"","width":"","height":""}],"twitter_card":"summary_large_image","twitter_misc":{"Dur\u00e9e de lecture estim\u00e9e":"3 minutes"},"schema":{"@context":"https:\/\/schema.org","@graph":[{"@type":"WebPage","@id":"https:\/\/www.mbsmb.fr\/site\/regionale\/","url":"https:\/\/www.mbsmb.fr\/site\/regionale\/","name":"Nationale 3, Pr\u00e9-Nationale & R\u00e9gionale 21\/22 - MBSMB","isPartOf":{"@id":"https:\/\/www.mbsmb.fr\/site\/#website"},"primaryImageOfPage":{"@id":"https:\/\/www.mbsmb.fr\/site\/regionale\/#primaryimage"},"image":{"@id":"https:\/\/www.mbsmb.fr\/site\/regionale\/#primaryimage"},"thumbnailUrl":"https:\/\/www.mbsmb.fr\/site\/wp-content\/uploads\/2021\/10\/20210925_154640-300x146.jpg","datePublished":"2015-12-21T14:49:19+00:00","dateModified":"2022-09-14T10:14:28+00:00","breadcrumb":{"@id":"https:\/\/www.mbsmb.fr\/site\/regionale\/#breadcrumb"},"inLanguage":"fr-FR","potentialAction":[{"@type":"ReadAction","target":["https:\/\/www.mbsmb.fr\/site\/regionale\/"]}]},{"@type":"ImageObject","inLanguage":"fr-FR","@id":"https:\/\/www.mbsmb.fr\/site\/regionale\/#primaryimage","url":"https:\/\/www.mbsmb.fr\/site\/wp-content\/uploads\/2021\/10\/20210925_154640-300x146.jpg","contentUrl":"https:\/\/www.mbsmb.fr\/site\/wp-content\/uploads\/2021\/10\/20210925_154640-300x146.jpg"},{"@type":"BreadcrumbList","@id":"https:\/\/www.mbsmb.fr\/site\/regionale\/#breadcrumb","itemListElement":[{"@type":"ListItem","position":1,"name":"Accueil","item":"https:\/\/www.mbsmb.fr\/site\/"},{"@type":"ListItem","position":2,"name":"Nationale 3, Pr\u00e9-Nationale &#038; R\u00e9gionale 21\/22"}]},{"@type":"WebSite","@id":"https:\/\/www.mbsmb.fr\/site\/#website","url":"https:\/\/www.mbsmb.fr\/site\/","name":"MSQB metz saint quentin badminton","description":"Metz Ban Saint Martin Badminton","publisher":{"@id":"https:\/\/www.mbsmb.fr\/site\/#organization"},"potentialAction":[{"@type":"SearchAction","target":{"@type":"EntryPoint","urlTemplate":"https:\/\/www.mbsmb.fr\/site\/?s={search_term_string}"},"query-input":{"@type":"PropertyValueSpecification","valueRequired":true,"valueName":"search_term_string"}}],"inLanguage":"fr-FR"},{"@type":"Organization","@id":"https:\/\/www.mbsmb.fr\/site\/#organization","name":"msqb","url":"https:\/\/www.mbsmb.fr\/site\/","logo":{"@type":"ImageObject","inLanguage":"fr-FR","@id":"https:\/\/www.mbsmb.fr\/site\/#\/schema\/logo\/image\/","url":"http:\/\/www.msqb.fr\/site\/wp-content\/uploads\/2015\/12\/msqb_logo1.png","contentUrl":"http:\/\/www.msqb.fr\/site\/wp-content\/uploads\/2015\/12\/msqb_logo1.png","width":996,"height":996,"caption":"msqb"},"image":{"@id":"https:\/\/www.mbsmb.fr\/site\/#\/schema\/logo\/image\/"},"sameAs":["https:\/\/www.facebook.com\/metzbansaintmartinbadminton"]}]}},"_links":{"self":[{"href":"https:\/\/www.mbsmb.fr\/site\/wp-json\/wp\/v2\/pages\/69","targetHints":{"allow":["GET"]}}],"collection":[{"href":"https:\/\/www.mbsmb.fr\/site\/wp-json\/wp\/v2\/pages"}],"about":[{"href":"https:\/\/www.mbsmb.fr\/site\/wp-json\/wp\/v2\/types\/page"}],"author":[{"embeddable":true,"href":"https:\/\/www.mbsmb.fr\/site\/wp-json\/wp\/v2\/users\/1"}],"replies":[{"embeddable":true,"href":"https:\/\/www.mbsmb.fr\/site\/wp-json\/wp\/v2\/comments?post=69"}],"version-history":[{"count":45,"href":"https:\/\/www.mbsmb.fr\/site\/wp-json\/wp\/v2\/pages\/69\/revisions"}],"predecessor-version":[{"id":2555,"href":"https:\/\/www.mbsmb.fr\/site\/wp-json\/wp\/v2\/pages\/69\/revisions\/2555"}],"wp:attachment":[{"href":"https:\/\/www.mbsmb.fr\/site\/wp-json\/wp\/v2\/media?parent=69"}],"curies":[{"name":"wp","href":"https:\/\/api.w.org\/{rel}","templated":true}]}}