{"id":66,"date":"2015-12-21T15:34:19","date_gmt":"2015-12-21T14:34:19","guid":{"rendered":"http:\/\/www.msqb.fr\/site2\/?page_id=66"},"modified":"2026-01-30T14:38:05","modified_gmt":"2026-01-30T13:38:05","slug":"partenaires","status":"publish","type":"page","link":"https:\/\/www.mbsmb.fr\/site\/partenaires\/","title":{"rendered":"Partenaires"},"content":{"rendered":"<h4>Rejoignez notre club en devenant partenaire<\/h4>\n<p>Vous \u00eates licenci\u00e9 au club, parent ou sympathisant ? Nous sommes \u00e0 la recherche de sponsors, m\u00e9c\u00e8nes ou simplement de soutiens logistiques.<\/p>\n<p>Le club propose un dossier pour expliquer les diff\u00e9rentes possibilit\u00e9s s&rsquo;offrant \u00e0 vous pour aider le club.<\/p>\n<p><strong><a href=\"https:\/\/www.mbsmb.fr\/site\/wp-content\/uploads\/2025\/09\/Sponsoring2025-2026V2.pdf\">Cliquez ICI pour acc\u00e9der \u00e0 notre plaquette Sponsoring<\/a><\/strong><\/p>\n<p>N&rsquo;h\u00e9sitez donc pas \u00e0 transmettre ce document \u00e0 vos employeurs, amis, connaissances pour que le MBSMB puisse encore vous accompagner et vous emmener plus loin !<\/p>\n<p>Si vous avez des questions vous pouvez vous adresser au comit\u00e9.<\/p>\n<h4>Tous nos partenaires<\/h4>\n<p>&nbsp;<\/p>\n<table style=\"width: 100%;\" width=\"1356\">\n<tbody>\n<tr>\n<td style=\"background-color: #ffffff; width: 25%; text-align: center;\"><img loading=\"lazy\" decoding=\"async\" class=\"size-full wp-image-1821 aligncenter\" src=\"https:\/\/www.mbsmb.fr\/site\/wp-content\/uploads\/2022\/01\/logo-BSM.png\" alt=\"\" width=\"225\" height=\"224\" srcset=\"https:\/\/www.mbsmb.fr\/site\/wp-content\/uploads\/2022\/01\/logo-BSM.png 225w, https:\/\/www.mbsmb.fr\/site\/wp-content\/uploads\/2022\/01\/logo-BSM-150x150.png 150w\" sizes=\"auto, (max-width: 225px) 100vw, 225px\" \/><a href=\"http:\/\/www.ban-saint-martin.fr\/\" rel=\"attachment wp-att-191\">Ville du Ban Saint Martin<\/a><\/td>\n<td style=\"background-color: #ffffff; width: 25%; text-align: center;\"><img loading=\"lazy\" decoding=\"async\" class=\"size-full wp-image-1822 aligncenter\" src=\"https:\/\/www.mbsmb.fr\/site\/wp-content\/uploads\/2022\/01\/logo-metz.png\" alt=\"\" width=\"225\" height=\"225\" srcset=\"https:\/\/www.mbsmb.fr\/site\/wp-content\/uploads\/2022\/01\/logo-metz.png 225w, https:\/\/www.mbsmb.fr\/site\/wp-content\/uploads\/2022\/01\/logo-metz-150x150.png 150w\" sizes=\"auto, (max-width: 225px) 100vw, 225px\" \/><a href=\"https:\/\/metz.fr\">Ville de Metz<\/a><\/td>\n<td style=\"background-color: #ffffff; width: 25%; text-align: center;\"><img loading=\"lazy\" decoding=\"async\" class=\"size-full wp-image-1820 aligncenter\" src=\"https:\/\/www.mbsmb.fr\/site\/wp-content\/uploads\/2022\/01\/logo-saulny.png\" alt=\"\" width=\"225\" height=\"225\" srcset=\"https:\/\/www.mbsmb.fr\/site\/wp-content\/uploads\/2022\/01\/logo-saulny.png 225w, https:\/\/www.mbsmb.fr\/site\/wp-content\/uploads\/2022\/01\/logo-saulny-150x150.png 150w\" sizes=\"auto, (max-width: 225px) 100vw, 225px\" \/><a href=\"http:\/\/www.saulny.fr\/\" rel=\"attachment wp-att-189\">Commune de Saulny<\/a><\/td>\n<td style=\"background-color: #ffffff; width: 25%; text-align: center;\"><img loading=\"lazy\" decoding=\"async\" class=\"size-medium wp-image-2265 aligncenter\" src=\"https:\/\/www.mbsmb.fr\/site\/wp-content\/uploads\/2022\/03\/Logo-RGE_Quadri-BL-blanc_petit-e1754312738704-300x94.png\" alt=\"\" width=\"300\" height=\"94\" srcset=\"https:\/\/www.mbsmb.fr\/site\/wp-content\/uploads\/2022\/03\/Logo-RGE_Quadri-BL-blanc_petit-e1754312738704-300x94.png 300w, https:\/\/www.mbsmb.fr\/site\/wp-content\/uploads\/2022\/03\/Logo-RGE_Quadri-BL-blanc_petit-e1754312738704.png 534w\" sizes=\"auto, (max-width: 300px) 100vw, 300px\" \/><\/td>\n<\/tr>\n<tr>\n<td style=\"background-color: #ffffff; width: 25%; text-align: center;\"><img loading=\"lazy\" decoding=\"async\" class=\"aligncenter wp-image-3078\" src=\"https:\/\/www.mbsmb.fr\/site\/wp-content\/uploads\/2025\/07\/MoselleDep-300x132.jpg\" alt=\"\" width=\"254\" height=\"112\" srcset=\"https:\/\/www.mbsmb.fr\/site\/wp-content\/uploads\/2025\/07\/MoselleDep-300x132.jpg 300w, https:\/\/www.mbsmb.fr\/site\/wp-content\/uploads\/2025\/07\/MoselleDep.jpg 469w\" sizes=\"auto, (max-width: 254px) 100vw, 254px\" \/><a href=\"http:\/\/www.cg57.fr\">Conseil g\u00e9n\u00e9ral de Moselle<\/a><\/td>\n<td style=\"background-color: #ffffff; width: 25%; text-align: center;\"><img loading=\"lazy\" decoding=\"async\" class=\"wp-image-1061 aligncenter\" src=\"https:\/\/www.mbsmb.fr\/site\/wp-content\/uploads\/2018\/09\/1200px-Minist\u00e8re_des_Sports.svg_-237x300.png\" alt=\"\" width=\"114\" height=\"144\" srcset=\"https:\/\/www.mbsmb.fr\/site\/wp-content\/uploads\/2018\/09\/1200px-Minist\u00e8re_des_Sports.svg_-237x300.png 237w, https:\/\/www.mbsmb.fr\/site\/wp-content\/uploads\/2018\/09\/1200px-Minist\u00e8re_des_Sports.svg_-768x972.png 768w, https:\/\/www.mbsmb.fr\/site\/wp-content\/uploads\/2018\/09\/1200px-Minist\u00e8re_des_Sports.svg_-809x1024.png 809w, https:\/\/www.mbsmb.fr\/site\/wp-content\/uploads\/2018\/09\/1200px-Minist\u00e8re_des_Sports.svg_-1138x1440.png 1138w, https:\/\/www.mbsmb.fr\/site\/wp-content\/uploads\/2018\/09\/1200px-Minist\u00e8re_des_Sports.svg_.png 1200w\" sizes=\"auto, (max-width: 114px) 100vw, 114px\" \/><a href=\"http:\/\/www.sports.gouv.fr\/\">Minist\u00e8re des sports<\/a><\/td>\n<td style=\"background-color: #ffffff; width: 25%; text-align: center;\"><img loading=\"lazy\" decoding=\"async\" class=\"alignnone wp-image-2295\" src=\"https:\/\/www.mbsmb.fr\/site\/wp-content\/uploads\/2022\/03\/EFB_4Etoiles.png\" alt=\"\" width=\"116\" height=\"155\" \/><br \/>\n<a href=\"http:\/\/www.ffbad.org\/badminton-pour-tous\/le-bad-pour-les-jeunes\/ecoles-francaises-de-badminton\/un-gage-de-qualite\" rel=\"attachment wp-att-188\">F\u00e9d\u00e9ration fran\u00e7aise de badminton<\/a><\/td>\n<td style=\"background-color: #ffffff; width: 25%; text-align: center;\"><img loading=\"lazy\" decoding=\"async\" class=\"wp-image-1448 aligncenter\" src=\"https:\/\/www.mbsmb.fr\/site\/wp-content\/uploads\/2019\/12\/lardes_new_logo-300x300.jpg\" alt=\"\" width=\"144\" height=\"144\" srcset=\"https:\/\/www.mbsmb.fr\/site\/wp-content\/uploads\/2019\/12\/lardes_new_logo-300x300.jpg 300w, https:\/\/www.mbsmb.fr\/site\/wp-content\/uploads\/2019\/12\/lardes_new_logo-150x150.jpg 150w, https:\/\/www.mbsmb.fr\/site\/wp-content\/uploads\/2019\/12\/lardes_new_logo-768x768.jpg 768w, https:\/\/www.mbsmb.fr\/site\/wp-content\/uploads\/2019\/12\/lardes_new_logo.jpg 960w\" sizes=\"auto, (max-width: 144px) 100vw, 144px\" \/><a href=\"https:\/\/www.facebook.com\/LardesportsIllkirch.fr\">Lardesport<\/a><\/td>\n<\/tr>\n<tr>\n<td style=\"background-color: #ffffff; width: 25%; text-align: center;\"><img loading=\"lazy\" decoding=\"async\" class=\"wp-image-2829 aligncenter\" src=\"https:\/\/www.mbsmb.fr\/site\/wp-content\/uploads\/2023\/11\/image001-300x150.png\" alt=\"\" width=\"215\" height=\"108\" srcset=\"https:\/\/www.mbsmb.fr\/site\/wp-content\/uploads\/2023\/11\/image001-300x150.png 300w, https:\/\/www.mbsmb.fr\/site\/wp-content\/uploads\/2023\/11\/image001.png 318w\" sizes=\"auto, (max-width: 215px) 100vw, 215px\" \/><a href=\"http:\/\/www.cfnr.com\">CNFR<\/a><\/td>\n<td style=\"background-color: #ffffff; width: 25%; text-align: center;\"><img loading=\"lazy\" decoding=\"async\" class=\"aligncenter wp-image-3290\" src=\"https:\/\/www.mbsmb.fr\/site\/wp-content\/uploads\/2025\/10\/DamNature-e1759389738867-300x149.jpg\" alt=\"\" width=\"215\" height=\"107\" srcset=\"https:\/\/www.mbsmb.fr\/site\/wp-content\/uploads\/2025\/10\/DamNature-e1759389738867-300x149.jpg 300w, https:\/\/www.mbsmb.fr\/site\/wp-content\/uploads\/2025\/10\/DamNature-e1759389738867-1024x509.jpg 1024w, https:\/\/www.mbsmb.fr\/site\/wp-content\/uploads\/2025\/10\/DamNature-e1759389738867-768x382.jpg 768w, https:\/\/www.mbsmb.fr\/site\/wp-content\/uploads\/2025\/10\/DamNature-e1759389738867-1536x763.jpg 1536w, https:\/\/www.mbsmb.fr\/site\/wp-content\/uploads\/2025\/10\/DamNature-e1759389738867-1440x716.jpg 1440w, https:\/\/www.mbsmb.fr\/site\/wp-content\/uploads\/2025\/10\/DamNature-e1759389738867.jpg 1867w\" sizes=\"auto, (max-width: 215px) 100vw, 215px\" \/><a href=\"https:\/\/www.damnature.fr\/\">Dam&rsquo;nature<\/a><\/td>\n<td style=\"background-color: #ffffff; width: 25%; text-align: center;\"><a href=\"https:\/\/www.l2f.fr\/\"><img loading=\"lazy\" decoding=\"async\" class=\"size-full wp-image-3365 aligncenter\" src=\"https:\/\/www.mbsmb.fr\/site\/wp-content\/uploads\/2026\/01\/LogoSAMRenault.png\" alt=\"\" width=\"1743\" height=\"346\" srcset=\"https:\/\/www.mbsmb.fr\/site\/wp-content\/uploads\/2026\/01\/LogoSAMRenault.png 1743w, https:\/\/www.mbsmb.fr\/site\/wp-content\/uploads\/2026\/01\/LogoSAMRenault-300x60.png 300w, https:\/\/www.mbsmb.fr\/site\/wp-content\/uploads\/2026\/01\/LogoSAMRenault-1024x203.png 1024w, https:\/\/www.mbsmb.fr\/site\/wp-content\/uploads\/2026\/01\/LogoSAMRenault-768x152.png 768w, https:\/\/www.mbsmb.fr\/site\/wp-content\/uploads\/2026\/01\/LogoSAMRenault-1536x305.png 1536w, https:\/\/www.mbsmb.fr\/site\/wp-content\/uploads\/2026\/01\/LogoSAMRenault-1440x286.png 1440w\" sizes=\"auto, (max-width: 1743px) 100vw, 1743px\" \/><\/a><\/td>\n<td style=\"background-color: #ffffff; width: 25%; text-align: center;\"><img loading=\"lazy\" decoding=\"async\" class=\"wp-image-3368 aligncenter\" src=\"https:\/\/www.mbsmb.fr\/site\/wp-content\/uploads\/2026\/01\/Cryotera-1.png\" alt=\"\" width=\"143\" height=\"92\" srcset=\"https:\/\/www.mbsmb.fr\/site\/wp-content\/uploads\/2026\/01\/Cryotera-1.png 1627w, https:\/\/www.mbsmb.fr\/site\/wp-content\/uploads\/2026\/01\/Cryotera-1-300x193.png 300w, https:\/\/www.mbsmb.fr\/site\/wp-content\/uploads\/2026\/01\/Cryotera-1-1024x657.png 1024w, https:\/\/www.mbsmb.fr\/site\/wp-content\/uploads\/2026\/01\/Cryotera-1-768x493.png 768w, https:\/\/www.mbsmb.fr\/site\/wp-content\/uploads\/2026\/01\/Cryotera-1-1536x986.png 1536w, https:\/\/www.mbsmb.fr\/site\/wp-content\/uploads\/2026\/01\/Cryotera-1-1440x924.png 1440w\" sizes=\"auto, (max-width: 143px) 100vw, 143px\" \/><a href=\"https:\/\/cryotera.fr\/centres\/metz\/cryotherapie-corps-entier?gad_source=1&amp;gad_campaignid=23052507520&amp;gbraid=0AAAAAohyjfwjS55R9ioS3sBfe1aUInVrw&amp;gclid=Cj0KCQiAyvHLBhDlARIsAHxl6xpa-xttP0j-hZvTtVeaWFRdx6IA5y2RlFFnAgjneB2I2jduqMAvEOcaApzrEALw_wcB\/\">Cryotera<\/a><\/td>\n<\/tr>\n<\/tbody>\n<\/table>\n<!-- AddThis Advanced Settings generic via filter on the_content --><!-- AddThis Share Buttons generic via filter on the_content -->","protected":false},"excerpt":{"rendered":"<p>Rejoignez notre club en devenant partenaire Vous \u00eates licenci\u00e9 au club, parent ou sympathisant ? Nous sommes \u00e0 la recherche de sponsors, m\u00e9c\u00e8nes ou simplement de soutiens logistiques. Le club propose un dossier pour expliquer les diff\u00e9rentes possibilit\u00e9s s&rsquo;offrant \u00e0 vous pour aider le club. Cliquez ICI pour acc\u00e9der \u00e0 &hellip;<!-- AddThis Advanced Settings generic via filter on get_the_excerpt --><!-- AddThis Share Buttons generic via filter on get_the_excerpt --><\/p>\n","protected":false},"author":1,"featured_media":0,"parent":0,"menu_order":0,"comment_status":"closed","ping_status":"closed","template":"","meta":{"footnotes":""},"class_list":["post-66","page","type-page","status-publish","hentry"],"yoast_head":"<!-- This site is optimized with the Yoast SEO plugin v26.7 - https:\/\/yoast.com\/wordpress\/plugins\/seo\/ -->\n<title>Partenaires - MBSMB<\/title>\n<meta name=\"robots\" content=\"index, follow, max-snippet:-1, max-image-preview:large, max-video-preview:-1\" \/>\n<link rel=\"canonical\" href=\"https:\/\/www.mbsmb.fr\/site\/partenaires\/\" \/>\n<meta property=\"og:locale\" content=\"fr_FR\" \/>\n<meta property=\"og:type\" content=\"article\" \/>\n<meta property=\"og:title\" content=\"Partenaires - MBSMB\" \/>\n<meta property=\"og:description\" content=\"Rejoignez notre club en devenant partenaire Vous \u00eates licenci\u00e9 au club, parent ou sympathisant ? Nous sommes \u00e0 la recherche de sponsors, m\u00e9c\u00e8nes ou simplement de soutiens logistiques. Le club propose un dossier pour expliquer les diff\u00e9rentes possibilit\u00e9s s&rsquo;offrant \u00e0 vous pour aider le club. Cliquez ICI pour acc\u00e9der \u00e0 &hellip;\" \/>\n<meta property=\"og:url\" content=\"https:\/\/www.mbsmb.fr\/site\/partenaires\/\" \/>\n<meta property=\"og:site_name\" content=\"MBSMB\" \/>\n<meta property=\"article:publisher\" content=\"https:\/\/www.facebook.com\/metzbansaintmartinbadminton\" \/>\n<meta property=\"article:modified_time\" content=\"2026-01-30T13:38:05+00:00\" \/>\n<meta property=\"og:image\" content=\"https:\/\/www.mbsmb.fr\/site\/wp-content\/uploads\/2022\/01\/logo-BSM.png\" \/>\n\t<meta property=\"og:image:width\" content=\"225\" \/>\n\t<meta property=\"og:image:height\" content=\"224\" \/>\n\t<meta property=\"og:image:type\" content=\"image\/png\" \/>\n<meta name=\"twitter:card\" content=\"summary_large_image\" \/>\n<meta name=\"twitter:label1\" content=\"Dur\u00e9e de lecture estim\u00e9e\" \/>\n\t<meta name=\"twitter:data1\" content=\"4 minutes\" \/>\n<script type=\"application\/ld+json\" class=\"yoast-schema-graph\">{\"@context\":\"https:\/\/schema.org\",\"@graph\":[{\"@type\":\"WebPage\",\"@id\":\"https:\/\/www.mbsmb.fr\/site\/partenaires\/\",\"url\":\"https:\/\/www.mbsmb.fr\/site\/partenaires\/\",\"name\":\"Partenaires - MBSMB\",\"isPartOf\":{\"@id\":\"https:\/\/www.mbsmb.fr\/site\/#website\"},\"primaryImageOfPage\":{\"@id\":\"https:\/\/www.mbsmb.fr\/site\/partenaires\/#primaryimage\"},\"image\":{\"@id\":\"https:\/\/www.mbsmb.fr\/site\/partenaires\/#primaryimage\"},\"thumbnailUrl\":\"https:\/\/www.mbsmb.fr\/site\/wp-content\/uploads\/2022\/01\/logo-BSM.png\",\"datePublished\":\"2015-12-21T14:34:19+00:00\",\"dateModified\":\"2026-01-30T13:38:05+00:00\",\"breadcrumb\":{\"@id\":\"https:\/\/www.mbsmb.fr\/site\/partenaires\/#breadcrumb\"},\"inLanguage\":\"fr-FR\",\"potentialAction\":[{\"@type\":\"ReadAction\",\"target\":[\"https:\/\/www.mbsmb.fr\/site\/partenaires\/\"]}]},{\"@type\":\"ImageObject\",\"inLanguage\":\"fr-FR\",\"@id\":\"https:\/\/www.mbsmb.fr\/site\/partenaires\/#primaryimage\",\"url\":\"https:\/\/www.mbsmb.fr\/site\/wp-content\/uploads\/2022\/01\/logo-BSM.png\",\"contentUrl\":\"https:\/\/www.mbsmb.fr\/site\/wp-content\/uploads\/2022\/01\/logo-BSM.png\",\"width\":225,\"height\":224},{\"@type\":\"BreadcrumbList\",\"@id\":\"https:\/\/www.mbsmb.fr\/site\/partenaires\/#breadcrumb\",\"itemListElement\":[{\"@type\":\"ListItem\",\"position\":1,\"name\":\"Accueil\",\"item\":\"https:\/\/www.mbsmb.fr\/site\/\"},{\"@type\":\"ListItem\",\"position\":2,\"name\":\"Partenaires\"}]},{\"@type\":\"WebSite\",\"@id\":\"https:\/\/www.mbsmb.fr\/site\/#website\",\"url\":\"https:\/\/www.mbsmb.fr\/site\/\",\"name\":\"MSQB metz saint quentin badminton\",\"description\":\"Metz Ban Saint Martin Badminton\",\"publisher\":{\"@id\":\"https:\/\/www.mbsmb.fr\/site\/#organization\"},\"potentialAction\":[{\"@type\":\"SearchAction\",\"target\":{\"@type\":\"EntryPoint\",\"urlTemplate\":\"https:\/\/www.mbsmb.fr\/site\/?s={search_term_string}\"},\"query-input\":{\"@type\":\"PropertyValueSpecification\",\"valueRequired\":true,\"valueName\":\"search_term_string\"}}],\"inLanguage\":\"fr-FR\"},{\"@type\":\"Organization\",\"@id\":\"https:\/\/www.mbsmb.fr\/site\/#organization\",\"name\":\"msqb\",\"url\":\"https:\/\/www.mbsmb.fr\/site\/\",\"logo\":{\"@type\":\"ImageObject\",\"inLanguage\":\"fr-FR\",\"@id\":\"https:\/\/www.mbsmb.fr\/site\/#\/schema\/logo\/image\/\",\"url\":\"http:\/\/www.msqb.fr\/site\/wp-content\/uploads\/2015\/12\/msqb_logo1.png\",\"contentUrl\":\"http:\/\/www.msqb.fr\/site\/wp-content\/uploads\/2015\/12\/msqb_logo1.png\",\"width\":996,\"height\":996,\"caption\":\"msqb\"},\"image\":{\"@id\":\"https:\/\/www.mbsmb.fr\/site\/#\/schema\/logo\/image\/\"},\"sameAs\":[\"https:\/\/www.facebook.com\/metzbansaintmartinbadminton\"]}]}<\/script>\n<!-- \/ Yoast SEO plugin. -->","yoast_head_json":{"title":"Partenaires - MBSMB","robots":{"index":"index","follow":"follow","max-snippet":"max-snippet:-1","max-image-preview":"max-image-preview:large","max-video-preview":"max-video-preview:-1"},"canonical":"https:\/\/www.mbsmb.fr\/site\/partenaires\/","og_locale":"fr_FR","og_type":"article","og_title":"Partenaires - MBSMB","og_description":"Rejoignez notre club en devenant partenaire Vous \u00eates licenci\u00e9 au club, parent ou sympathisant ? Nous sommes \u00e0 la recherche de sponsors, m\u00e9c\u00e8nes ou simplement de soutiens logistiques. Le club propose un dossier pour expliquer les diff\u00e9rentes possibilit\u00e9s s&rsquo;offrant \u00e0 vous pour aider le club. Cliquez ICI pour acc\u00e9der \u00e0 &hellip;","og_url":"https:\/\/www.mbsmb.fr\/site\/partenaires\/","og_site_name":"MBSMB","article_publisher":"https:\/\/www.facebook.com\/metzbansaintmartinbadminton","article_modified_time":"2026-01-30T13:38:05+00:00","og_image":[{"width":225,"height":224,"url":"https:\/\/www.mbsmb.fr\/site\/wp-content\/uploads\/2022\/01\/logo-BSM.png","type":"image\/png"}],"twitter_card":"summary_large_image","twitter_misc":{"Dur\u00e9e de lecture estim\u00e9e":"4 minutes"},"schema":{"@context":"https:\/\/schema.org","@graph":[{"@type":"WebPage","@id":"https:\/\/www.mbsmb.fr\/site\/partenaires\/","url":"https:\/\/www.mbsmb.fr\/site\/partenaires\/","name":"Partenaires - MBSMB","isPartOf":{"@id":"https:\/\/www.mbsmb.fr\/site\/#website"},"primaryImageOfPage":{"@id":"https:\/\/www.mbsmb.fr\/site\/partenaires\/#primaryimage"},"image":{"@id":"https:\/\/www.mbsmb.fr\/site\/partenaires\/#primaryimage"},"thumbnailUrl":"https:\/\/www.mbsmb.fr\/site\/wp-content\/uploads\/2022\/01\/logo-BSM.png","datePublished":"2015-12-21T14:34:19+00:00","dateModified":"2026-01-30T13:38:05+00:00","breadcrumb":{"@id":"https:\/\/www.mbsmb.fr\/site\/partenaires\/#breadcrumb"},"inLanguage":"fr-FR","potentialAction":[{"@type":"ReadAction","target":["https:\/\/www.mbsmb.fr\/site\/partenaires\/"]}]},{"@type":"ImageObject","inLanguage":"fr-FR","@id":"https:\/\/www.mbsmb.fr\/site\/partenaires\/#primaryimage","url":"https:\/\/www.mbsmb.fr\/site\/wp-content\/uploads\/2022\/01\/logo-BSM.png","contentUrl":"https:\/\/www.mbsmb.fr\/site\/wp-content\/uploads\/2022\/01\/logo-BSM.png","width":225,"height":224},{"@type":"BreadcrumbList","@id":"https:\/\/www.mbsmb.fr\/site\/partenaires\/#breadcrumb","itemListElement":[{"@type":"ListItem","position":1,"name":"Accueil","item":"https:\/\/www.mbsmb.fr\/site\/"},{"@type":"ListItem","position":2,"name":"Partenaires"}]},{"@type":"WebSite","@id":"https:\/\/www.mbsmb.fr\/site\/#website","url":"https:\/\/www.mbsmb.fr\/site\/","name":"MSQB metz saint quentin badminton","description":"Metz Ban Saint Martin Badminton","publisher":{"@id":"https:\/\/www.mbsmb.fr\/site\/#organization"},"potentialAction":[{"@type":"SearchAction","target":{"@type":"EntryPoint","urlTemplate":"https:\/\/www.mbsmb.fr\/site\/?s={search_term_string}"},"query-input":{"@type":"PropertyValueSpecification","valueRequired":true,"valueName":"search_term_string"}}],"inLanguage":"fr-FR"},{"@type":"Organization","@id":"https:\/\/www.mbsmb.fr\/site\/#organization","name":"msqb","url":"https:\/\/www.mbsmb.fr\/site\/","logo":{"@type":"ImageObject","inLanguage":"fr-FR","@id":"https:\/\/www.mbsmb.fr\/site\/#\/schema\/logo\/image\/","url":"http:\/\/www.msqb.fr\/site\/wp-content\/uploads\/2015\/12\/msqb_logo1.png","contentUrl":"http:\/\/www.msqb.fr\/site\/wp-content\/uploads\/2015\/12\/msqb_logo1.png","width":996,"height":996,"caption":"msqb"},"image":{"@id":"https:\/\/www.mbsmb.fr\/site\/#\/schema\/logo\/image\/"},"sameAs":["https:\/\/www.facebook.com\/metzbansaintmartinbadminton"]}]}},"_links":{"self":[{"href":"https:\/\/www.mbsmb.fr\/site\/wp-json\/wp\/v2\/pages\/66","targetHints":{"allow":["GET"]}}],"collection":[{"href":"https:\/\/www.mbsmb.fr\/site\/wp-json\/wp\/v2\/pages"}],"about":[{"href":"https:\/\/www.mbsmb.fr\/site\/wp-json\/wp\/v2\/types\/page"}],"author":[{"embeddable":true,"href":"https:\/\/www.mbsmb.fr\/site\/wp-json\/wp\/v2\/users\/1"}],"replies":[{"embeddable":true,"href":"https:\/\/www.mbsmb.fr\/site\/wp-json\/wp\/v2\/comments?post=66"}],"version-history":[{"count":107,"href":"https:\/\/www.mbsmb.fr\/site\/wp-json\/wp\/v2\/pages\/66\/revisions"}],"predecessor-version":[{"id":3369,"href":"https:\/\/www.mbsmb.fr\/site\/wp-json\/wp\/v2\/pages\/66\/revisions\/3369"}],"wp:attachment":[{"href":"https:\/\/www.mbsmb.fr\/site\/wp-json\/wp\/v2\/media?parent=66"}],"curies":[{"name":"wp","href":"https:\/\/api.w.org\/{rel}","templated":true}]}}