{"id":63,"date":"2015-12-21T15:33:21","date_gmt":"2015-12-21T14:33:21","guid":{"rendered":"http:\/\/www.msqb.fr\/site2\/?page_id=63"},"modified":"2025-09-01T09:06:36","modified_gmt":"2025-09-01T08:06:36","slug":"loisirs","status":"publish","type":"page","link":"https:\/\/www.mbsmb.fr\/site\/loisirs\/","title":{"rendered":"Loisirs"},"content":{"rendered":"<h4>Vous voulez pratiquer le badminton en Loisir, rejoignez un de nos cr\u00e9neaux :<\/h4>\n<ul>\n<li>Cr\u00e9neau <strong>\u00ab\u00a0jeu libre\u00a0\u00bb<\/strong> le lundi \u00e0 Valli\u00e8res de 20h \u00e0 22h pour les loisirs, ouvert par Ga\u00ebl<\/li>\n<li>Cr\u00e9neau <strong>\u00ab\u00a0jeu libre\u00a0\u00bb<\/strong> le mardi \u00e0 Valli\u00e8res de 20h \u00e0 22h pour les loisirs, seulement si ouvreur et sur inscription (\u00e0 voir sur la page <strong><a href=\"https:\/\/www.mbsmb.fr\/creneaux\/\" target=\"_blank\" rel=\"noopener\">Cr\u00e9neaux<\/a><\/strong>)<\/li>\n<li>Cr\u00e9neau <strong>encadr\u00e9<\/strong> par Eric et Alexandre le mercredi au Ban Saint Martin de 19h30 \u00e0 21h00 suivi d&rsquo;une heure de <strong>jeu libre<\/strong> de 21 h \u00e0 22h<\/li>\n<li>Cr\u00e9neau <strong>encadr\u00e9<\/strong> par Jean-Luc le jeudi \u00e0 Valli\u00e8res, de 20 \u00e0 22h pour les loisirs adultes<\/li>\n<li>Cr\u00e9neaux <strong>\u00ab\u00a0jeu libre\u00a0\u00bb<\/strong> le vendredi au Ban-Saint-Martin, de 18h \u00e0 22h, seulement si ouvreur et sur inscription (\u00e0 voir sur la page <strong><a href=\"https:\/\/www.mbsmb.fr\/creneaux\/\" target=\"_blank\" rel=\"noopener\">Cr\u00e9neaux<\/a><\/strong>)<\/li>\n<li>Cr\u00e9neaux <strong>\u00ab\u00a0jeu libre\u00a0\u00bb<\/strong> ouvert \u00e0 tous le samedi de 10h \u00e0 13h, au BSM et le dimanche de 9h \u00e0 12h, \u00e0 Valli\u00e8res, seulement si ouvreur et sur inscription\u00a0 (\u00e0 voir sur la page <strong><a href=\"https:\/\/www.mbsmb.fr\/creneaux\/\" target=\"_blank\" rel=\"noopener\">Cr\u00e9neaux<\/a><\/strong>)<\/li>\n<\/ul>\n<p><strong><em>ATTENTION: en p\u00e9riode estivale, les cr\u00e9neaux ne sont pas tous maintenus, veuillez vous renseigner avant de venir au gymnase<\/em><\/strong><\/p>\n<h5 style=\"text-align: center;\">Cr\u00e9neaux 2025-2026<\/h5>\n<p><img loading=\"lazy\" decoding=\"async\" class=\"alignnone size-full wp-image-3234\" src=\"https:\/\/www.mbsmb.fr\/site\/wp-content\/uploads\/2025\/09\/CreneauxLoisirs-16-scaled.jpg\" alt=\"\" width=\"2560\" height=\"1376\" srcset=\"https:\/\/www.mbsmb.fr\/site\/wp-content\/uploads\/2025\/09\/CreneauxLoisirs-16-scaled.jpg 2560w, https:\/\/www.mbsmb.fr\/site\/wp-content\/uploads\/2025\/09\/CreneauxLoisirs-16-300x161.jpg 300w, https:\/\/www.mbsmb.fr\/site\/wp-content\/uploads\/2025\/09\/CreneauxLoisirs-16-1024x550.jpg 1024w, https:\/\/www.mbsmb.fr\/site\/wp-content\/uploads\/2025\/09\/CreneauxLoisirs-16-768x413.jpg 768w, https:\/\/www.mbsmb.fr\/site\/wp-content\/uploads\/2025\/09\/CreneauxLoisirs-16-1536x826.jpg 1536w, https:\/\/www.mbsmb.fr\/site\/wp-content\/uploads\/2025\/09\/CreneauxLoisirs-16-2048x1101.jpg 2048w, https:\/\/www.mbsmb.fr\/site\/wp-content\/uploads\/2025\/09\/CreneauxLoisirs-16-1440x774.jpg 1440w\" sizes=\"auto, (max-width: 2560px) 100vw, 2560px\" \/><\/p>\n<p>&nbsp;<\/p>\n<p><strong><span style=\"color: #ff0000;\">Tous les cr\u00e9neaux adultes se font sur inscription sur l&rsquo;application du club :<\/span> <a href=\"https:\/\/mbsmb.fr\/creneaux\/\">Cr\u00e9neaux<\/a> <span style=\"color: #ff0000;\">&#8211; Indiquer : NOM + PRENOM<\/span><\/strong><\/p>\n<p><strong><span style=\"color: #ff0000;\">Attention ! Tous les cr\u00e9neaux de jeu libre sont soumis \u00e0 un ouvreur &#8211; Bien v\u00e9rifier que le cr\u00e9neau est vert avant de vous d\u00e9placer<\/span><\/strong><\/p>\n<p>&nbsp;<\/p>\n<table style=\"background-color: #f7d263; height: 118px;\" border=\"1\" width=\"973\">\n<tbody>\n<tr>\n<td style=\"text-align: center;\">Commencez par faire une session d\u2019essai : \u00c9ric, Alexandre, Ga\u00ebl, ou Jean-Luc vous accueilleront avec plaisir !<br \/>\nVous pouvez nous \u00e9crire \u00e0 : <a href=\"mailto:co***********@***il.com\" data-original-string=\"K38CvSMgzKQk+eODxucVPQ==627WPQQdpr0zwsSyr5EYFViQlHqOd9pgh3gBEjqrYcwbaA=\" title=\"This contact has been encoded by Anti-Spam by CleanTalk. Click to decode. To finish the decoding make sure that JavaScript is enabled in your browser.\"><span \n                data-original-string='eRmhtrY6ulyHZEaKverz7A==6271NKlhkl\/fRoA\/qlHeaLZzwdi43HBV1A92jgOWwg42VI='\n                class='apbct-email-encoder'\n                title='This contact has been encoded by Anti-Spam by CleanTalk. Click to decode. To finish the decoding make sure that JavaScript is enabled in your browser.'>co<span class=\"apbct-blur\">***********<\/span>@<span class=\"apbct-blur\">***<\/span>il.com<\/span><\/a><br \/>\nCorinne vous r\u00e9pondra!<\/td>\n<\/tr>\n<\/tbody>\n<\/table>\n<p><strong>Adresses des gymnases<\/strong> (Voir la rubrique <a href=\"https:\/\/www.mbsmb.fr\/site\/acces\/\" target=\"_blank\" rel=\"noopener\">Acc\u00e8s Gymnases<\/a> pour plus de d\u00e9tails) :<\/p>\n<p><span style=\"color: #66ccff;\"><strong><u>Valli\u00e8res<\/u> :<\/strong><\/span> 10 rue des Carri\u00e8res, 57070 Metz<\/p>\n<p><span style=\"color: #66ccff;\"><strong><u>BSM<\/u> :<\/strong><\/span> Rue de la Marne, 57050 Le Ban-Saint-Martin<\/p>\n<table style=\"height: 39px;\" width=\"754\">\n<tbody>\n<tr>\n<td><a href=\"http:\/\/www.msqb.fr\/site2\/wp-content\/uploads\/2015\/12\/zWP_20150127_012.jpg\" rel=\"attachment wp-att-146\" data-rel=\"lightbox-image-0\" data-rl_title=\"\" data-rl_caption=\"\" title=\"\"><img loading=\"lazy\" decoding=\"async\" class=\"alignnone wp-image-146 size-thumbnail\" src=\"http:\/\/www.msqb.fr\/site2\/wp-content\/uploads\/2015\/12\/zWP_20150127_012-150x150.jpg\" alt=\"zWP_20150127_012\" width=\"150\" height=\"150\" srcset=\"https:\/\/www.mbsmb.fr\/site\/wp-content\/uploads\/2015\/12\/zWP_20150127_012-150x150.jpg 150w, https:\/\/www.mbsmb.fr\/site\/wp-content\/uploads\/2015\/12\/zWP_20150127_012-350x350.jpg 350w, https:\/\/www.mbsmb.fr\/site\/wp-content\/uploads\/2015\/12\/zWP_20150127_012-70x70.jpg 70w\" sizes=\"auto, (max-width: 150px) 100vw, 150px\" \/><\/a><\/td>\n<td><img loading=\"lazy\" decoding=\"async\" class=\"wp-image-2427 alignleft\" src=\"https:\/\/www.mbsmb.fr\/site\/wp-content\/uploads\/2022\/07\/IMG-20220720-WA0001-1024x628.jpg\" alt=\"\" width=\"243\" height=\"149\" srcset=\"https:\/\/www.mbsmb.fr\/site\/wp-content\/uploads\/2022\/07\/IMG-20220720-WA0001-1024x628.jpg 1024w, https:\/\/www.mbsmb.fr\/site\/wp-content\/uploads\/2022\/07\/IMG-20220720-WA0001-300x184.jpg 300w, https:\/\/www.mbsmb.fr\/site\/wp-content\/uploads\/2022\/07\/IMG-20220720-WA0001-768x471.jpg 768w, https:\/\/www.mbsmb.fr\/site\/wp-content\/uploads\/2022\/07\/IMG-20220720-WA0001-1440x884.jpg 1440w, https:\/\/www.mbsmb.fr\/site\/wp-content\/uploads\/2022\/07\/IMG-20220720-WA0001.jpg 1455w\" sizes=\"auto, (max-width: 243px) 100vw, 243px\" \/><\/td>\n<td><a href=\"http:\/\/www.msqb.fr\/site2\/wp-content\/uploads\/2015\/12\/zIMG_6540.jpg\" rel=\"attachment wp-att-144\" data-rel=\"lightbox-image-1\" data-rl_title=\"\" data-rl_caption=\"\" title=\"\"><img loading=\"lazy\" decoding=\"async\" class=\"alignnone wp-image-144 size-thumbnail\" src=\"http:\/\/www.msqb.fr\/site2\/wp-content\/uploads\/2015\/12\/zIMG_6540-150x150.jpg\" alt=\"zIMG_6540\" width=\"150\" height=\"150\" srcset=\"https:\/\/www.mbsmb.fr\/site\/wp-content\/uploads\/2015\/12\/zIMG_6540-150x150.jpg 150w, https:\/\/www.mbsmb.fr\/site\/wp-content\/uploads\/2015\/12\/zIMG_6540-350x350.jpg 350w, https:\/\/www.mbsmb.fr\/site\/wp-content\/uploads\/2015\/12\/zIMG_6540-70x70.jpg 70w\" sizes=\"auto, (max-width: 150px) 100vw, 150px\" \/><\/a><\/td>\n<\/tr>\n<\/tbody>\n<\/table>\n\n<br \/>\n<\/p>\n<p>&nbsp;<\/p>\n<p>&nbsp;<\/p>\n<!-- AddThis Advanced Settings generic via filter on the_content --><!-- AddThis Share Buttons generic via filter on the_content -->","protected":false},"excerpt":{"rendered":"<p>Vous voulez pratiquer le badminton en Loisir, rejoignez un de nos cr\u00e9neaux : Cr\u00e9neau \u00ab\u00a0jeu libre\u00a0\u00bb le lundi \u00e0 Valli\u00e8res de 20h \u00e0 22h pour les loisirs, ouvert par Ga\u00ebl Cr\u00e9neau \u00ab\u00a0jeu libre\u00a0\u00bb le mardi \u00e0 Valli\u00e8res de 20h \u00e0 22h pour les loisirs, seulement si ouvreur et sur inscription &hellip;<!-- AddThis Advanced Settings generic via filter on get_the_excerpt --><!-- AddThis Share Buttons generic via filter on get_the_excerpt --><\/p>\n","protected":false},"author":1,"featured_media":0,"parent":0,"menu_order":0,"comment_status":"closed","ping_status":"closed","template":"","meta":{"footnotes":""},"class_list":["post-63","page","type-page","status-publish","hentry"],"yoast_head":"<!-- This site is optimized with the Yoast SEO plugin v26.7 - https:\/\/yoast.com\/wordpress\/plugins\/seo\/ -->\n<title>Loisirs - MBSMB<\/title>\n<meta name=\"robots\" content=\"index, follow, max-snippet:-1, max-image-preview:large, max-video-preview:-1\" \/>\n<link rel=\"canonical\" href=\"https:\/\/www.mbsmb.fr\/site\/loisirs\/\" \/>\n<meta property=\"og:locale\" content=\"fr_FR\" \/>\n<meta property=\"og:type\" content=\"article\" \/>\n<meta property=\"og:title\" content=\"Loisirs - MBSMB\" \/>\n<meta property=\"og:description\" content=\"Vous voulez pratiquer le badminton en Loisir, rejoignez un de nos cr\u00e9neaux : Cr\u00e9neau \u00ab\u00a0jeu libre\u00a0\u00bb le lundi \u00e0 Valli\u00e8res de 20h \u00e0 22h pour les loisirs, ouvert par Ga\u00ebl Cr\u00e9neau \u00ab\u00a0jeu libre\u00a0\u00bb le mardi \u00e0 Valli\u00e8res de 20h \u00e0 22h pour les loisirs, seulement si ouvreur et sur inscription &hellip;\" \/>\n<meta property=\"og:url\" content=\"https:\/\/www.mbsmb.fr\/site\/loisirs\/\" \/>\n<meta property=\"og:site_name\" content=\"MBSMB\" \/>\n<meta property=\"article:publisher\" content=\"https:\/\/www.facebook.com\/metzbansaintmartinbadminton\" \/>\n<meta property=\"article:modified_time\" content=\"2025-09-01T08:06:36+00:00\" \/>\n<meta property=\"og:image\" content=\"https:\/\/www.mbsmb.fr\/site\/wp-content\/uploads\/2025\/09\/CreneauxLoisirs-16-scaled.jpg\" \/>\n\t<meta property=\"og:image:width\" content=\"2560\" \/>\n\t<meta property=\"og:image:height\" content=\"1376\" \/>\n\t<meta property=\"og:image:type\" content=\"image\/jpeg\" \/>\n<meta name=\"twitter:card\" content=\"summary_large_image\" \/>\n<meta name=\"twitter:label1\" content=\"Dur\u00e9e de lecture estim\u00e9e\" \/>\n\t<meta name=\"twitter:data1\" content=\"7 minutes\" \/>\n<script type=\"application\/ld+json\" class=\"yoast-schema-graph\">{\"@context\":\"https:\/\/schema.org\",\"@graph\":[{\"@type\":\"WebPage\",\"@id\":\"https:\/\/www.mbsmb.fr\/site\/loisirs\/\",\"url\":\"https:\/\/www.mbsmb.fr\/site\/loisirs\/\",\"name\":\"Loisirs - MBSMB\",\"isPartOf\":{\"@id\":\"https:\/\/www.mbsmb.fr\/site\/#website\"},\"primaryImageOfPage\":{\"@id\":\"https:\/\/www.mbsmb.fr\/site\/loisirs\/#primaryimage\"},\"image\":{\"@id\":\"https:\/\/www.mbsmb.fr\/site\/loisirs\/#primaryimage\"},\"thumbnailUrl\":\"https:\/\/www.mbsmb.fr\/site\/wp-content\/uploads\/2025\/09\/CreneauxLoisirs-16-scaled.jpg\",\"datePublished\":\"2015-12-21T14:33:21+00:00\",\"dateModified\":\"2025-09-01T08:06:36+00:00\",\"breadcrumb\":{\"@id\":\"https:\/\/www.mbsmb.fr\/site\/loisirs\/#breadcrumb\"},\"inLanguage\":\"fr-FR\",\"potentialAction\":[{\"@type\":\"ReadAction\",\"target\":[\"https:\/\/www.mbsmb.fr\/site\/loisirs\/\"]}]},{\"@type\":\"ImageObject\",\"inLanguage\":\"fr-FR\",\"@id\":\"https:\/\/www.mbsmb.fr\/site\/loisirs\/#primaryimage\",\"url\":\"https:\/\/www.mbsmb.fr\/site\/wp-content\/uploads\/2025\/09\/CreneauxLoisirs-16-scaled.jpg\",\"contentUrl\":\"https:\/\/www.mbsmb.fr\/site\/wp-content\/uploads\/2025\/09\/CreneauxLoisirs-16-scaled.jpg\",\"width\":2560,\"height\":1376},{\"@type\":\"BreadcrumbList\",\"@id\":\"https:\/\/www.mbsmb.fr\/site\/loisirs\/#breadcrumb\",\"itemListElement\":[{\"@type\":\"ListItem\",\"position\":1,\"name\":\"Accueil\",\"item\":\"https:\/\/www.mbsmb.fr\/site\/\"},{\"@type\":\"ListItem\",\"position\":2,\"name\":\"Loisirs\"}]},{\"@type\":\"WebSite\",\"@id\":\"https:\/\/www.mbsmb.fr\/site\/#website\",\"url\":\"https:\/\/www.mbsmb.fr\/site\/\",\"name\":\"MSQB metz saint quentin badminton\",\"description\":\"Metz Ban Saint Martin Badminton\",\"publisher\":{\"@id\":\"https:\/\/www.mbsmb.fr\/site\/#organization\"},\"potentialAction\":[{\"@type\":\"SearchAction\",\"target\":{\"@type\":\"EntryPoint\",\"urlTemplate\":\"https:\/\/www.mbsmb.fr\/site\/?s={search_term_string}\"},\"query-input\":{\"@type\":\"PropertyValueSpecification\",\"valueRequired\":true,\"valueName\":\"search_term_string\"}}],\"inLanguage\":\"fr-FR\"},{\"@type\":\"Organization\",\"@id\":\"https:\/\/www.mbsmb.fr\/site\/#organization\",\"name\":\"msqb\",\"url\":\"https:\/\/www.mbsmb.fr\/site\/\",\"logo\":{\"@type\":\"ImageObject\",\"inLanguage\":\"fr-FR\",\"@id\":\"https:\/\/www.mbsmb.fr\/site\/#\/schema\/logo\/image\/\",\"url\":\"http:\/\/www.msqb.fr\/site\/wp-content\/uploads\/2015\/12\/msqb_logo1.png\",\"contentUrl\":\"http:\/\/www.msqb.fr\/site\/wp-content\/uploads\/2015\/12\/msqb_logo1.png\",\"width\":996,\"height\":996,\"caption\":\"msqb\"},\"image\":{\"@id\":\"https:\/\/www.mbsmb.fr\/site\/#\/schema\/logo\/image\/\"},\"sameAs\":[\"https:\/\/www.facebook.com\/metzbansaintmartinbadminton\"]}]}<\/script>\n<!-- \/ Yoast SEO plugin. -->","yoast_head_json":{"title":"Loisirs - MBSMB","robots":{"index":"index","follow":"follow","max-snippet":"max-snippet:-1","max-image-preview":"max-image-preview:large","max-video-preview":"max-video-preview:-1"},"canonical":"https:\/\/www.mbsmb.fr\/site\/loisirs\/","og_locale":"fr_FR","og_type":"article","og_title":"Loisirs - MBSMB","og_description":"Vous voulez pratiquer le badminton en Loisir, rejoignez un de nos cr\u00e9neaux : Cr\u00e9neau \u00ab\u00a0jeu libre\u00a0\u00bb le lundi \u00e0 Valli\u00e8res de 20h \u00e0 22h pour les loisirs, ouvert par Ga\u00ebl Cr\u00e9neau \u00ab\u00a0jeu libre\u00a0\u00bb le mardi \u00e0 Valli\u00e8res de 20h \u00e0 22h pour les loisirs, seulement si ouvreur et sur inscription &hellip;","og_url":"https:\/\/www.mbsmb.fr\/site\/loisirs\/","og_site_name":"MBSMB","article_publisher":"https:\/\/www.facebook.com\/metzbansaintmartinbadminton","article_modified_time":"2025-09-01T08:06:36+00:00","og_image":[{"width":2560,"height":1376,"url":"https:\/\/www.mbsmb.fr\/site\/wp-content\/uploads\/2025\/09\/CreneauxLoisirs-16-scaled.jpg","type":"image\/jpeg"}],"twitter_card":"summary_large_image","twitter_misc":{"Dur\u00e9e de lecture estim\u00e9e":"7 minutes"},"schema":{"@context":"https:\/\/schema.org","@graph":[{"@type":"WebPage","@id":"https:\/\/www.mbsmb.fr\/site\/loisirs\/","url":"https:\/\/www.mbsmb.fr\/site\/loisirs\/","name":"Loisirs - MBSMB","isPartOf":{"@id":"https:\/\/www.mbsmb.fr\/site\/#website"},"primaryImageOfPage":{"@id":"https:\/\/www.mbsmb.fr\/site\/loisirs\/#primaryimage"},"image":{"@id":"https:\/\/www.mbsmb.fr\/site\/loisirs\/#primaryimage"},"thumbnailUrl":"https:\/\/www.mbsmb.fr\/site\/wp-content\/uploads\/2025\/09\/CreneauxLoisirs-16-scaled.jpg","datePublished":"2015-12-21T14:33:21+00:00","dateModified":"2025-09-01T08:06:36+00:00","breadcrumb":{"@id":"https:\/\/www.mbsmb.fr\/site\/loisirs\/#breadcrumb"},"inLanguage":"fr-FR","potentialAction":[{"@type":"ReadAction","target":["https:\/\/www.mbsmb.fr\/site\/loisirs\/"]}]},{"@type":"ImageObject","inLanguage":"fr-FR","@id":"https:\/\/www.mbsmb.fr\/site\/loisirs\/#primaryimage","url":"https:\/\/www.mbsmb.fr\/site\/wp-content\/uploads\/2025\/09\/CreneauxLoisirs-16-scaled.jpg","contentUrl":"https:\/\/www.mbsmb.fr\/site\/wp-content\/uploads\/2025\/09\/CreneauxLoisirs-16-scaled.jpg","width":2560,"height":1376},{"@type":"BreadcrumbList","@id":"https:\/\/www.mbsmb.fr\/site\/loisirs\/#breadcrumb","itemListElement":[{"@type":"ListItem","position":1,"name":"Accueil","item":"https:\/\/www.mbsmb.fr\/site\/"},{"@type":"ListItem","position":2,"name":"Loisirs"}]},{"@type":"WebSite","@id":"https:\/\/www.mbsmb.fr\/site\/#website","url":"https:\/\/www.mbsmb.fr\/site\/","name":"MSQB metz saint quentin badminton","description":"Metz Ban Saint Martin Badminton","publisher":{"@id":"https:\/\/www.mbsmb.fr\/site\/#organization"},"potentialAction":[{"@type":"SearchAction","target":{"@type":"EntryPoint","urlTemplate":"https:\/\/www.mbsmb.fr\/site\/?s={search_term_string}"},"query-input":{"@type":"PropertyValueSpecification","valueRequired":true,"valueName":"search_term_string"}}],"inLanguage":"fr-FR"},{"@type":"Organization","@id":"https:\/\/www.mbsmb.fr\/site\/#organization","name":"msqb","url":"https:\/\/www.mbsmb.fr\/site\/","logo":{"@type":"ImageObject","inLanguage":"fr-FR","@id":"https:\/\/www.mbsmb.fr\/site\/#\/schema\/logo\/image\/","url":"http:\/\/www.msqb.fr\/site\/wp-content\/uploads\/2015\/12\/msqb_logo1.png","contentUrl":"http:\/\/www.msqb.fr\/site\/wp-content\/uploads\/2015\/12\/msqb_logo1.png","width":996,"height":996,"caption":"msqb"},"image":{"@id":"https:\/\/www.mbsmb.fr\/site\/#\/schema\/logo\/image\/"},"sameAs":["https:\/\/www.facebook.com\/metzbansaintmartinbadminton"]}]}},"_links":{"self":[{"href":"https:\/\/www.mbsmb.fr\/site\/wp-json\/wp\/v2\/pages\/63","targetHints":{"allow":["GET"]}}],"collection":[{"href":"https:\/\/www.mbsmb.fr\/site\/wp-json\/wp\/v2\/pages"}],"about":[{"href":"https:\/\/www.mbsmb.fr\/site\/wp-json\/wp\/v2\/types\/page"}],"author":[{"embeddable":true,"href":"https:\/\/www.mbsmb.fr\/site\/wp-json\/wp\/v2\/users\/1"}],"replies":[{"embeddable":true,"href":"https:\/\/www.mbsmb.fr\/site\/wp-json\/wp\/v2\/comments?post=63"}],"version-history":[{"count":92,"href":"https:\/\/www.mbsmb.fr\/site\/wp-json\/wp\/v2\/pages\/63\/revisions"}],"predecessor-version":[{"id":3235,"href":"https:\/\/www.mbsmb.fr\/site\/wp-json\/wp\/v2\/pages\/63\/revisions\/3235"}],"wp:attachment":[{"href":"https:\/\/www.mbsmb.fr\/site\/wp-json\/wp\/v2\/media?parent=63"}],"curies":[{"name":"wp","href":"https:\/\/api.w.org\/{rel}","templated":true}]}}