{"id":53,"date":"2015-12-21T14:09:53","date_gmt":"2015-12-21T13:09:53","guid":{"rendered":"http:\/\/www.msqb.fr\/site2\/?page_id=53"},"modified":"2025-08-04T09:50:57","modified_gmt":"2025-08-04T08:50:57","slug":"acces","status":"publish","type":"page","link":"https:\/\/www.mbsmb.fr\/site\/le-club\/acces\/","title":{"rendered":"Acc\u00e8s Gymnases"},"content":{"rendered":"<h4>Les gymnases<\/h4>\n<table style=\"width: 100%;\" width=\"1356\">\n<tbody>\n<tr>\n<td style=\"background-color: #e9f6fd; width: 25%; text-align: center;\">\n<h5><strong>Complexe Sportif du Ban Saint Martin <\/strong><\/h5>\n<p><em><strong>(5 terrains)<\/strong><\/em><\/p>\n<p><img loading=\"lazy\" decoding=\"async\" class=\"alignnone size-full wp-image-3158\" src=\"https:\/\/www.mbsmb.fr\/site\/wp-content\/uploads\/2025\/08\/LocalisationPNG-13-e1754296634776.png\" alt=\"\" width=\"50\" height=\"50\" \/><br \/>\nRue de la Marne<br \/>\n(entr\u00e9e stade de foot)<br \/>\n57050 Ban Saint Martin (le)<br \/>\n<a href=\"http:\/\/maps.google.fr\/maps?q=49.123051,6.1520255\">Itin\u00e9raire Google maps<\/a><\/td>\n<td style=\"background-color: #ffffff; width: 25%; text-align: center;\">\n<h5><strong>Gymnase de la Grange aux Bois <\/strong><\/h5>\n<p><em><strong>(7 terrains)<\/strong><\/em><\/p>\n<p><img loading=\"lazy\" decoding=\"async\" class=\"alignnone size-full wp-image-3158\" src=\"https:\/\/www.mbsmb.fr\/site\/wp-content\/uploads\/2025\/08\/LocalisationPNG-13-e1754296634776.png\" alt=\"\" width=\"50\" height=\"50\" \/><br \/>\n2 rue de la Baron\u00e8te<br \/>\n57070 Metz<br \/>\n<a href=\"https:\/\/goo.gl\/maps\/x9SKfQArviNqSdkQ8\">Itin\u00e9raire Google maps<\/a><\/td>\n<td style=\"background-color: #e9f6fd; width: 25%; text-align: center;\">\n<h5><strong>Gymnase de Metz Valli\u00e8res <\/strong><\/h5>\n<p><strong><em>(5 terrains)<\/em><\/strong><\/p>\n<p><img loading=\"lazy\" decoding=\"async\" class=\"alignnone size-full wp-image-3158\" src=\"https:\/\/www.mbsmb.fr\/site\/wp-content\/uploads\/2025\/08\/LocalisationPNG-13-e1754296634776.png\" alt=\"\" width=\"50\" height=\"50\" \/><br \/>\n10 rue des Carri\u00e8res<br \/>\n57070 Metz<br \/>\n<a href=\"https:\/\/goo.gl\/maps\/oktXeTiijKsXZAF39\">Itin\u00e9raire Google maps<\/a><\/td>\n<td style=\"background-color: #ffffff; width: 25%; text-align: center;\">\n<h5><strong>Salle polyvalente de Saulny<\/strong><\/h5>\n<p>&nbsp;<\/p>\n<p><img loading=\"lazy\" decoding=\"async\" class=\"alignnone size-full wp-image-3158\" src=\"https:\/\/www.mbsmb.fr\/site\/wp-content\/uploads\/2025\/08\/LocalisationPNG-13-e1754296634776.png\" alt=\"\" width=\"50\" height=\"50\" \/><br \/>\nSalle polyvalente D7<br \/>\n57140 Saulny<br \/>\n<a href=\"http:\/\/maps.google.fr\/maps?q=49.1539835,6.1165953\">Itin\u00e9raire Google maps<\/a><\/td>\n<\/tr>\n<\/tbody>\n<\/table>\n<p>&nbsp;<\/p>\n<p>&nbsp;<\/p>\n<p><iframe loading=\"lazy\" src=\"https:\/\/www.google.com\/maps\/d\/u\/1\/embed?mid=1hJ8x5QDVgH-6Zq9aXf7molY9Gsu9zxdN&amp;ehbc=2E312F\" width=\"640\" height=\"480\"><\/iframe><\/p>\n<!-- AddThis Advanced Settings generic via filter on the_content --><!-- AddThis Share Buttons generic via filter on the_content -->","protected":false},"excerpt":{"rendered":"<p>Les gymnases Complexe Sportif du Ban Saint Martin (5 terrains) Rue de la Marne (entr\u00e9e stade de foot) 57050 Ban Saint Martin (le) Itin\u00e9raire Google maps Gymnase de la Grange aux Bois (7 terrains) 2 rue de la Baron\u00e8te 57070 Metz Itin\u00e9raire Google maps Gymnase de Metz Valli\u00e8res (5 terrains) &hellip;<!-- AddThis Advanced Settings generic via filter on get_the_excerpt --><!-- AddThis Share Buttons generic via filter on get_the_excerpt --><\/p>\n","protected":false},"author":1,"featured_media":0,"parent":27,"menu_order":6,"comment_status":"closed","ping_status":"closed","template":"","meta":{"footnotes":""},"class_list":["post-53","page","type-page","status-publish","hentry"],"yoast_head":"<!-- This site is optimized with the Yoast SEO plugin v26.7 - https:\/\/yoast.com\/wordpress\/plugins\/seo\/ -->\n<title>Acc\u00e8s Gymnases - MBSMB<\/title>\n<meta name=\"description\" content=\"Gymnases Metz Ban Saint Martin badminton. Valli\u00e8res. Ban Saint Martin. Grange aux Bois. Saulny. MBSMB MSQB MB %\" \/>\n<meta name=\"robots\" content=\"index, follow, max-snippet:-1, max-image-preview:large, max-video-preview:-1\" \/>\n<link rel=\"canonical\" href=\"https:\/\/www.mbsmb.fr\/site\/le-club\/acces\/\" \/>\n<meta property=\"og:locale\" content=\"fr_FR\" \/>\n<meta property=\"og:type\" content=\"article\" \/>\n<meta property=\"og:title\" content=\"Acc\u00e8s Gymnases - MBSMB\" \/>\n<meta property=\"og:description\" content=\"Gymnases Metz Ban Saint Martin badminton. Valli\u00e8res. Ban Saint Martin. Grange aux Bois. Saulny. MBSMB MSQB MB %\" \/>\n<meta property=\"og:url\" content=\"https:\/\/www.mbsmb.fr\/site\/le-club\/acces\/\" \/>\n<meta property=\"og:site_name\" content=\"MBSMB\" \/>\n<meta property=\"article:publisher\" content=\"https:\/\/www.facebook.com\/metzbansaintmartinbadminton\" \/>\n<meta property=\"article:modified_time\" content=\"2025-08-04T08:50:57+00:00\" \/>\n<meta property=\"og:image\" content=\"https:\/\/www.mbsmb.fr\/site\/wp-content\/uploads\/2025\/08\/LocalisationPNG-13-e1754296634776.png\" \/>\n\t<meta property=\"og:image:width\" content=\"50\" \/>\n\t<meta property=\"og:image:height\" content=\"50\" \/>\n\t<meta property=\"og:image:type\" content=\"image\/png\" \/>\n<meta name=\"twitter:card\" content=\"summary_large_image\" \/>\n<meta name=\"twitter:label1\" content=\"Dur\u00e9e de lecture estim\u00e9e\" \/>\n\t<meta name=\"twitter:data1\" content=\"2 minutes\" \/>\n<script type=\"application\/ld+json\" class=\"yoast-schema-graph\">{\"@context\":\"https:\/\/schema.org\",\"@graph\":[{\"@type\":\"WebPage\",\"@id\":\"https:\/\/www.mbsmb.fr\/site\/le-club\/acces\/\",\"url\":\"https:\/\/www.mbsmb.fr\/site\/le-club\/acces\/\",\"name\":\"Acc\u00e8s Gymnases - MBSMB\",\"isPartOf\":{\"@id\":\"https:\/\/www.mbsmb.fr\/site\/#website\"},\"primaryImageOfPage\":{\"@id\":\"https:\/\/www.mbsmb.fr\/site\/le-club\/acces\/#primaryimage\"},\"image\":{\"@id\":\"https:\/\/www.mbsmb.fr\/site\/le-club\/acces\/#primaryimage\"},\"thumbnailUrl\":\"https:\/\/www.mbsmb.fr\/site\/wp-content\/uploads\/2025\/08\/LocalisationPNG-13-e1754296634776.png\",\"datePublished\":\"2015-12-21T13:09:53+00:00\",\"dateModified\":\"2025-08-04T08:50:57+00:00\",\"description\":\"Gymnases Metz Ban Saint Martin badminton. Valli\u00e8res. Ban Saint Martin. Grange aux Bois. Saulny. MBSMB MSQB MB %\",\"breadcrumb\":{\"@id\":\"https:\/\/www.mbsmb.fr\/site\/le-club\/acces\/#breadcrumb\"},\"inLanguage\":\"fr-FR\",\"potentialAction\":[{\"@type\":\"ReadAction\",\"target\":[\"https:\/\/www.mbsmb.fr\/site\/le-club\/acces\/\"]}]},{\"@type\":\"ImageObject\",\"inLanguage\":\"fr-FR\",\"@id\":\"https:\/\/www.mbsmb.fr\/site\/le-club\/acces\/#primaryimage\",\"url\":\"https:\/\/www.mbsmb.fr\/site\/wp-content\/uploads\/2025\/08\/LocalisationPNG-13-e1754296634776.png\",\"contentUrl\":\"https:\/\/www.mbsmb.fr\/site\/wp-content\/uploads\/2025\/08\/LocalisationPNG-13-e1754296634776.png\",\"width\":50,\"height\":50},{\"@type\":\"BreadcrumbList\",\"@id\":\"https:\/\/www.mbsmb.fr\/site\/le-club\/acces\/#breadcrumb\",\"itemListElement\":[{\"@type\":\"ListItem\",\"position\":1,\"name\":\"Accueil\",\"item\":\"https:\/\/www.mbsmb.fr\/site\/\"},{\"@type\":\"ListItem\",\"position\":2,\"name\":\"Le club\",\"item\":\"https:\/\/www.mbsmb.fr\/site\/le-club\/\"},{\"@type\":\"ListItem\",\"position\":3,\"name\":\"Acc\u00e8s Gymnases\"}]},{\"@type\":\"WebSite\",\"@id\":\"https:\/\/www.mbsmb.fr\/site\/#website\",\"url\":\"https:\/\/www.mbsmb.fr\/site\/\",\"name\":\"MSQB metz saint quentin badminton\",\"description\":\"Metz Ban Saint Martin Badminton\",\"publisher\":{\"@id\":\"https:\/\/www.mbsmb.fr\/site\/#organization\"},\"potentialAction\":[{\"@type\":\"SearchAction\",\"target\":{\"@type\":\"EntryPoint\",\"urlTemplate\":\"https:\/\/www.mbsmb.fr\/site\/?s={search_term_string}\"},\"query-input\":{\"@type\":\"PropertyValueSpecification\",\"valueRequired\":true,\"valueName\":\"search_term_string\"}}],\"inLanguage\":\"fr-FR\"},{\"@type\":\"Organization\",\"@id\":\"https:\/\/www.mbsmb.fr\/site\/#organization\",\"name\":\"msqb\",\"url\":\"https:\/\/www.mbsmb.fr\/site\/\",\"logo\":{\"@type\":\"ImageObject\",\"inLanguage\":\"fr-FR\",\"@id\":\"https:\/\/www.mbsmb.fr\/site\/#\/schema\/logo\/image\/\",\"url\":\"http:\/\/www.msqb.fr\/site\/wp-content\/uploads\/2015\/12\/msqb_logo1.png\",\"contentUrl\":\"http:\/\/www.msqb.fr\/site\/wp-content\/uploads\/2015\/12\/msqb_logo1.png\",\"width\":996,\"height\":996,\"caption\":\"msqb\"},\"image\":{\"@id\":\"https:\/\/www.mbsmb.fr\/site\/#\/schema\/logo\/image\/\"},\"sameAs\":[\"https:\/\/www.facebook.com\/metzbansaintmartinbadminton\"]}]}<\/script>\n<!-- \/ Yoast SEO plugin. -->","yoast_head_json":{"title":"Acc\u00e8s Gymnases - MBSMB","description":"Gymnases Metz Ban Saint Martin badminton. Valli\u00e8res. Ban Saint Martin. Grange aux Bois. Saulny. MBSMB MSQB MB %","robots":{"index":"index","follow":"follow","max-snippet":"max-snippet:-1","max-image-preview":"max-image-preview:large","max-video-preview":"max-video-preview:-1"},"canonical":"https:\/\/www.mbsmb.fr\/site\/le-club\/acces\/","og_locale":"fr_FR","og_type":"article","og_title":"Acc\u00e8s Gymnases - MBSMB","og_description":"Gymnases Metz Ban Saint Martin badminton. Valli\u00e8res. Ban Saint Martin. Grange aux Bois. Saulny. MBSMB MSQB MB %","og_url":"https:\/\/www.mbsmb.fr\/site\/le-club\/acces\/","og_site_name":"MBSMB","article_publisher":"https:\/\/www.facebook.com\/metzbansaintmartinbadminton","article_modified_time":"2025-08-04T08:50:57+00:00","og_image":[{"width":50,"height":50,"url":"https:\/\/www.mbsmb.fr\/site\/wp-content\/uploads\/2025\/08\/LocalisationPNG-13-e1754296634776.png","type":"image\/png"}],"twitter_card":"summary_large_image","twitter_misc":{"Dur\u00e9e de lecture estim\u00e9e":"2 minutes"},"schema":{"@context":"https:\/\/schema.org","@graph":[{"@type":"WebPage","@id":"https:\/\/www.mbsmb.fr\/site\/le-club\/acces\/","url":"https:\/\/www.mbsmb.fr\/site\/le-club\/acces\/","name":"Acc\u00e8s Gymnases - MBSMB","isPartOf":{"@id":"https:\/\/www.mbsmb.fr\/site\/#website"},"primaryImageOfPage":{"@id":"https:\/\/www.mbsmb.fr\/site\/le-club\/acces\/#primaryimage"},"image":{"@id":"https:\/\/www.mbsmb.fr\/site\/le-club\/acces\/#primaryimage"},"thumbnailUrl":"https:\/\/www.mbsmb.fr\/site\/wp-content\/uploads\/2025\/08\/LocalisationPNG-13-e1754296634776.png","datePublished":"2015-12-21T13:09:53+00:00","dateModified":"2025-08-04T08:50:57+00:00","description":"Gymnases Metz Ban Saint Martin badminton. Valli\u00e8res. Ban Saint Martin. Grange aux Bois. Saulny. MBSMB MSQB MB %","breadcrumb":{"@id":"https:\/\/www.mbsmb.fr\/site\/le-club\/acces\/#breadcrumb"},"inLanguage":"fr-FR","potentialAction":[{"@type":"ReadAction","target":["https:\/\/www.mbsmb.fr\/site\/le-club\/acces\/"]}]},{"@type":"ImageObject","inLanguage":"fr-FR","@id":"https:\/\/www.mbsmb.fr\/site\/le-club\/acces\/#primaryimage","url":"https:\/\/www.mbsmb.fr\/site\/wp-content\/uploads\/2025\/08\/LocalisationPNG-13-e1754296634776.png","contentUrl":"https:\/\/www.mbsmb.fr\/site\/wp-content\/uploads\/2025\/08\/LocalisationPNG-13-e1754296634776.png","width":50,"height":50},{"@type":"BreadcrumbList","@id":"https:\/\/www.mbsmb.fr\/site\/le-club\/acces\/#breadcrumb","itemListElement":[{"@type":"ListItem","position":1,"name":"Accueil","item":"https:\/\/www.mbsmb.fr\/site\/"},{"@type":"ListItem","position":2,"name":"Le club","item":"https:\/\/www.mbsmb.fr\/site\/le-club\/"},{"@type":"ListItem","position":3,"name":"Acc\u00e8s Gymnases"}]},{"@type":"WebSite","@id":"https:\/\/www.mbsmb.fr\/site\/#website","url":"https:\/\/www.mbsmb.fr\/site\/","name":"MSQB metz saint quentin badminton","description":"Metz Ban Saint Martin Badminton","publisher":{"@id":"https:\/\/www.mbsmb.fr\/site\/#organization"},"potentialAction":[{"@type":"SearchAction","target":{"@type":"EntryPoint","urlTemplate":"https:\/\/www.mbsmb.fr\/site\/?s={search_term_string}"},"query-input":{"@type":"PropertyValueSpecification","valueRequired":true,"valueName":"search_term_string"}}],"inLanguage":"fr-FR"},{"@type":"Organization","@id":"https:\/\/www.mbsmb.fr\/site\/#organization","name":"msqb","url":"https:\/\/www.mbsmb.fr\/site\/","logo":{"@type":"ImageObject","inLanguage":"fr-FR","@id":"https:\/\/www.mbsmb.fr\/site\/#\/schema\/logo\/image\/","url":"http:\/\/www.msqb.fr\/site\/wp-content\/uploads\/2015\/12\/msqb_logo1.png","contentUrl":"http:\/\/www.msqb.fr\/site\/wp-content\/uploads\/2015\/12\/msqb_logo1.png","width":996,"height":996,"caption":"msqb"},"image":{"@id":"https:\/\/www.mbsmb.fr\/site\/#\/schema\/logo\/image\/"},"sameAs":["https:\/\/www.facebook.com\/metzbansaintmartinbadminton"]}]}},"_links":{"self":[{"href":"https:\/\/www.mbsmb.fr\/site\/wp-json\/wp\/v2\/pages\/53","targetHints":{"allow":["GET"]}}],"collection":[{"href":"https:\/\/www.mbsmb.fr\/site\/wp-json\/wp\/v2\/pages"}],"about":[{"href":"https:\/\/www.mbsmb.fr\/site\/wp-json\/wp\/v2\/types\/page"}],"author":[{"embeddable":true,"href":"https:\/\/www.mbsmb.fr\/site\/wp-json\/wp\/v2\/users\/1"}],"replies":[{"embeddable":true,"href":"https:\/\/www.mbsmb.fr\/site\/wp-json\/wp\/v2\/comments?post=53"}],"version-history":[{"count":37,"href":"https:\/\/www.mbsmb.fr\/site\/wp-json\/wp\/v2\/pages\/53\/revisions"}],"predecessor-version":[{"id":3127,"href":"https:\/\/www.mbsmb.fr\/site\/wp-json\/wp\/v2\/pages\/53\/revisions\/3127"}],"up":[{"embeddable":true,"href":"https:\/\/www.mbsmb.fr\/site\/wp-json\/wp\/v2\/pages\/27"}],"wp:attachment":[{"href":"https:\/\/www.mbsmb.fr\/site\/wp-json\/wp\/v2\/media?parent=53"}],"curies":[{"name":"wp","href":"https:\/\/api.w.org\/{rel}","templated":true}]}}