{"id":51,"date":"2015-12-21T14:09:45","date_gmt":"2015-12-21T13:09:45","guid":{"rendered":"http:\/\/www.msqb.fr\/site2\/?page_id=51"},"modified":"2025-07-16T13:16:58","modified_gmt":"2025-07-16T12:16:58","slug":"inscriptions","status":"publish","type":"page","link":"https:\/\/www.mbsmb.fr\/site\/le-club\/inscriptions\/","title":{"rendered":"Inscriptions 2025 2026"},"content":{"rendered":"<h5><strong>Avant de s\u2019inscrire et\/ou de venir au gymnase<\/strong><\/h5>\n<p>Pour toutes les nouvelles personnes d\u00e9sireuses de d\u00e9couvrir l&rsquo;activit\u00e9, nous vous remercions de nous contacter au pr\u00e9alable via <a href=\"mailto:co***********@***il.com\" data-original-string=\"bWYzolP7qIs\/BfSeL4Fp8g==6279Uphoi+BUiboWE91SKG48INMRQoFxoIEjb38oLMmtCE=\" title=\"This contact has been encoded by Anti-Spam by CleanTalk. Click to decode. To finish the decoding make sure that JavaScript is enabled in your browser.\"><span \n                data-original-string='gKufy9hlkGIIpKB1pNaq0Q==627Su2wAxqS13a8cIMD78eSngBjMzuEtMx47kxT+7o4ABw='\n                class='apbct-email-encoder'\n                title='This contact has been encoded by Anti-Spam by CleanTalk. Click to decode. To finish the decoding make sure that JavaScript is enabled in your browser.'>co<span class=\"apbct-blur\">***********<\/span>@<span class=\"apbct-blur\">***<\/span>il.com<\/span><\/a> avant de vous rendre au gymnase. Nous pourrons ainsi vous orienter sur le cr\u00e9neau le plus adapt\u00e9 pour une premi\u00e8re s\u00e9ance et vous offrir un accueil de qualit\u00e9.<\/p>\n<h5><strong>Comment s\u2019inscrire ?<\/strong><\/h5>\n<p><u><strong>Les modalit\u00e9s d&rsquo;inscription d\u00e9pendent de votre mode de r\u00e8glement<\/strong><\/u><\/p>\n<p><strong>1- R\u00e8glement par virement bancaire<\/strong><br \/>\n&#8211; Le dossier complet doit \u00eatre envoy\u00e9 <strong><span style=\"color: #ff0000;\">par mail<\/span><\/strong> \u00e0 <a href=\"mailto:co***********@***il.com\" data-original-string=\"+coOQOc9qYxDZWrV4iomWA==62749yb\/KZBlW7ZfGWr6pl6lfMyQqImLdwLwoGM04KAAHM=\" title=\"This contact has been encoded by Anti-Spam by CleanTalk. Click to decode. To finish the decoding make sure that JavaScript is enabled in your browser.\"><span \n                data-original-string='yAYRLROwFKf7CIJDft32lA==627ROMwDL0OtX5exB6FU+wBKK\/6K7ud3W4wtel2mg+FnLM='\n                class='apbct-email-encoder'\n                title='This contact has been encoded by Anti-Spam by CleanTalk. Click to decode. To finish the decoding make sure that JavaScript is enabled in your browser.'>co<span class=\"apbct-blur\">***********<\/span>@<span class=\"apbct-blur\">***<\/span>il.com<\/span><\/a> accompagn\u00e9 de l&rsquo;ordre\/la preuve de virement.<br \/>\n&#8211; Pour les virements merci de les programmer <u>\u00e0 compter du 1er septembre 2025.<\/u> Merci d\u2019indiquer la <strong>mention \u00ab Inscription_Nom du licenci\u00e9_Pr\u00e9nom du licenci\u00e9 \u00bb<\/strong> dans l\u2019objet du virement.<\/p>\n<p><em><strong>Banque: CIC<\/strong><\/em><br \/>\n<em><strong>IBAN: FR76 3008 7333 0400 0208 8670 183<\/strong><\/em><br \/>\n<em><strong>BIC : CMCIFRPP<\/strong><\/em><\/p>\n<p><u><\/u>&#8211; Liste des documents \u00e0 fournir ci-dessous.<\/p>\n<p><strong>2- R\u00e8glement par ch\u00e8que ou ch\u00e8que vacances<\/strong><br \/>\nLe dossier doit \u00eatre transmis en <strong><span style=\"color: #ff0000;\">version papier<\/span><\/strong> accompagn\u00e9 du r\u00e8glement aux entraineurs\/encadrants (Florent, Daniel, Jean-Luc, Rey, Ga\u00ebl, Corentin, \u00c9ric, Alexandre) ou \u00e0 Corinne.<\/p>\n<p><strong>NOUS N\u2019ACCEPTONS PAS LES ESPECES<\/strong><\/p>\n<h5><strong>Documents \u00e0 fournir :\u00a0<\/strong><\/h5>\n<p>\u2022 <strong>La fiche de renseignement CLUB MBSMB<\/strong> \u2013 cliquez\u00a0<a href=\"https:\/\/www.mbsmb.fr\/site\/wp-content\/uploads\/2025\/07\/Fiche-renseignements-2025-2026.pdf\">ICI<\/a><br \/>\n\u2022 <strong>La fiche de renseignement JOUEURS EXT\u00c9RIEURS<\/strong> \u2013 cliquez\u00a0<a href=\"https:\/\/www.mbsmb.fr\/site\/wp-content\/uploads\/2025\/07\/Fiche-renseignements-2025-2026-Exterieur.pdf\">ICI<\/a><br \/>\n\u2022 <strong>Le Formulaire FFBAD de prise de licence 2025-2026<\/strong>,<br \/>\nMineurs \u2013 cliquez <a href=\"https:\/\/www.mbsmb.fr\/site\/wp-content\/uploads\/2025\/07\/FFBaD_FORMULAIRE_SAISON_2025-2026_MINEUR_ok.pdf\">ICI<\/a><br \/>\nAdultes \u2013 cliquez <a href=\"https:\/\/www.mbsmb.fr\/site\/wp-content\/uploads\/2025\/07\/FFBaD_FORMULAIRE_SAISON_2025-2026_ADULTE_ok.pdf\">ICI<\/a><br \/>\nLes licences seront envoy\u00e9es par email uniquement. <strong>Il est indispensable de mentionner une adresse email valide sur le formulaire d\u2019inscription.<\/strong><br \/>\n\u2022 <strong>Le Questionnaire de sant\u00e9<\/strong> :<br \/>\nLe certificat m\u00e9dical pour l\u2019obtention ou le renouvellement d\u2019une licence n\u2019est plus exig\u00e9, que la personne soit majeure ou mineure.<br \/>\nL&rsquo;attestation du questionnaire de sant\u00e9 doit \u00eatre remise au club, <u>si et seulement si<\/u> le licenci\u00e9 atteste avoir <strong>r\u00e9pondu par la n\u00e9gativit\u00e9<\/strong> \u00e0 chacune des questions du questionnaire. (L&rsquo;attestation se trouve \u00e0 la fin du questionnaire de sant\u00e9)<br \/>\nMineurs \u2013 cliquez <a href=\"https:\/\/www.mbsmb.fr\/site\/wp-content\/uploads\/2025\/07\/FFBaD_-_MINEURS_QUESTIONNAIRE_SANTE-3.pdf\">ICI<\/a><br \/>\nAdultes \u2013 cliquez <a href=\"https:\/\/www.mbsmb.fr\/site\/wp-content\/uploads\/2025\/07\/FFBaD_-_ADULTES_QUESTIONNAIRE_SANTE-4.pdf\">ICI<\/a><\/p>\n<p><strong><span style=\"color: #ff0000;\">Si j\u2019ai r\u00e9pondu OUI \u00e0 une question du questionnaire de sant\u00e9, je dois fournir un certificat m\u00e9dical<\/span><\/strong> datant de moins de 6 mois. L&rsquo;utilisation du formulaire FFBAD est demand\u00e9e.<br \/>\n\u2022 <strong>Le Certificat m\u00e9dical sp\u00e9cial FFBAD<\/strong>, Cliquez <a href=\"https:\/\/www.mbsmb.fr\/site\/wp-content\/uploads\/2025\/07\/Certificat-medical-de-non-contre-Indication.pdf\">ICI<\/a><\/p>\n<hr \/>\n<p>LE CLUB A POUR INSTRUCTION DE REFUSER LES JOUEURS NON LICENCIES <a href=\"http:\/\/www.ffbad.org\/la-ffbad\/l-assurance\/#:~:text=Les%20pratiquants%20%C3%A0%20%C2%AB%20l'essai,peut%20%C3%AAtre%20sup%C3%A9rieur%20%C3%A0%203.\">APRES 3 S\u00c9ANCES D\u2019ESSAI POUR DES QUESTIONS D\u2019ASSURANCE<\/a>.<br \/>\nNotez que vous pouvez refuser l\u2019assurance individuelle en remplissant le formulaire de refus des garanties : Cliquez <a href=\"http:\/\/www.ffbad.org\/data\/Files\/Accueil\/La_FFBaD\/Assurance\/FFBAD_-_Modele_Lettre_Refus_AI_-_2019-2020.pdf\">ICI<\/a><\/p>\n<p><strong><span style=\"color: #ff0000;\">SI LE DOSSIER N&rsquo;EST PAS COMPLET : PAS DE LICENCE DONC PAS DE CRENEAU, PAS DE TOURNOI ET PAS D&rsquo;INTERCLUBS.<\/span><\/strong><\/p>\n<p><em>A bient\u00f4t sur les terrains<\/em><\/p>\n<!-- AddThis Advanced Settings generic via filter on the_content --><!-- AddThis Share Buttons generic via filter on the_content -->","protected":false},"excerpt":{"rendered":"<p>Avant de s\u2019inscrire et\/ou de venir au gymnase Pour toutes les nouvelles personnes d\u00e9sireuses de d\u00e9couvrir l&rsquo;activit\u00e9, nous vous remercions de nous contacter au pr\u00e9alable via co***********@***il.com avant de vous rendre au gymnase. Nous pourrons ainsi vous orienter sur le cr\u00e9neau le plus adapt\u00e9 pour une premi\u00e8re s\u00e9ance et vous &hellip;<!-- AddThis Advanced Settings generic via filter on get_the_excerpt --><!-- AddThis Share Buttons generic via filter on get_the_excerpt --><\/p>\n","protected":false},"author":1,"featured_media":0,"parent":27,"menu_order":5,"comment_status":"closed","ping_status":"closed","template":"","meta":{"footnotes":""},"class_list":["post-51","page","type-page","status-publish","hentry"],"yoast_head":"<!-- This site is optimized with the Yoast SEO plugin v26.7 - https:\/\/yoast.com\/wordpress\/plugins\/seo\/ -->\n<title>Inscriptions 2025 2026 - MBSMB<\/title>\n<meta name=\"robots\" content=\"index, follow, max-snippet:-1, max-image-preview:large, max-video-preview:-1\" \/>\n<link rel=\"canonical\" href=\"https:\/\/www.mbsmb.fr\/site\/le-club\/inscriptions\/\" \/>\n<meta property=\"og:locale\" content=\"fr_FR\" \/>\n<meta property=\"og:type\" content=\"article\" \/>\n<meta property=\"og:title\" content=\"Inscriptions 2025 2026 - MBSMB\" \/>\n<meta property=\"og:description\" content=\"Avant de s\u2019inscrire et\/ou de venir au gymnase Pour toutes les nouvelles personnes d\u00e9sireuses de d\u00e9couvrir l&rsquo;activit\u00e9, nous vous remercions de nous contacter au pr\u00e9alable via co***********@***il.com avant de vous rendre au gymnase. Nous pourrons ainsi vous orienter sur le cr\u00e9neau le plus adapt\u00e9 pour une premi\u00e8re s\u00e9ance et vous &hellip;\" \/>\n<meta property=\"og:url\" content=\"https:\/\/www.mbsmb.fr\/site\/le-club\/inscriptions\/\" \/>\n<meta property=\"og:site_name\" content=\"MBSMB\" \/>\n<meta property=\"article:publisher\" content=\"https:\/\/www.facebook.com\/metzbansaintmartinbadminton\" \/>\n<meta property=\"article:modified_time\" content=\"2025-07-16T12:16:58+00:00\" \/>\n<meta name=\"twitter:card\" content=\"summary_large_image\" \/>\n<meta name=\"twitter:label1\" content=\"Dur\u00e9e de lecture estim\u00e9e\" \/>\n\t<meta name=\"twitter:data1\" content=\"2 minutes\" \/>\n<script type=\"application\/ld+json\" class=\"yoast-schema-graph\">{\"@context\":\"https:\/\/schema.org\",\"@graph\":[{\"@type\":\"WebPage\",\"@id\":\"https:\/\/www.mbsmb.fr\/site\/le-club\/inscriptions\/\",\"url\":\"https:\/\/www.mbsmb.fr\/site\/le-club\/inscriptions\/\",\"name\":\"Inscriptions 2025 2026 - MBSMB\",\"isPartOf\":{\"@id\":\"https:\/\/www.mbsmb.fr\/site\/#website\"},\"datePublished\":\"2015-12-21T13:09:45+00:00\",\"dateModified\":\"2025-07-16T12:16:58+00:00\",\"breadcrumb\":{\"@id\":\"https:\/\/www.mbsmb.fr\/site\/le-club\/inscriptions\/#breadcrumb\"},\"inLanguage\":\"fr-FR\",\"potentialAction\":[{\"@type\":\"ReadAction\",\"target\":[\"https:\/\/www.mbsmb.fr\/site\/le-club\/inscriptions\/\"]}]},{\"@type\":\"BreadcrumbList\",\"@id\":\"https:\/\/www.mbsmb.fr\/site\/le-club\/inscriptions\/#breadcrumb\",\"itemListElement\":[{\"@type\":\"ListItem\",\"position\":1,\"name\":\"Accueil\",\"item\":\"https:\/\/www.mbsmb.fr\/site\/\"},{\"@type\":\"ListItem\",\"position\":2,\"name\":\"Le club\",\"item\":\"https:\/\/www.mbsmb.fr\/site\/le-club\/\"},{\"@type\":\"ListItem\",\"position\":3,\"name\":\"Inscriptions 2025 2026\"}]},{\"@type\":\"WebSite\",\"@id\":\"https:\/\/www.mbsmb.fr\/site\/#website\",\"url\":\"https:\/\/www.mbsmb.fr\/site\/\",\"name\":\"MSQB metz saint quentin badminton\",\"description\":\"Metz Ban Saint Martin Badminton\",\"publisher\":{\"@id\":\"https:\/\/www.mbsmb.fr\/site\/#organization\"},\"potentialAction\":[{\"@type\":\"SearchAction\",\"target\":{\"@type\":\"EntryPoint\",\"urlTemplate\":\"https:\/\/www.mbsmb.fr\/site\/?s={search_term_string}\"},\"query-input\":{\"@type\":\"PropertyValueSpecification\",\"valueRequired\":true,\"valueName\":\"search_term_string\"}}],\"inLanguage\":\"fr-FR\"},{\"@type\":\"Organization\",\"@id\":\"https:\/\/www.mbsmb.fr\/site\/#organization\",\"name\":\"msqb\",\"url\":\"https:\/\/www.mbsmb.fr\/site\/\",\"logo\":{\"@type\":\"ImageObject\",\"inLanguage\":\"fr-FR\",\"@id\":\"https:\/\/www.mbsmb.fr\/site\/#\/schema\/logo\/image\/\",\"url\":\"http:\/\/www.msqb.fr\/site\/wp-content\/uploads\/2015\/12\/msqb_logo1.png\",\"contentUrl\":\"http:\/\/www.msqb.fr\/site\/wp-content\/uploads\/2015\/12\/msqb_logo1.png\",\"width\":996,\"height\":996,\"caption\":\"msqb\"},\"image\":{\"@id\":\"https:\/\/www.mbsmb.fr\/site\/#\/schema\/logo\/image\/\"},\"sameAs\":[\"https:\/\/www.facebook.com\/metzbansaintmartinbadminton\"]}]}<\/script>\n<!-- \/ Yoast SEO plugin. -->","yoast_head_json":{"title":"Inscriptions 2025 2026 - MBSMB","robots":{"index":"index","follow":"follow","max-snippet":"max-snippet:-1","max-image-preview":"max-image-preview:large","max-video-preview":"max-video-preview:-1"},"canonical":"https:\/\/www.mbsmb.fr\/site\/le-club\/inscriptions\/","og_locale":"fr_FR","og_type":"article","og_title":"Inscriptions 2025 2026 - MBSMB","og_description":"Avant de s\u2019inscrire et\/ou de venir au gymnase Pour toutes les nouvelles personnes d\u00e9sireuses de d\u00e9couvrir l&rsquo;activit\u00e9, nous vous remercions de nous contacter au pr\u00e9alable via co***********@***il.com avant de vous rendre au gymnase. Nous pourrons ainsi vous orienter sur le cr\u00e9neau le plus adapt\u00e9 pour une premi\u00e8re s\u00e9ance et vous &hellip;","og_url":"https:\/\/www.mbsmb.fr\/site\/le-club\/inscriptions\/","og_site_name":"MBSMB","article_publisher":"https:\/\/www.facebook.com\/metzbansaintmartinbadminton","article_modified_time":"2025-07-16T12:16:58+00:00","twitter_card":"summary_large_image","twitter_misc":{"Dur\u00e9e de lecture estim\u00e9e":"2 minutes"},"schema":{"@context":"https:\/\/schema.org","@graph":[{"@type":"WebPage","@id":"https:\/\/www.mbsmb.fr\/site\/le-club\/inscriptions\/","url":"https:\/\/www.mbsmb.fr\/site\/le-club\/inscriptions\/","name":"Inscriptions 2025 2026 - MBSMB","isPartOf":{"@id":"https:\/\/www.mbsmb.fr\/site\/#website"},"datePublished":"2015-12-21T13:09:45+00:00","dateModified":"2025-07-16T12:16:58+00:00","breadcrumb":{"@id":"https:\/\/www.mbsmb.fr\/site\/le-club\/inscriptions\/#breadcrumb"},"inLanguage":"fr-FR","potentialAction":[{"@type":"ReadAction","target":["https:\/\/www.mbsmb.fr\/site\/le-club\/inscriptions\/"]}]},{"@type":"BreadcrumbList","@id":"https:\/\/www.mbsmb.fr\/site\/le-club\/inscriptions\/#breadcrumb","itemListElement":[{"@type":"ListItem","position":1,"name":"Accueil","item":"https:\/\/www.mbsmb.fr\/site\/"},{"@type":"ListItem","position":2,"name":"Le club","item":"https:\/\/www.mbsmb.fr\/site\/le-club\/"},{"@type":"ListItem","position":3,"name":"Inscriptions 2025 2026"}]},{"@type":"WebSite","@id":"https:\/\/www.mbsmb.fr\/site\/#website","url":"https:\/\/www.mbsmb.fr\/site\/","name":"MSQB metz saint quentin badminton","description":"Metz Ban Saint Martin Badminton","publisher":{"@id":"https:\/\/www.mbsmb.fr\/site\/#organization"},"potentialAction":[{"@type":"SearchAction","target":{"@type":"EntryPoint","urlTemplate":"https:\/\/www.mbsmb.fr\/site\/?s={search_term_string}"},"query-input":{"@type":"PropertyValueSpecification","valueRequired":true,"valueName":"search_term_string"}}],"inLanguage":"fr-FR"},{"@type":"Organization","@id":"https:\/\/www.mbsmb.fr\/site\/#organization","name":"msqb","url":"https:\/\/www.mbsmb.fr\/site\/","logo":{"@type":"ImageObject","inLanguage":"fr-FR","@id":"https:\/\/www.mbsmb.fr\/site\/#\/schema\/logo\/image\/","url":"http:\/\/www.msqb.fr\/site\/wp-content\/uploads\/2015\/12\/msqb_logo1.png","contentUrl":"http:\/\/www.msqb.fr\/site\/wp-content\/uploads\/2015\/12\/msqb_logo1.png","width":996,"height":996,"caption":"msqb"},"image":{"@id":"https:\/\/www.mbsmb.fr\/site\/#\/schema\/logo\/image\/"},"sameAs":["https:\/\/www.facebook.com\/metzbansaintmartinbadminton"]}]}},"_links":{"self":[{"href":"https:\/\/www.mbsmb.fr\/site\/wp-json\/wp\/v2\/pages\/51","targetHints":{"allow":["GET"]}}],"collection":[{"href":"https:\/\/www.mbsmb.fr\/site\/wp-json\/wp\/v2\/pages"}],"about":[{"href":"https:\/\/www.mbsmb.fr\/site\/wp-json\/wp\/v2\/types\/page"}],"author":[{"embeddable":true,"href":"https:\/\/www.mbsmb.fr\/site\/wp-json\/wp\/v2\/users\/1"}],"replies":[{"embeddable":true,"href":"https:\/\/www.mbsmb.fr\/site\/wp-json\/wp\/v2\/comments?post=51"}],"version-history":[{"count":93,"href":"https:\/\/www.mbsmb.fr\/site\/wp-json\/wp\/v2\/pages\/51\/revisions"}],"predecessor-version":[{"id":3096,"href":"https:\/\/www.mbsmb.fr\/site\/wp-json\/wp\/v2\/pages\/51\/revisions\/3096"}],"up":[{"embeddable":true,"href":"https:\/\/www.mbsmb.fr\/site\/wp-json\/wp\/v2\/pages\/27"}],"wp:attachment":[{"href":"https:\/\/www.mbsmb.fr\/site\/wp-json\/wp\/v2\/media?parent=51"}],"curies":[{"name":"wp","href":"https:\/\/api.w.org\/{rel}","templated":true}]}}