{"id":366,"date":"2016-11-01T10:12:09","date_gmt":"2016-11-01T09:12:09","guid":{"rendered":"http:\/\/www.msqb.fr\/site2\/?page_id=366"},"modified":"2022-09-14T11:04:08","modified_gmt":"2022-09-14T10:04:08","slug":"veteran","status":"publish","type":"page","link":"https:\/\/www.mbsmb.fr\/site\/veteran\/","title":{"rendered":"IC V\u00e9t\u00e9rans 21\/22"},"content":{"rendered":"<p><img loading=\"lazy\" decoding=\"async\" class=\"alignnone size-medium wp-image-1837\" src=\"https:\/\/www.mbsmb.fr\/site\/wp-content\/uploads\/2022\/01\/veterans-300x169.jpg\" alt=\"\" width=\"300\" height=\"169\" srcset=\"https:\/\/www.mbsmb.fr\/site\/wp-content\/uploads\/2022\/01\/veterans-300x169.jpg 300w, https:\/\/www.mbsmb.fr\/site\/wp-content\/uploads\/2022\/01\/veterans.jpg 600w\" sizes=\"auto, (max-width: 300px) 100vw, 300px\" \/><\/p>\n\n<table id=\"tablepress-Evet2122\" class=\"tablepress tablepress-id-Evet2122\">\n<thead>\n<tr class=\"row-1\">\n\t<th class=\"column-1\">Journ\u00e9es<\/th><th class=\"column-2\">1 \u2013 02\/12<\/th><th class=\"column-3\">2 \u2013 10\/12<\/th><th class=\"column-4\">3 \u2013 17\/03<\/th><th class=\"column-5\">4 \u2013 31\/03<\/th>\n<\/tr>\n<\/thead>\n<tbody>\n<tr class=\"row-2\">\n\t<td class=\"column-1\">Rencontres\t<\/td><td class=\"column-2\">ASCM.BAD<\/td><td class=\"column-3\">BMMC<\/td><td class=\"column-4\">CSJBAD<\/td><td class=\"column-5\">SBCOR<\/td>\n<\/tr>\n<tr class=\"row-3\">\n\t<td class=\"column-1\">R\u00e9sultats<\/td><td class=\"column-2\">6-0<\/td><td class=\"column-3\">2-4<\/td><td class=\"column-4\">4-2<\/td><td class=\"column-5\">6-0<\/td>\n<\/tr>\n<\/tbody>\n<\/table>\n<!-- #tablepress-Evet2122 from cache -->\n<p>R\u00e9sultat final : 2e<\/p>\n<p><a href=\"https:\/\/icbad.ffbad.org\/equipe\/6298\">Composition de l&rsquo;\u00e9quipe<\/a><\/p>\n<p>Nathalie CLEMENTE , Corinne ALTERMATT, Emmanuelle FLECK, S\u00e9bastien ASTORINO, Jean vincent ENGLER, Philippe MONTEMBAUT, St\u00e9phan SYNNEVILLE, St\u00e9phane TURQUIN<\/p>\n<p><a href=\"https:\/\/icbad.ffbad.org\/competition\/2102095\">Tableau de poule<\/a><\/p>\n<!-- AddThis Advanced Settings generic via filter on the_content --><!-- AddThis Share Buttons generic via filter on the_content -->","protected":false},"excerpt":{"rendered":"<p>R\u00e9sultat final : 2e Composition de l&rsquo;\u00e9quipe Nathalie CLEMENTE , Corinne ALTERMATT, Emmanuelle FLECK, S\u00e9bastien ASTORINO, Jean vincent ENGLER, Philippe MONTEMBAUT, St\u00e9phan SYNNEVILLE, St\u00e9phane TURQUIN Tableau de poule<!-- AddThis Advanced Settings generic via filter on get_the_excerpt --><!-- AddThis Share Buttons generic via filter on get_the_excerpt --><\/p>\n","protected":false},"author":1,"featured_media":0,"parent":0,"menu_order":0,"comment_status":"closed","ping_status":"closed","template":"","meta":{"footnotes":""},"class_list":["post-366","page","type-page","status-publish","hentry"],"yoast_head":"<!-- This site is optimized with the Yoast SEO plugin v26.7 - https:\/\/yoast.com\/wordpress\/plugins\/seo\/ -->\n<title>IC V\u00e9t\u00e9rans 21\/22 - MBSMB<\/title>\n<meta name=\"robots\" content=\"index, follow, max-snippet:-1, max-image-preview:large, max-video-preview:-1\" \/>\n<link rel=\"canonical\" href=\"https:\/\/www.mbsmb.fr\/site\/veteran\/\" \/>\n<meta property=\"og:locale\" content=\"fr_FR\" \/>\n<meta property=\"og:type\" content=\"article\" \/>\n<meta property=\"og:title\" content=\"IC V\u00e9t\u00e9rans 21\/22 - MBSMB\" \/>\n<meta property=\"og:description\" content=\"R\u00e9sultat final : 2e Composition de l&rsquo;\u00e9quipe Nathalie CLEMENTE , Corinne ALTERMATT, Emmanuelle FLECK, S\u00e9bastien ASTORINO, Jean vincent ENGLER, Philippe MONTEMBAUT, St\u00e9phan SYNNEVILLE, St\u00e9phane TURQUIN Tableau de poule\" \/>\n<meta property=\"og:url\" content=\"https:\/\/www.mbsmb.fr\/site\/veteran\/\" \/>\n<meta property=\"og:site_name\" content=\"MBSMB\" \/>\n<meta property=\"article:publisher\" content=\"https:\/\/www.facebook.com\/metzbansaintmartinbadminton\" \/>\n<meta property=\"article:modified_time\" content=\"2022-09-14T10:04:08+00:00\" \/>\n<meta property=\"og:image\" content=\"https:\/\/www.mbsmb.fr\/site\/wp-content\/uploads\/2022\/01\/veterans-300x169.jpg\" \/>\n<meta name=\"twitter:card\" content=\"summary_large_image\" \/>\n<meta name=\"twitter:label1\" content=\"Dur\u00e9e de lecture estim\u00e9e\" \/>\n\t<meta name=\"twitter:data1\" content=\"1 minute\" \/>\n<script type=\"application\/ld+json\" class=\"yoast-schema-graph\">{\"@context\":\"https:\/\/schema.org\",\"@graph\":[{\"@type\":\"WebPage\",\"@id\":\"https:\/\/www.mbsmb.fr\/site\/veteran\/\",\"url\":\"https:\/\/www.mbsmb.fr\/site\/veteran\/\",\"name\":\"IC V\u00e9t\u00e9rans 21\/22 - MBSMB\",\"isPartOf\":{\"@id\":\"https:\/\/www.mbsmb.fr\/site\/#website\"},\"primaryImageOfPage\":{\"@id\":\"https:\/\/www.mbsmb.fr\/site\/veteran\/#primaryimage\"},\"image\":{\"@id\":\"https:\/\/www.mbsmb.fr\/site\/veteran\/#primaryimage\"},\"thumbnailUrl\":\"https:\/\/www.mbsmb.fr\/site\/wp-content\/uploads\/2022\/01\/veterans-300x169.jpg\",\"datePublished\":\"2016-11-01T09:12:09+00:00\",\"dateModified\":\"2022-09-14T10:04:08+00:00\",\"breadcrumb\":{\"@id\":\"https:\/\/www.mbsmb.fr\/site\/veteran\/#breadcrumb\"},\"inLanguage\":\"fr-FR\",\"potentialAction\":[{\"@type\":\"ReadAction\",\"target\":[\"https:\/\/www.mbsmb.fr\/site\/veteran\/\"]}]},{\"@type\":\"ImageObject\",\"inLanguage\":\"fr-FR\",\"@id\":\"https:\/\/www.mbsmb.fr\/site\/veteran\/#primaryimage\",\"url\":\"https:\/\/www.mbsmb.fr\/site\/wp-content\/uploads\/2022\/01\/veterans.jpg\",\"contentUrl\":\"https:\/\/www.mbsmb.fr\/site\/wp-content\/uploads\/2022\/01\/veterans.jpg\",\"width\":600,\"height\":338},{\"@type\":\"BreadcrumbList\",\"@id\":\"https:\/\/www.mbsmb.fr\/site\/veteran\/#breadcrumb\",\"itemListElement\":[{\"@type\":\"ListItem\",\"position\":1,\"name\":\"Accueil\",\"item\":\"https:\/\/www.mbsmb.fr\/site\/\"},{\"@type\":\"ListItem\",\"position\":2,\"name\":\"IC V\u00e9t\u00e9rans 21\/22\"}]},{\"@type\":\"WebSite\",\"@id\":\"https:\/\/www.mbsmb.fr\/site\/#website\",\"url\":\"https:\/\/www.mbsmb.fr\/site\/\",\"name\":\"MSQB metz saint quentin badminton\",\"description\":\"Metz Ban Saint Martin Badminton\",\"publisher\":{\"@id\":\"https:\/\/www.mbsmb.fr\/site\/#organization\"},\"potentialAction\":[{\"@type\":\"SearchAction\",\"target\":{\"@type\":\"EntryPoint\",\"urlTemplate\":\"https:\/\/www.mbsmb.fr\/site\/?s={search_term_string}\"},\"query-input\":{\"@type\":\"PropertyValueSpecification\",\"valueRequired\":true,\"valueName\":\"search_term_string\"}}],\"inLanguage\":\"fr-FR\"},{\"@type\":\"Organization\",\"@id\":\"https:\/\/www.mbsmb.fr\/site\/#organization\",\"name\":\"msqb\",\"url\":\"https:\/\/www.mbsmb.fr\/site\/\",\"logo\":{\"@type\":\"ImageObject\",\"inLanguage\":\"fr-FR\",\"@id\":\"https:\/\/www.mbsmb.fr\/site\/#\/schema\/logo\/image\/\",\"url\":\"http:\/\/www.msqb.fr\/site\/wp-content\/uploads\/2015\/12\/msqb_logo1.png\",\"contentUrl\":\"http:\/\/www.msqb.fr\/site\/wp-content\/uploads\/2015\/12\/msqb_logo1.png\",\"width\":996,\"height\":996,\"caption\":\"msqb\"},\"image\":{\"@id\":\"https:\/\/www.mbsmb.fr\/site\/#\/schema\/logo\/image\/\"},\"sameAs\":[\"https:\/\/www.facebook.com\/metzbansaintmartinbadminton\"]}]}<\/script>\n<!-- \/ Yoast SEO plugin. -->","yoast_head_json":{"title":"IC V\u00e9t\u00e9rans 21\/22 - MBSMB","robots":{"index":"index","follow":"follow","max-snippet":"max-snippet:-1","max-image-preview":"max-image-preview:large","max-video-preview":"max-video-preview:-1"},"canonical":"https:\/\/www.mbsmb.fr\/site\/veteran\/","og_locale":"fr_FR","og_type":"article","og_title":"IC V\u00e9t\u00e9rans 21\/22 - MBSMB","og_description":"R\u00e9sultat final : 2e Composition de l&rsquo;\u00e9quipe Nathalie CLEMENTE , Corinne ALTERMATT, Emmanuelle FLECK, S\u00e9bastien ASTORINO, Jean vincent ENGLER, Philippe MONTEMBAUT, St\u00e9phan SYNNEVILLE, St\u00e9phane TURQUIN Tableau de poule","og_url":"https:\/\/www.mbsmb.fr\/site\/veteran\/","og_site_name":"MBSMB","article_publisher":"https:\/\/www.facebook.com\/metzbansaintmartinbadminton","article_modified_time":"2022-09-14T10:04:08+00:00","og_image":[{"url":"https:\/\/www.mbsmb.fr\/site\/wp-content\/uploads\/2022\/01\/veterans-300x169.jpg","type":"","width":"","height":""}],"twitter_card":"summary_large_image","twitter_misc":{"Dur\u00e9e de lecture estim\u00e9e":"1 minute"},"schema":{"@context":"https:\/\/schema.org","@graph":[{"@type":"WebPage","@id":"https:\/\/www.mbsmb.fr\/site\/veteran\/","url":"https:\/\/www.mbsmb.fr\/site\/veteran\/","name":"IC V\u00e9t\u00e9rans 21\/22 - MBSMB","isPartOf":{"@id":"https:\/\/www.mbsmb.fr\/site\/#website"},"primaryImageOfPage":{"@id":"https:\/\/www.mbsmb.fr\/site\/veteran\/#primaryimage"},"image":{"@id":"https:\/\/www.mbsmb.fr\/site\/veteran\/#primaryimage"},"thumbnailUrl":"https:\/\/www.mbsmb.fr\/site\/wp-content\/uploads\/2022\/01\/veterans-300x169.jpg","datePublished":"2016-11-01T09:12:09+00:00","dateModified":"2022-09-14T10:04:08+00:00","breadcrumb":{"@id":"https:\/\/www.mbsmb.fr\/site\/veteran\/#breadcrumb"},"inLanguage":"fr-FR","potentialAction":[{"@type":"ReadAction","target":["https:\/\/www.mbsmb.fr\/site\/veteran\/"]}]},{"@type":"ImageObject","inLanguage":"fr-FR","@id":"https:\/\/www.mbsmb.fr\/site\/veteran\/#primaryimage","url":"https:\/\/www.mbsmb.fr\/site\/wp-content\/uploads\/2022\/01\/veterans.jpg","contentUrl":"https:\/\/www.mbsmb.fr\/site\/wp-content\/uploads\/2022\/01\/veterans.jpg","width":600,"height":338},{"@type":"BreadcrumbList","@id":"https:\/\/www.mbsmb.fr\/site\/veteran\/#breadcrumb","itemListElement":[{"@type":"ListItem","position":1,"name":"Accueil","item":"https:\/\/www.mbsmb.fr\/site\/"},{"@type":"ListItem","position":2,"name":"IC V\u00e9t\u00e9rans 21\/22"}]},{"@type":"WebSite","@id":"https:\/\/www.mbsmb.fr\/site\/#website","url":"https:\/\/www.mbsmb.fr\/site\/","name":"MSQB metz saint quentin badminton","description":"Metz Ban Saint Martin Badminton","publisher":{"@id":"https:\/\/www.mbsmb.fr\/site\/#organization"},"potentialAction":[{"@type":"SearchAction","target":{"@type":"EntryPoint","urlTemplate":"https:\/\/www.mbsmb.fr\/site\/?s={search_term_string}"},"query-input":{"@type":"PropertyValueSpecification","valueRequired":true,"valueName":"search_term_string"}}],"inLanguage":"fr-FR"},{"@type":"Organization","@id":"https:\/\/www.mbsmb.fr\/site\/#organization","name":"msqb","url":"https:\/\/www.mbsmb.fr\/site\/","logo":{"@type":"ImageObject","inLanguage":"fr-FR","@id":"https:\/\/www.mbsmb.fr\/site\/#\/schema\/logo\/image\/","url":"http:\/\/www.msqb.fr\/site\/wp-content\/uploads\/2015\/12\/msqb_logo1.png","contentUrl":"http:\/\/www.msqb.fr\/site\/wp-content\/uploads\/2015\/12\/msqb_logo1.png","width":996,"height":996,"caption":"msqb"},"image":{"@id":"https:\/\/www.mbsmb.fr\/site\/#\/schema\/logo\/image\/"},"sameAs":["https:\/\/www.facebook.com\/metzbansaintmartinbadminton"]}]}},"_links":{"self":[{"href":"https:\/\/www.mbsmb.fr\/site\/wp-json\/wp\/v2\/pages\/366","targetHints":{"allow":["GET"]}}],"collection":[{"href":"https:\/\/www.mbsmb.fr\/site\/wp-json\/wp\/v2\/pages"}],"about":[{"href":"https:\/\/www.mbsmb.fr\/site\/wp-json\/wp\/v2\/types\/page"}],"author":[{"embeddable":true,"href":"https:\/\/www.mbsmb.fr\/site\/wp-json\/wp\/v2\/users\/1"}],"replies":[{"embeddable":true,"href":"https:\/\/www.mbsmb.fr\/site\/wp-json\/wp\/v2\/comments?post=366"}],"version-history":[{"count":13,"href":"https:\/\/www.mbsmb.fr\/site\/wp-json\/wp\/v2\/pages\/366\/revisions"}],"predecessor-version":[{"id":2553,"href":"https:\/\/www.mbsmb.fr\/site\/wp-json\/wp\/v2\/pages\/366\/revisions\/2553"}],"wp:attachment":[{"href":"https:\/\/www.mbsmb.fr\/site\/wp-json\/wp\/v2\/media?parent=366"}],"curies":[{"name":"wp","href":"https:\/\/api.w.org\/{rel}","templated":true}]}}