{"id":32,"date":"2015-12-18T14:00:01","date_gmt":"2015-12-18T13:00:01","guid":{"rendered":"http:\/\/www.msqb.fr\/site2\/?page_id=32"},"modified":"2025-07-16T20:24:14","modified_gmt":"2025-07-16T19:24:14","slug":"tarifs","status":"publish","type":"page","link":"https:\/\/www.mbsmb.fr\/site\/le-club\/tarifs\/","title":{"rendered":"Tarifs 2025 2026"},"content":{"rendered":"<h5><strong>COTISATION CLUB<\/strong><\/h5>\n<p><img loading=\"lazy\" decoding=\"async\" class=\"alignnone size-large wp-image-3097\" src=\"https:\/\/www.mbsmb.fr\/site\/wp-content\/uploads\/2025\/07\/CotisationClub-1024x269.jpg\" alt=\"\" width=\"1024\" height=\"269\" srcset=\"https:\/\/www.mbsmb.fr\/site\/wp-content\/uploads\/2025\/07\/CotisationClub-1024x269.jpg 1024w, https:\/\/www.mbsmb.fr\/site\/wp-content\/uploads\/2025\/07\/CotisationClub-300x79.jpg 300w, https:\/\/www.mbsmb.fr\/site\/wp-content\/uploads\/2025\/07\/CotisationClub-768x202.jpg 768w, https:\/\/www.mbsmb.fr\/site\/wp-content\/uploads\/2025\/07\/CotisationClub-1536x404.jpg 1536w, https:\/\/www.mbsmb.fr\/site\/wp-content\/uploads\/2025\/07\/CotisationClub-2048x539.jpg 2048w, https:\/\/www.mbsmb.fr\/site\/wp-content\/uploads\/2025\/07\/CotisationClub-1440x379.jpg 1440w\" sizes=\"auto, (max-width: 1024px) 100vw, 1024px\" \/><br \/>\n<em><strong>JEUNES \u00ab\u00a0\u00c9LITE\u00a0\u00bb : une participation sera demand\u00e9e pour chaque comp\u00e9tition avec nuit\u00e9e<\/strong><\/em><\/p>\n<p>* Ce tarif inclut l\u2019inscription aux <u>Championnat de Moselle, Grand Est, France<\/u> pour les comp\u00e9titeurs. Pour les jeunes, cela inclut aussi les frais d\u2019inscription aux comp\u00e9titions jeunes (uniquement jeunes).<br \/>\n** <u>Remise Foyer :<\/u> -10\u20ac pour le 2e licenci\u00e9, -10\u20ac pour le 3e, etc<br \/>\n\u2022 <strong>La licence loisir<\/strong> donne acc\u00e8s aux cr\u00e9neaux loisirs (cr\u00e9neaux anim\u00e9s et jeu libre) et aux cr\u00e9neaux ouverts \u00e0 tous.<br \/>\n\u2022 <strong>La licence comp\u00e9titeur<\/strong> donne acc\u00e8s aux cr\u00e9neaux comp\u00e9titeurs (cr\u00e9neaux d&rsquo;entrainements et jeu libre) et aux cr\u00e9neaux ouverts \u00e0 tous.<\/p>\n<h5><strong>COTISATION JOUEURS EXT\u00c9RIEURS<\/strong><\/h5>\n<p><img loading=\"lazy\" decoding=\"async\" class=\"alignnone size-large wp-image-3098\" src=\"https:\/\/www.mbsmb.fr\/site\/wp-content\/uploads\/2025\/07\/CotisationExterieurs-1024x247.jpg\" alt=\"\" width=\"1024\" height=\"247\" srcset=\"https:\/\/www.mbsmb.fr\/site\/wp-content\/uploads\/2025\/07\/CotisationExterieurs-1024x247.jpg 1024w, https:\/\/www.mbsmb.fr\/site\/wp-content\/uploads\/2025\/07\/CotisationExterieurs-300x72.jpg 300w, https:\/\/www.mbsmb.fr\/site\/wp-content\/uploads\/2025\/07\/CotisationExterieurs-768x186.jpg 768w, https:\/\/www.mbsmb.fr\/site\/wp-content\/uploads\/2025\/07\/CotisationExterieurs-1536x371.jpg 1536w, https:\/\/www.mbsmb.fr\/site\/wp-content\/uploads\/2025\/07\/CotisationExterieurs-2048x495.jpg 2048w, https:\/\/www.mbsmb.fr\/site\/wp-content\/uploads\/2025\/07\/CotisationExterieurs-1440x348.jpg 1440w\" sizes=\"auto, (max-width: 1024px) 100vw, 1024px\" \/><\/p>\n<p>&nbsp;<\/p>\n<p>\u2022 La saison sportive a lieu officiellement de septembre \u00e0 d\u00e9but juillet. Il est g\u00e9n\u00e9ralement possible de jouer durant juillet et ao\u00fbt mais cela n\u2019est pas garanti (d\u00e9cision Mairie ind\u00e9pendante du club)<br \/>\n\u2022 <strong>PAS DE LOCATION DE COURT POSSIBLE.<\/strong><br \/>\n<strong>VOLANTS FOURNIS UNIQUEMENT AUX S\u00c9ANCES D&rsquo;ENTRAINEMENTS.<\/strong> Les volants sont \u00e0 la charge des joueurs pour les s\u00e9ances de jeu libre et pour les tournois priv\u00e9s. Les volants plastiques sont fournis pour les adultes loisirs.<\/p>\n<p>&nbsp;<\/p>\n<p>&nbsp;<\/p>\n<!-- AddThis Advanced Settings generic via filter on the_content --><!-- AddThis Share Buttons generic via filter on the_content -->","protected":false},"excerpt":{"rendered":"<p>COTISATION CLUB JEUNES \u00ab\u00a0\u00c9LITE\u00a0\u00bb : une participation sera demand\u00e9e pour chaque comp\u00e9tition avec nuit\u00e9e * Ce tarif inclut l\u2019inscription aux Championnat de Moselle, Grand Est, France pour les comp\u00e9titeurs. Pour les jeunes, cela inclut aussi les frais d\u2019inscription aux comp\u00e9titions jeunes (uniquement jeunes). ** Remise Foyer : -10\u20ac pour le &hellip;<!-- AddThis Advanced Settings generic via filter on get_the_excerpt --><!-- AddThis Share Buttons generic via filter on get_the_excerpt --><\/p>\n","protected":false},"author":1,"featured_media":0,"parent":27,"menu_order":4,"comment_status":"closed","ping_status":"closed","template":"","meta":{"footnotes":""},"class_list":["post-32","page","type-page","status-publish","hentry"],"yoast_head":"<!-- This site is optimized with the Yoast SEO plugin v26.7 - https:\/\/yoast.com\/wordpress\/plugins\/seo\/ -->\n<title>Tarifs 2025 2026 - MBSMB<\/title>\n<meta name=\"robots\" content=\"index, follow, max-snippet:-1, max-image-preview:large, max-video-preview:-1\" \/>\n<link rel=\"canonical\" href=\"https:\/\/www.mbsmb.fr\/site\/le-club\/tarifs\/\" \/>\n<meta property=\"og:locale\" content=\"fr_FR\" \/>\n<meta property=\"og:type\" content=\"article\" \/>\n<meta property=\"og:title\" content=\"Tarifs 2025 2026 - MBSMB\" \/>\n<meta property=\"og:description\" content=\"COTISATION CLUB JEUNES \u00ab\u00a0\u00c9LITE\u00a0\u00bb : une participation sera demand\u00e9e pour chaque comp\u00e9tition avec nuit\u00e9e * Ce tarif inclut l\u2019inscription aux Championnat de Moselle, Grand Est, France pour les comp\u00e9titeurs. Pour les jeunes, cela inclut aussi les frais d\u2019inscription aux comp\u00e9titions jeunes (uniquement jeunes). ** Remise Foyer : -10\u20ac pour le &hellip;\" \/>\n<meta property=\"og:url\" content=\"https:\/\/www.mbsmb.fr\/site\/le-club\/tarifs\/\" \/>\n<meta property=\"og:site_name\" content=\"MBSMB\" \/>\n<meta property=\"article:publisher\" content=\"https:\/\/www.facebook.com\/metzbansaintmartinbadminton\" \/>\n<meta property=\"article:modified_time\" content=\"2025-07-16T19:24:14+00:00\" \/>\n<meta property=\"og:image\" content=\"https:\/\/www.mbsmb.fr\/site\/wp-content\/uploads\/2025\/07\/CotisationClub.jpg\" \/>\n\t<meta property=\"og:image:width\" content=\"2334\" \/>\n\t<meta property=\"og:image:height\" content=\"614\" \/>\n\t<meta property=\"og:image:type\" content=\"image\/jpeg\" \/>\n<meta name=\"twitter:card\" content=\"summary_large_image\" \/>\n<meta name=\"twitter:label1\" content=\"Dur\u00e9e de lecture estim\u00e9e\" \/>\n\t<meta name=\"twitter:data1\" content=\"2 minutes\" \/>\n<script type=\"application\/ld+json\" class=\"yoast-schema-graph\">{\"@context\":\"https:\/\/schema.org\",\"@graph\":[{\"@type\":\"WebPage\",\"@id\":\"https:\/\/www.mbsmb.fr\/site\/le-club\/tarifs\/\",\"url\":\"https:\/\/www.mbsmb.fr\/site\/le-club\/tarifs\/\",\"name\":\"Tarifs 2025 2026 - MBSMB\",\"isPartOf\":{\"@id\":\"https:\/\/www.mbsmb.fr\/site\/#website\"},\"primaryImageOfPage\":{\"@id\":\"https:\/\/www.mbsmb.fr\/site\/le-club\/tarifs\/#primaryimage\"},\"image\":{\"@id\":\"https:\/\/www.mbsmb.fr\/site\/le-club\/tarifs\/#primaryimage\"},\"thumbnailUrl\":\"https:\/\/www.mbsmb.fr\/site\/wp-content\/uploads\/2025\/07\/CotisationClub-1024x269.jpg\",\"datePublished\":\"2015-12-18T13:00:01+00:00\",\"dateModified\":\"2025-07-16T19:24:14+00:00\",\"breadcrumb\":{\"@id\":\"https:\/\/www.mbsmb.fr\/site\/le-club\/tarifs\/#breadcrumb\"},\"inLanguage\":\"fr-FR\",\"potentialAction\":[{\"@type\":\"ReadAction\",\"target\":[\"https:\/\/www.mbsmb.fr\/site\/le-club\/tarifs\/\"]}]},{\"@type\":\"ImageObject\",\"inLanguage\":\"fr-FR\",\"@id\":\"https:\/\/www.mbsmb.fr\/site\/le-club\/tarifs\/#primaryimage\",\"url\":\"https:\/\/www.mbsmb.fr\/site\/wp-content\/uploads\/2025\/07\/CotisationClub.jpg\",\"contentUrl\":\"https:\/\/www.mbsmb.fr\/site\/wp-content\/uploads\/2025\/07\/CotisationClub.jpg\",\"width\":2334,\"height\":614},{\"@type\":\"BreadcrumbList\",\"@id\":\"https:\/\/www.mbsmb.fr\/site\/le-club\/tarifs\/#breadcrumb\",\"itemListElement\":[{\"@type\":\"ListItem\",\"position\":1,\"name\":\"Accueil\",\"item\":\"https:\/\/www.mbsmb.fr\/site\/\"},{\"@type\":\"ListItem\",\"position\":2,\"name\":\"Le club\",\"item\":\"https:\/\/www.mbsmb.fr\/site\/le-club\/\"},{\"@type\":\"ListItem\",\"position\":3,\"name\":\"Tarifs 2025 2026\"}]},{\"@type\":\"WebSite\",\"@id\":\"https:\/\/www.mbsmb.fr\/site\/#website\",\"url\":\"https:\/\/www.mbsmb.fr\/site\/\",\"name\":\"MSQB metz saint quentin badminton\",\"description\":\"Metz Ban Saint Martin Badminton\",\"publisher\":{\"@id\":\"https:\/\/www.mbsmb.fr\/site\/#organization\"},\"potentialAction\":[{\"@type\":\"SearchAction\",\"target\":{\"@type\":\"EntryPoint\",\"urlTemplate\":\"https:\/\/www.mbsmb.fr\/site\/?s={search_term_string}\"},\"query-input\":{\"@type\":\"PropertyValueSpecification\",\"valueRequired\":true,\"valueName\":\"search_term_string\"}}],\"inLanguage\":\"fr-FR\"},{\"@type\":\"Organization\",\"@id\":\"https:\/\/www.mbsmb.fr\/site\/#organization\",\"name\":\"msqb\",\"url\":\"https:\/\/www.mbsmb.fr\/site\/\",\"logo\":{\"@type\":\"ImageObject\",\"inLanguage\":\"fr-FR\",\"@id\":\"https:\/\/www.mbsmb.fr\/site\/#\/schema\/logo\/image\/\",\"url\":\"http:\/\/www.msqb.fr\/site\/wp-content\/uploads\/2015\/12\/msqb_logo1.png\",\"contentUrl\":\"http:\/\/www.msqb.fr\/site\/wp-content\/uploads\/2015\/12\/msqb_logo1.png\",\"width\":996,\"height\":996,\"caption\":\"msqb\"},\"image\":{\"@id\":\"https:\/\/www.mbsmb.fr\/site\/#\/schema\/logo\/image\/\"},\"sameAs\":[\"https:\/\/www.facebook.com\/metzbansaintmartinbadminton\"]}]}<\/script>\n<!-- \/ Yoast SEO plugin. -->","yoast_head_json":{"title":"Tarifs 2025 2026 - MBSMB","robots":{"index":"index","follow":"follow","max-snippet":"max-snippet:-1","max-image-preview":"max-image-preview:large","max-video-preview":"max-video-preview:-1"},"canonical":"https:\/\/www.mbsmb.fr\/site\/le-club\/tarifs\/","og_locale":"fr_FR","og_type":"article","og_title":"Tarifs 2025 2026 - MBSMB","og_description":"COTISATION CLUB JEUNES \u00ab\u00a0\u00c9LITE\u00a0\u00bb : une participation sera demand\u00e9e pour chaque comp\u00e9tition avec nuit\u00e9e * Ce tarif inclut l\u2019inscription aux Championnat de Moselle, Grand Est, France pour les comp\u00e9titeurs. Pour les jeunes, cela inclut aussi les frais d\u2019inscription aux comp\u00e9titions jeunes (uniquement jeunes). ** Remise Foyer : -10\u20ac pour le &hellip;","og_url":"https:\/\/www.mbsmb.fr\/site\/le-club\/tarifs\/","og_site_name":"MBSMB","article_publisher":"https:\/\/www.facebook.com\/metzbansaintmartinbadminton","article_modified_time":"2025-07-16T19:24:14+00:00","og_image":[{"width":2334,"height":614,"url":"https:\/\/www.mbsmb.fr\/site\/wp-content\/uploads\/2025\/07\/CotisationClub.jpg","type":"image\/jpeg"}],"twitter_card":"summary_large_image","twitter_misc":{"Dur\u00e9e de lecture estim\u00e9e":"2 minutes"},"schema":{"@context":"https:\/\/schema.org","@graph":[{"@type":"WebPage","@id":"https:\/\/www.mbsmb.fr\/site\/le-club\/tarifs\/","url":"https:\/\/www.mbsmb.fr\/site\/le-club\/tarifs\/","name":"Tarifs 2025 2026 - MBSMB","isPartOf":{"@id":"https:\/\/www.mbsmb.fr\/site\/#website"},"primaryImageOfPage":{"@id":"https:\/\/www.mbsmb.fr\/site\/le-club\/tarifs\/#primaryimage"},"image":{"@id":"https:\/\/www.mbsmb.fr\/site\/le-club\/tarifs\/#primaryimage"},"thumbnailUrl":"https:\/\/www.mbsmb.fr\/site\/wp-content\/uploads\/2025\/07\/CotisationClub-1024x269.jpg","datePublished":"2015-12-18T13:00:01+00:00","dateModified":"2025-07-16T19:24:14+00:00","breadcrumb":{"@id":"https:\/\/www.mbsmb.fr\/site\/le-club\/tarifs\/#breadcrumb"},"inLanguage":"fr-FR","potentialAction":[{"@type":"ReadAction","target":["https:\/\/www.mbsmb.fr\/site\/le-club\/tarifs\/"]}]},{"@type":"ImageObject","inLanguage":"fr-FR","@id":"https:\/\/www.mbsmb.fr\/site\/le-club\/tarifs\/#primaryimage","url":"https:\/\/www.mbsmb.fr\/site\/wp-content\/uploads\/2025\/07\/CotisationClub.jpg","contentUrl":"https:\/\/www.mbsmb.fr\/site\/wp-content\/uploads\/2025\/07\/CotisationClub.jpg","width":2334,"height":614},{"@type":"BreadcrumbList","@id":"https:\/\/www.mbsmb.fr\/site\/le-club\/tarifs\/#breadcrumb","itemListElement":[{"@type":"ListItem","position":1,"name":"Accueil","item":"https:\/\/www.mbsmb.fr\/site\/"},{"@type":"ListItem","position":2,"name":"Le club","item":"https:\/\/www.mbsmb.fr\/site\/le-club\/"},{"@type":"ListItem","position":3,"name":"Tarifs 2025 2026"}]},{"@type":"WebSite","@id":"https:\/\/www.mbsmb.fr\/site\/#website","url":"https:\/\/www.mbsmb.fr\/site\/","name":"MSQB metz saint quentin badminton","description":"Metz Ban Saint Martin Badminton","publisher":{"@id":"https:\/\/www.mbsmb.fr\/site\/#organization"},"potentialAction":[{"@type":"SearchAction","target":{"@type":"EntryPoint","urlTemplate":"https:\/\/www.mbsmb.fr\/site\/?s={search_term_string}"},"query-input":{"@type":"PropertyValueSpecification","valueRequired":true,"valueName":"search_term_string"}}],"inLanguage":"fr-FR"},{"@type":"Organization","@id":"https:\/\/www.mbsmb.fr\/site\/#organization","name":"msqb","url":"https:\/\/www.mbsmb.fr\/site\/","logo":{"@type":"ImageObject","inLanguage":"fr-FR","@id":"https:\/\/www.mbsmb.fr\/site\/#\/schema\/logo\/image\/","url":"http:\/\/www.msqb.fr\/site\/wp-content\/uploads\/2015\/12\/msqb_logo1.png","contentUrl":"http:\/\/www.msqb.fr\/site\/wp-content\/uploads\/2015\/12\/msqb_logo1.png","width":996,"height":996,"caption":"msqb"},"image":{"@id":"https:\/\/www.mbsmb.fr\/site\/#\/schema\/logo\/image\/"},"sameAs":["https:\/\/www.facebook.com\/metzbansaintmartinbadminton"]}]}},"_links":{"self":[{"href":"https:\/\/www.mbsmb.fr\/site\/wp-json\/wp\/v2\/pages\/32","targetHints":{"allow":["GET"]}}],"collection":[{"href":"https:\/\/www.mbsmb.fr\/site\/wp-json\/wp\/v2\/pages"}],"about":[{"href":"https:\/\/www.mbsmb.fr\/site\/wp-json\/wp\/v2\/types\/page"}],"author":[{"embeddable":true,"href":"https:\/\/www.mbsmb.fr\/site\/wp-json\/wp\/v2\/users\/1"}],"replies":[{"embeddable":true,"href":"https:\/\/www.mbsmb.fr\/site\/wp-json\/wp\/v2\/comments?post=32"}],"version-history":[{"count":63,"href":"https:\/\/www.mbsmb.fr\/site\/wp-json\/wp\/v2\/pages\/32\/revisions"}],"predecessor-version":[{"id":3099,"href":"https:\/\/www.mbsmb.fr\/site\/wp-json\/wp\/v2\/pages\/32\/revisions\/3099"}],"up":[{"embeddable":true,"href":"https:\/\/www.mbsmb.fr\/site\/wp-json\/wp\/v2\/pages\/27"}],"wp:attachment":[{"href":"https:\/\/www.mbsmb.fr\/site\/wp-json\/wp\/v2\/media?parent=32"}],"curies":[{"name":"wp","href":"https:\/\/api.w.org\/{rel}","templated":true}]}}