{"id":2782,"date":"2023-10-05T15:38:26","date_gmt":"2023-10-05T14:38:26","guid":{"rendered":"https:\/\/www.mbsmb.fr\/site\/?page_id=2782"},"modified":"2025-11-05T16:29:15","modified_gmt":"2025-11-05T15:29:15","slug":"departemental","status":"publish","type":"page","link":"https:\/\/www.mbsmb.fr\/site\/departemental\/","title":{"rendered":"D\u00e9partementales"},"content":{"rendered":"<h3 style=\"text-align: center;\"><strong>Saison 2025-2026<\/strong><\/h3>\n<p>Tous les r\u00e9sultats des \u00e9quipes d\u2019IC sont sur ce <a href=\"https:\/\/icbad.ffbad.org\/instance\/MBSMB57\">lien BadNet<\/a>.<\/p>\n<table style=\"width: 100%;\" width=\"1356\">\n<tbody>\n<tr>\n<td style=\"background-color: #ffffff; width: 40%;\">\n<h5 style=\"text-align: center;\"><strong>D\u00e9partementale 1 &#8211; \u00c9quipe 6<\/strong><\/h5>\n<p>&nbsp;<\/p>\n<p><img loading=\"lazy\" decoding=\"async\" class=\"size-full wp-image-3323 aligncenter\" src=\"https:\/\/www.mbsmb.fr\/site\/wp-content\/uploads\/2025\/11\/Calendrier-12.jpg\" alt=\"\" width=\"1993\" height=\"761\" srcset=\"https:\/\/www.mbsmb.fr\/site\/wp-content\/uploads\/2025\/11\/Calendrier-12.jpg 1993w, https:\/\/www.mbsmb.fr\/site\/wp-content\/uploads\/2025\/11\/Calendrier-12-300x115.jpg 300w, https:\/\/www.mbsmb.fr\/site\/wp-content\/uploads\/2025\/11\/Calendrier-12-1024x391.jpg 1024w, https:\/\/www.mbsmb.fr\/site\/wp-content\/uploads\/2025\/11\/Calendrier-12-768x293.jpg 768w, https:\/\/www.mbsmb.fr\/site\/wp-content\/uploads\/2025\/11\/Calendrier-12-1536x587.jpg 1536w, https:\/\/www.mbsmb.fr\/site\/wp-content\/uploads\/2025\/11\/Calendrier-12-1440x550.jpg 1440w\" sizes=\"auto, (max-width: 1993px) 100vw, 1993px\" \/><\/p>\n<p><span style=\"color: #5cc5f1;\"><u>Effectif<\/u> : <\/span>Manon APPOURCHAUX, Clara ASSMANN, Marine BIE, Colline HEULLE, Marion WILHELM<\/p>\n<p><strong>K\u00e9vin LUPO<\/strong>, Robin CLAUS, Serges DEVOS, Hadrien KOENIG, Corentin LIKILIKI, Anthony LY<\/td>\n<td style=\"background-color: #ffffff; width: 60%; text-align: center;\">&nbsp;<\/p>\n<p><img loading=\"lazy\" decoding=\"async\" class=\"alignnone size-full wp-image-3316\" src=\"https:\/\/www.mbsmb.fr\/site\/wp-content\/uploads\/2025\/11\/565824641_1397290642400194_5889786090607971285_n.jpg\" alt=\"\" width=\"720\" height=\"960\" srcset=\"https:\/\/www.mbsmb.fr\/site\/wp-content\/uploads\/2025\/11\/565824641_1397290642400194_5889786090607971285_n.jpg 720w, https:\/\/www.mbsmb.fr\/site\/wp-content\/uploads\/2025\/11\/565824641_1397290642400194_5889786090607971285_n-225x300.jpg 225w\" sizes=\"auto, (max-width: 720px) 100vw, 720px\" \/><\/td>\n<\/tr>\n<tr>\n<td style=\"background-color: #ffffff; width: 60%;\">\n<h5 style=\"text-align: center;\"><strong>D\u00e9partementale 2 &#8211; \u00c9quipe 7<\/strong><\/h5>\n<p>&nbsp;<\/p>\n<p><img loading=\"lazy\" decoding=\"async\" class=\"size-full wp-image-3324 aligncenter\" src=\"https:\/\/www.mbsmb.fr\/site\/wp-content\/uploads\/2025\/11\/Calendrier-13.jpg\" alt=\"\" width=\"1993\" height=\"761\" srcset=\"https:\/\/www.mbsmb.fr\/site\/wp-content\/uploads\/2025\/11\/Calendrier-13.jpg 1993w, https:\/\/www.mbsmb.fr\/site\/wp-content\/uploads\/2025\/11\/Calendrier-13-300x115.jpg 300w, https:\/\/www.mbsmb.fr\/site\/wp-content\/uploads\/2025\/11\/Calendrier-13-1024x391.jpg 1024w, https:\/\/www.mbsmb.fr\/site\/wp-content\/uploads\/2025\/11\/Calendrier-13-768x293.jpg 768w, https:\/\/www.mbsmb.fr\/site\/wp-content\/uploads\/2025\/11\/Calendrier-13-1536x587.jpg 1536w, https:\/\/www.mbsmb.fr\/site\/wp-content\/uploads\/2025\/11\/Calendrier-13-1440x550.jpg 1440w\" sizes=\"auto, (max-width: 1993px) 100vw, 1993px\" \/><\/p>\n<p><span style=\"color: #5cc5f1;\"><u>Effectif<\/u> : <\/span>Olivia BLINDEMAN, Claudine CHRETIEN, Faustine FORTUNAT, Juhi SHARMA<\/p>\n<p><strong>J\u00e9r\u00f4me FRIEDMANN<\/strong>, Bastien BORDAGE, Lenny HAMONIC, Emmanuel HANOT, Matthieu MARTIN, Th\u00e9o MITH-JACOBY<\/td>\n<td style=\"background-color: #ffffff; width: 40%;\">&nbsp;<\/p>\n<p>&nbsp;<\/p>\n<p>&nbsp;<\/p>\n<p><img loading=\"lazy\" decoding=\"async\" class=\"alignnone size-full wp-image-3320\" src=\"https:\/\/www.mbsmb.fr\/site\/wp-content\/uploads\/2025\/11\/567706066_1397290719066853_7375200265746473175_n-e1762354892371.jpg\" alt=\"\" width=\"943\" height=\"640\" srcset=\"https:\/\/www.mbsmb.fr\/site\/wp-content\/uploads\/2025\/11\/567706066_1397290719066853_7375200265746473175_n-e1762354892371.jpg 943w, https:\/\/www.mbsmb.fr\/site\/wp-content\/uploads\/2025\/11\/567706066_1397290719066853_7375200265746473175_n-e1762354892371-300x204.jpg 300w, https:\/\/www.mbsmb.fr\/site\/wp-content\/uploads\/2025\/11\/567706066_1397290719066853_7375200265746473175_n-e1762354892371-768x521.jpg 768w\" sizes=\"auto, (max-width: 943px) 100vw, 943px\" \/><\/td>\n<\/tr>\n<tr>\n<td style=\"background-color: #ffffff; width: 60%;\">\n<h5 style=\"text-align: center;\"><strong>D\u00e9partementale 3 &#8211; \u00c9quipe 8<\/strong><\/h5>\n<p>&nbsp;<\/p>\n<p><img loading=\"lazy\" decoding=\"async\" class=\"alignnone size-full wp-image-3285\" src=\"https:\/\/www.mbsmb.fr\/site\/wp-content\/uploads\/2025\/09\/CalendrierPN2-scaled.jpg\" alt=\"\" width=\"2560\" height=\"977\" srcset=\"https:\/\/www.mbsmb.fr\/site\/wp-content\/uploads\/2025\/09\/CalendrierPN2-scaled.jpg 2560w, https:\/\/www.mbsmb.fr\/site\/wp-content\/uploads\/2025\/09\/CalendrierPN2-300x114.jpg 300w, https:\/\/www.mbsmb.fr\/site\/wp-content\/uploads\/2025\/09\/CalendrierPN2-1024x391.jpg 1024w, https:\/\/www.mbsmb.fr\/site\/wp-content\/uploads\/2025\/09\/CalendrierPN2-768x293.jpg 768w, https:\/\/www.mbsmb.fr\/site\/wp-content\/uploads\/2025\/09\/CalendrierPN2-1536x586.jpg 1536w, https:\/\/www.mbsmb.fr\/site\/wp-content\/uploads\/2025\/09\/CalendrierPN2-2048x781.jpg 2048w, https:\/\/www.mbsmb.fr\/site\/wp-content\/uploads\/2025\/09\/CalendrierPN2-1440x549.jpg 1440w\" sizes=\"auto, (max-width: 2560px) 100vw, 2560px\" \/><\/p>\n<p><span style=\"color: #5cc5f1;\"><u>Effectif<\/u> : <\/span>Christelle BASSELIN, Iseline CALANDRI, H\u00e9l\u00e8ne DOBOSZIEWICZ, Justine LUTHI, Jade ROBERT<\/p>\n<p><strong>Corentin DIEDA<\/strong>, CHIAPPALONE Lorenzo, Maxime CORRAZA, Julian LAFFAY, Eliott LANCIA, Thibaut SCHMITT<\/td>\n<td style=\"background-color: #ffffff; width: 40%;\">&nbsp;<\/p>\n<p>&nbsp;<\/p>\n<p><img loading=\"lazy\" decoding=\"async\" class=\"alignnone size-full wp-image-3315\" src=\"https:\/\/www.mbsmb.fr\/site\/wp-content\/uploads\/2025\/11\/565628779_1397290855733506_6356844306543487273_n.jpg\" alt=\"\" width=\"960\" height=\"720\" srcset=\"https:\/\/www.mbsmb.fr\/site\/wp-content\/uploads\/2025\/11\/565628779_1397290855733506_6356844306543487273_n.jpg 960w, https:\/\/www.mbsmb.fr\/site\/wp-content\/uploads\/2025\/11\/565628779_1397290855733506_6356844306543487273_n-300x225.jpg 300w, https:\/\/www.mbsmb.fr\/site\/wp-content\/uploads\/2025\/11\/565628779_1397290855733506_6356844306543487273_n-768x576.jpg 768w\" sizes=\"auto, (max-width: 960px) 100vw, 960px\" \/><\/td>\n<\/tr>\n<tr>\n<td style=\"background-color: #ffffff; width: 60%;\">\n<h5 style=\"text-align: center;\"><strong>D\u00e9partementale 3 &#8211; \u00c9quipe 9<\/strong><\/h5>\n<p>&nbsp;<\/p>\n<p><img loading=\"lazy\" decoding=\"async\" class=\" wp-image-3323 aligncenter\" src=\"https:\/\/www.mbsmb.fr\/site\/wp-content\/uploads\/2025\/11\/Calendrier-12.jpg\" alt=\"\" width=\"566\" height=\"216\" srcset=\"https:\/\/www.mbsmb.fr\/site\/wp-content\/uploads\/2025\/11\/Calendrier-12.jpg 1993w, https:\/\/www.mbsmb.fr\/site\/wp-content\/uploads\/2025\/11\/Calendrier-12-300x115.jpg 300w, https:\/\/www.mbsmb.fr\/site\/wp-content\/uploads\/2025\/11\/Calendrier-12-1024x391.jpg 1024w, https:\/\/www.mbsmb.fr\/site\/wp-content\/uploads\/2025\/11\/Calendrier-12-768x293.jpg 768w, https:\/\/www.mbsmb.fr\/site\/wp-content\/uploads\/2025\/11\/Calendrier-12-1536x587.jpg 1536w, https:\/\/www.mbsmb.fr\/site\/wp-content\/uploads\/2025\/11\/Calendrier-12-1440x550.jpg 1440w\" sizes=\"auto, (max-width: 566px) 100vw, 566px\" \/><\/p>\n<p><span style=\"color: #5cc5f1;\"><u>Effectif<\/u> : <\/span>D\u00e9borah AUDRIT, Karthiga BALAKICHENANE, Laura COLLIGNON<\/p>\n<p><strong>St\u00e9phane TURQUIN<\/strong>, Muhammad AHMAD, No\u00e9 BORDIER, Micha\u00ebl BRAUN<\/td>\n<td style=\"background-color: #ffffff; width: 40%;\">&nbsp;<\/p>\n<p>&nbsp;<\/p>\n<p>&nbsp;<\/p>\n<p><img loading=\"lazy\" decoding=\"async\" class=\"alignnone size-full wp-image-3318\" src=\"https:\/\/www.mbsmb.fr\/site\/wp-content\/uploads\/2025\/11\/566238686_1397290929066832_6021588652611534469_n.jpg\" alt=\"\" width=\"960\" height=\"720\" srcset=\"https:\/\/www.mbsmb.fr\/site\/wp-content\/uploads\/2025\/11\/566238686_1397290929066832_6021588652611534469_n.jpg 960w, https:\/\/www.mbsmb.fr\/site\/wp-content\/uploads\/2025\/11\/566238686_1397290929066832_6021588652611534469_n-300x225.jpg 300w, https:\/\/www.mbsmb.fr\/site\/wp-content\/uploads\/2025\/11\/566238686_1397290929066832_6021588652611534469_n-768x576.jpg 768w\" sizes=\"auto, (max-width: 960px) 100vw, 960px\" \/><\/td>\n<\/tr>\n<\/tbody>\n<\/table>\n<!-- AddThis Advanced Settings generic via filter on the_content --><!-- AddThis Share Buttons generic via filter on the_content -->","protected":false},"excerpt":{"rendered":"<p>Saison 2025-2026 Tous les r\u00e9sultats des \u00e9quipes d\u2019IC sont sur ce lien BadNet. D\u00e9partementale 1 &#8211; \u00c9quipe 6 &nbsp; Effectif : Manon APPOURCHAUX, Clara ASSMANN, Marine BIE, Colline HEULLE, Marion WILHELM K\u00e9vin LUPO, Robin CLAUS, Serges DEVOS, Hadrien KOENIG, Corentin LIKILIKI, Anthony LY &nbsp; D\u00e9partementale 2 &#8211; \u00c9quipe 7 &nbsp; &hellip;<!-- AddThis Advanced Settings generic via filter on get_the_excerpt --><!-- AddThis Share Buttons generic via filter on get_the_excerpt --><\/p>\n","protected":false},"author":13,"featured_media":0,"parent":0,"menu_order":0,"comment_status":"closed","ping_status":"closed","template":"","meta":{"footnotes":""},"class_list":["post-2782","page","type-page","status-publish","hentry"],"yoast_head":"<!-- This site is optimized with the Yoast SEO plugin v26.7 - https:\/\/yoast.com\/wordpress\/plugins\/seo\/ -->\n<title>D\u00e9partementales - MBSMB<\/title>\n<meta name=\"robots\" content=\"index, follow, max-snippet:-1, max-image-preview:large, max-video-preview:-1\" \/>\n<link rel=\"canonical\" href=\"https:\/\/www.mbsmb.fr\/site\/departemental\/\" \/>\n<meta property=\"og:locale\" content=\"fr_FR\" \/>\n<meta property=\"og:type\" content=\"article\" \/>\n<meta property=\"og:title\" content=\"D\u00e9partementales - MBSMB\" \/>\n<meta property=\"og:description\" content=\"Saison 2025-2026 Tous les r\u00e9sultats des \u00e9quipes d\u2019IC sont sur ce lien BadNet. D\u00e9partementale 1 &#8211; \u00c9quipe 6 &nbsp; Effectif : Manon APPOURCHAUX, Clara ASSMANN, Marine BIE, Colline HEULLE, Marion WILHELM K\u00e9vin LUPO, Robin CLAUS, Serges DEVOS, Hadrien KOENIG, Corentin LIKILIKI, Anthony LY &nbsp; D\u00e9partementale 2 &#8211; \u00c9quipe 7 &nbsp; &hellip;\" \/>\n<meta property=\"og:url\" content=\"https:\/\/www.mbsmb.fr\/site\/departemental\/\" \/>\n<meta property=\"og:site_name\" content=\"MBSMB\" \/>\n<meta property=\"article:publisher\" content=\"https:\/\/www.facebook.com\/metzbansaintmartinbadminton\" \/>\n<meta property=\"article:modified_time\" content=\"2025-11-05T15:29:15+00:00\" \/>\n<meta property=\"og:image\" content=\"https:\/\/www.mbsmb.fr\/site\/wp-content\/uploads\/2025\/11\/Calendrier-12.jpg\" \/>\n\t<meta property=\"og:image:width\" content=\"1993\" \/>\n\t<meta property=\"og:image:height\" content=\"761\" \/>\n\t<meta property=\"og:image:type\" content=\"image\/jpeg\" \/>\n<meta name=\"twitter:card\" content=\"summary_large_image\" \/>\n<meta name=\"twitter:label1\" content=\"Dur\u00e9e de lecture estim\u00e9e\" \/>\n\t<meta name=\"twitter:data1\" content=\"3 minutes\" \/>\n<script type=\"application\/ld+json\" class=\"yoast-schema-graph\">{\"@context\":\"https:\/\/schema.org\",\"@graph\":[{\"@type\":\"WebPage\",\"@id\":\"https:\/\/www.mbsmb.fr\/site\/departemental\/\",\"url\":\"https:\/\/www.mbsmb.fr\/site\/departemental\/\",\"name\":\"D\u00e9partementales - MBSMB\",\"isPartOf\":{\"@id\":\"https:\/\/www.mbsmb.fr\/site\/#website\"},\"primaryImageOfPage\":{\"@id\":\"https:\/\/www.mbsmb.fr\/site\/departemental\/#primaryimage\"},\"image\":{\"@id\":\"https:\/\/www.mbsmb.fr\/site\/departemental\/#primaryimage\"},\"thumbnailUrl\":\"https:\/\/www.mbsmb.fr\/site\/wp-content\/uploads\/2025\/11\/Calendrier-12.jpg\",\"datePublished\":\"2023-10-05T14:38:26+00:00\",\"dateModified\":\"2025-11-05T15:29:15+00:00\",\"breadcrumb\":{\"@id\":\"https:\/\/www.mbsmb.fr\/site\/departemental\/#breadcrumb\"},\"inLanguage\":\"fr-FR\",\"potentialAction\":[{\"@type\":\"ReadAction\",\"target\":[\"https:\/\/www.mbsmb.fr\/site\/departemental\/\"]}]},{\"@type\":\"ImageObject\",\"inLanguage\":\"fr-FR\",\"@id\":\"https:\/\/www.mbsmb.fr\/site\/departemental\/#primaryimage\",\"url\":\"https:\/\/www.mbsmb.fr\/site\/wp-content\/uploads\/2025\/11\/Calendrier-12.jpg\",\"contentUrl\":\"https:\/\/www.mbsmb.fr\/site\/wp-content\/uploads\/2025\/11\/Calendrier-12.jpg\",\"width\":1993,\"height\":761},{\"@type\":\"BreadcrumbList\",\"@id\":\"https:\/\/www.mbsmb.fr\/site\/departemental\/#breadcrumb\",\"itemListElement\":[{\"@type\":\"ListItem\",\"position\":1,\"name\":\"Accueil\",\"item\":\"https:\/\/www.mbsmb.fr\/site\/\"},{\"@type\":\"ListItem\",\"position\":2,\"name\":\"D\u00e9partementales\"}]},{\"@type\":\"WebSite\",\"@id\":\"https:\/\/www.mbsmb.fr\/site\/#website\",\"url\":\"https:\/\/www.mbsmb.fr\/site\/\",\"name\":\"MSQB metz saint quentin badminton\",\"description\":\"Metz Ban Saint Martin Badminton\",\"publisher\":{\"@id\":\"https:\/\/www.mbsmb.fr\/site\/#organization\"},\"potentialAction\":[{\"@type\":\"SearchAction\",\"target\":{\"@type\":\"EntryPoint\",\"urlTemplate\":\"https:\/\/www.mbsmb.fr\/site\/?s={search_term_string}\"},\"query-input\":{\"@type\":\"PropertyValueSpecification\",\"valueRequired\":true,\"valueName\":\"search_term_string\"}}],\"inLanguage\":\"fr-FR\"},{\"@type\":\"Organization\",\"@id\":\"https:\/\/www.mbsmb.fr\/site\/#organization\",\"name\":\"msqb\",\"url\":\"https:\/\/www.mbsmb.fr\/site\/\",\"logo\":{\"@type\":\"ImageObject\",\"inLanguage\":\"fr-FR\",\"@id\":\"https:\/\/www.mbsmb.fr\/site\/#\/schema\/logo\/image\/\",\"url\":\"http:\/\/www.msqb.fr\/site\/wp-content\/uploads\/2015\/12\/msqb_logo1.png\",\"contentUrl\":\"http:\/\/www.msqb.fr\/site\/wp-content\/uploads\/2015\/12\/msqb_logo1.png\",\"width\":996,\"height\":996,\"caption\":\"msqb\"},\"image\":{\"@id\":\"https:\/\/www.mbsmb.fr\/site\/#\/schema\/logo\/image\/\"},\"sameAs\":[\"https:\/\/www.facebook.com\/metzbansaintmartinbadminton\"]}]}<\/script>\n<!-- \/ Yoast SEO plugin. -->","yoast_head_json":{"title":"D\u00e9partementales - MBSMB","robots":{"index":"index","follow":"follow","max-snippet":"max-snippet:-1","max-image-preview":"max-image-preview:large","max-video-preview":"max-video-preview:-1"},"canonical":"https:\/\/www.mbsmb.fr\/site\/departemental\/","og_locale":"fr_FR","og_type":"article","og_title":"D\u00e9partementales - MBSMB","og_description":"Saison 2025-2026 Tous les r\u00e9sultats des \u00e9quipes d\u2019IC sont sur ce lien BadNet. D\u00e9partementale 1 &#8211; \u00c9quipe 6 &nbsp; Effectif : Manon APPOURCHAUX, Clara ASSMANN, Marine BIE, Colline HEULLE, Marion WILHELM K\u00e9vin LUPO, Robin CLAUS, Serges DEVOS, Hadrien KOENIG, Corentin LIKILIKI, Anthony LY &nbsp; D\u00e9partementale 2 &#8211; \u00c9quipe 7 &nbsp; &hellip;","og_url":"https:\/\/www.mbsmb.fr\/site\/departemental\/","og_site_name":"MBSMB","article_publisher":"https:\/\/www.facebook.com\/metzbansaintmartinbadminton","article_modified_time":"2025-11-05T15:29:15+00:00","og_image":[{"width":1993,"height":761,"url":"https:\/\/www.mbsmb.fr\/site\/wp-content\/uploads\/2025\/11\/Calendrier-12.jpg","type":"image\/jpeg"}],"twitter_card":"summary_large_image","twitter_misc":{"Dur\u00e9e de lecture estim\u00e9e":"3 minutes"},"schema":{"@context":"https:\/\/schema.org","@graph":[{"@type":"WebPage","@id":"https:\/\/www.mbsmb.fr\/site\/departemental\/","url":"https:\/\/www.mbsmb.fr\/site\/departemental\/","name":"D\u00e9partementales - MBSMB","isPartOf":{"@id":"https:\/\/www.mbsmb.fr\/site\/#website"},"primaryImageOfPage":{"@id":"https:\/\/www.mbsmb.fr\/site\/departemental\/#primaryimage"},"image":{"@id":"https:\/\/www.mbsmb.fr\/site\/departemental\/#primaryimage"},"thumbnailUrl":"https:\/\/www.mbsmb.fr\/site\/wp-content\/uploads\/2025\/11\/Calendrier-12.jpg","datePublished":"2023-10-05T14:38:26+00:00","dateModified":"2025-11-05T15:29:15+00:00","breadcrumb":{"@id":"https:\/\/www.mbsmb.fr\/site\/departemental\/#breadcrumb"},"inLanguage":"fr-FR","potentialAction":[{"@type":"ReadAction","target":["https:\/\/www.mbsmb.fr\/site\/departemental\/"]}]},{"@type":"ImageObject","inLanguage":"fr-FR","@id":"https:\/\/www.mbsmb.fr\/site\/departemental\/#primaryimage","url":"https:\/\/www.mbsmb.fr\/site\/wp-content\/uploads\/2025\/11\/Calendrier-12.jpg","contentUrl":"https:\/\/www.mbsmb.fr\/site\/wp-content\/uploads\/2025\/11\/Calendrier-12.jpg","width":1993,"height":761},{"@type":"BreadcrumbList","@id":"https:\/\/www.mbsmb.fr\/site\/departemental\/#breadcrumb","itemListElement":[{"@type":"ListItem","position":1,"name":"Accueil","item":"https:\/\/www.mbsmb.fr\/site\/"},{"@type":"ListItem","position":2,"name":"D\u00e9partementales"}]},{"@type":"WebSite","@id":"https:\/\/www.mbsmb.fr\/site\/#website","url":"https:\/\/www.mbsmb.fr\/site\/","name":"MSQB metz saint quentin badminton","description":"Metz Ban Saint Martin Badminton","publisher":{"@id":"https:\/\/www.mbsmb.fr\/site\/#organization"},"potentialAction":[{"@type":"SearchAction","target":{"@type":"EntryPoint","urlTemplate":"https:\/\/www.mbsmb.fr\/site\/?s={search_term_string}"},"query-input":{"@type":"PropertyValueSpecification","valueRequired":true,"valueName":"search_term_string"}}],"inLanguage":"fr-FR"},{"@type":"Organization","@id":"https:\/\/www.mbsmb.fr\/site\/#organization","name":"msqb","url":"https:\/\/www.mbsmb.fr\/site\/","logo":{"@type":"ImageObject","inLanguage":"fr-FR","@id":"https:\/\/www.mbsmb.fr\/site\/#\/schema\/logo\/image\/","url":"http:\/\/www.msqb.fr\/site\/wp-content\/uploads\/2015\/12\/msqb_logo1.png","contentUrl":"http:\/\/www.msqb.fr\/site\/wp-content\/uploads\/2015\/12\/msqb_logo1.png","width":996,"height":996,"caption":"msqb"},"image":{"@id":"https:\/\/www.mbsmb.fr\/site\/#\/schema\/logo\/image\/"},"sameAs":["https:\/\/www.facebook.com\/metzbansaintmartinbadminton"]}]}},"_links":{"self":[{"href":"https:\/\/www.mbsmb.fr\/site\/wp-json\/wp\/v2\/pages\/2782","targetHints":{"allow":["GET"]}}],"collection":[{"href":"https:\/\/www.mbsmb.fr\/site\/wp-json\/wp\/v2\/pages"}],"about":[{"href":"https:\/\/www.mbsmb.fr\/site\/wp-json\/wp\/v2\/types\/page"}],"author":[{"embeddable":true,"href":"https:\/\/www.mbsmb.fr\/site\/wp-json\/wp\/v2\/users\/13"}],"replies":[{"embeddable":true,"href":"https:\/\/www.mbsmb.fr\/site\/wp-json\/wp\/v2\/comments?post=2782"}],"version-history":[{"count":16,"href":"https:\/\/www.mbsmb.fr\/site\/wp-json\/wp\/v2\/pages\/2782\/revisions"}],"predecessor-version":[{"id":3328,"href":"https:\/\/www.mbsmb.fr\/site\/wp-json\/wp\/v2\/pages\/2782\/revisions\/3328"}],"wp:attachment":[{"href":"https:\/\/www.mbsmb.fr\/site\/wp-json\/wp\/v2\/media?parent=2782"}],"curies":[{"name":"wp","href":"https:\/\/api.w.org\/{rel}","templated":true}]}}