{"id":2539,"date":"2022-09-14T10:26:49","date_gmt":"2022-09-14T09:26:49","guid":{"rendered":"https:\/\/www.mbsmb.fr\/site\/?page_id=2539"},"modified":"2023-07-26T16:01:11","modified_gmt":"2023-07-26T15:01:11","slug":"ic-veterans","status":"publish","type":"page","link":"https:\/\/www.mbsmb.fr\/site\/ic-veterans\/","title":{"rendered":"IC V\u00e9t\u00e9rans"},"content":{"rendered":"<p><strong>Nos 2 \u00e9quipes v\u00e9t\u00e9rans de la saison 2022-2023<\/strong><\/p>\n<p><img loading=\"lazy\" decoding=\"async\" class=\"alignnone wp-image-2709 size-large\" src=\"https:\/\/www.mbsmb.fr\/site\/wp-content\/uploads\/2023\/07\/FB_IMG_1690383446910-768x1024.jpg\" alt=\"\" width=\"768\" height=\"1024\" srcset=\"https:\/\/www.mbsmb.fr\/site\/wp-content\/uploads\/2023\/07\/FB_IMG_1690383446910-768x1024.jpg 768w, https:\/\/www.mbsmb.fr\/site\/wp-content\/uploads\/2023\/07\/FB_IMG_1690383446910-225x300.jpg 225w, https:\/\/www.mbsmb.fr\/site\/wp-content\/uploads\/2023\/07\/FB_IMG_1690383446910.jpg 1080w\" sizes=\"auto, (max-width: 768px) 100vw, 768px\" \/><\/p>\n<p><img loading=\"lazy\" decoding=\"async\" class=\"alignnone wp-image-2711 size-large\" src=\"https:\/\/www.mbsmb.fr\/site\/wp-content\/uploads\/2023\/07\/FB_IMG_1690383344142-1024x462.jpg\" alt=\"\" width=\"1024\" height=\"462\" srcset=\"https:\/\/www.mbsmb.fr\/site\/wp-content\/uploads\/2023\/07\/FB_IMG_1690383344142-1024x462.jpg 1024w, https:\/\/www.mbsmb.fr\/site\/wp-content\/uploads\/2023\/07\/FB_IMG_1690383344142-300x135.jpg 300w, https:\/\/www.mbsmb.fr\/site\/wp-content\/uploads\/2023\/07\/FB_IMG_1690383344142-768x346.jpg 768w, https:\/\/www.mbsmb.fr\/site\/wp-content\/uploads\/2023\/07\/FB_IMG_1690383344142.jpg 1080w\" sizes=\"auto, (max-width: 1024px) 100vw, 1024px\" \/><\/p>\n<!-- AddThis Advanced Settings generic via filter on the_content --><!-- AddThis Share Buttons generic via filter on the_content -->","protected":false},"excerpt":{"rendered":"<p>Nos 2 \u00e9quipes v\u00e9t\u00e9rans de la saison 2022-2023<!-- AddThis Advanced Settings generic via filter on get_the_excerpt --><!-- AddThis Share Buttons generic via filter on get_the_excerpt --><\/p>\n","protected":false},"author":13,"featured_media":0,"parent":0,"menu_order":0,"comment_status":"closed","ping_status":"closed","template":"","meta":{"footnotes":""},"class_list":["post-2539","page","type-page","status-publish","hentry"],"yoast_head":"<!-- This site is optimized with the Yoast SEO plugin v26.7 - https:\/\/yoast.com\/wordpress\/plugins\/seo\/ -->\n<title>IC V\u00e9t\u00e9rans - MBSMB<\/title>\n<meta name=\"robots\" content=\"index, follow, max-snippet:-1, max-image-preview:large, max-video-preview:-1\" \/>\n<link rel=\"canonical\" href=\"https:\/\/www.mbsmb.fr\/site\/ic-veterans\/\" \/>\n<meta property=\"og:locale\" content=\"fr_FR\" \/>\n<meta property=\"og:type\" content=\"article\" \/>\n<meta property=\"og:title\" content=\"IC V\u00e9t\u00e9rans - MBSMB\" \/>\n<meta property=\"og:description\" content=\"Nos 2 \u00e9quipes v\u00e9t\u00e9rans de la saison 2022-2023\" \/>\n<meta property=\"og:url\" content=\"https:\/\/www.mbsmb.fr\/site\/ic-veterans\/\" \/>\n<meta property=\"og:site_name\" content=\"MBSMB\" \/>\n<meta property=\"article:publisher\" content=\"https:\/\/www.facebook.com\/metzbansaintmartinbadminton\" \/>\n<meta property=\"article:modified_time\" content=\"2023-07-26T15:01:11+00:00\" \/>\n<meta property=\"og:image\" content=\"https:\/\/www.mbsmb.fr\/site\/wp-content\/uploads\/2023\/07\/FB_IMG_1690383446910-768x1024.jpg\" \/>\n<meta name=\"twitter:card\" content=\"summary_large_image\" \/>\n<meta name=\"twitter:label1\" content=\"Dur\u00e9e de lecture estim\u00e9e\" \/>\n\t<meta name=\"twitter:data1\" content=\"1 minute\" \/>\n<script type=\"application\/ld+json\" class=\"yoast-schema-graph\">{\"@context\":\"https:\/\/schema.org\",\"@graph\":[{\"@type\":\"WebPage\",\"@id\":\"https:\/\/www.mbsmb.fr\/site\/ic-veterans\/\",\"url\":\"https:\/\/www.mbsmb.fr\/site\/ic-veterans\/\",\"name\":\"IC V\u00e9t\u00e9rans - MBSMB\",\"isPartOf\":{\"@id\":\"https:\/\/www.mbsmb.fr\/site\/#website\"},\"primaryImageOfPage\":{\"@id\":\"https:\/\/www.mbsmb.fr\/site\/ic-veterans\/#primaryimage\"},\"image\":{\"@id\":\"https:\/\/www.mbsmb.fr\/site\/ic-veterans\/#primaryimage\"},\"thumbnailUrl\":\"https:\/\/www.mbsmb.fr\/site\/wp-content\/uploads\/2023\/07\/FB_IMG_1690383446910-768x1024.jpg\",\"datePublished\":\"2022-09-14T09:26:49+00:00\",\"dateModified\":\"2023-07-26T15:01:11+00:00\",\"breadcrumb\":{\"@id\":\"https:\/\/www.mbsmb.fr\/site\/ic-veterans\/#breadcrumb\"},\"inLanguage\":\"fr-FR\",\"potentialAction\":[{\"@type\":\"ReadAction\",\"target\":[\"https:\/\/www.mbsmb.fr\/site\/ic-veterans\/\"]}]},{\"@type\":\"ImageObject\",\"inLanguage\":\"fr-FR\",\"@id\":\"https:\/\/www.mbsmb.fr\/site\/ic-veterans\/#primaryimage\",\"url\":\"https:\/\/www.mbsmb.fr\/site\/wp-content\/uploads\/2023\/07\/FB_IMG_1690383446910.jpg\",\"contentUrl\":\"https:\/\/www.mbsmb.fr\/site\/wp-content\/uploads\/2023\/07\/FB_IMG_1690383446910.jpg\",\"width\":1080,\"height\":1440},{\"@type\":\"BreadcrumbList\",\"@id\":\"https:\/\/www.mbsmb.fr\/site\/ic-veterans\/#breadcrumb\",\"itemListElement\":[{\"@type\":\"ListItem\",\"position\":1,\"name\":\"Accueil\",\"item\":\"https:\/\/www.mbsmb.fr\/site\/\"},{\"@type\":\"ListItem\",\"position\":2,\"name\":\"IC V\u00e9t\u00e9rans\"}]},{\"@type\":\"WebSite\",\"@id\":\"https:\/\/www.mbsmb.fr\/site\/#website\",\"url\":\"https:\/\/www.mbsmb.fr\/site\/\",\"name\":\"MSQB metz saint quentin badminton\",\"description\":\"Metz Ban Saint Martin Badminton\",\"publisher\":{\"@id\":\"https:\/\/www.mbsmb.fr\/site\/#organization\"},\"potentialAction\":[{\"@type\":\"SearchAction\",\"target\":{\"@type\":\"EntryPoint\",\"urlTemplate\":\"https:\/\/www.mbsmb.fr\/site\/?s={search_term_string}\"},\"query-input\":{\"@type\":\"PropertyValueSpecification\",\"valueRequired\":true,\"valueName\":\"search_term_string\"}}],\"inLanguage\":\"fr-FR\"},{\"@type\":\"Organization\",\"@id\":\"https:\/\/www.mbsmb.fr\/site\/#organization\",\"name\":\"msqb\",\"url\":\"https:\/\/www.mbsmb.fr\/site\/\",\"logo\":{\"@type\":\"ImageObject\",\"inLanguage\":\"fr-FR\",\"@id\":\"https:\/\/www.mbsmb.fr\/site\/#\/schema\/logo\/image\/\",\"url\":\"http:\/\/www.msqb.fr\/site\/wp-content\/uploads\/2015\/12\/msqb_logo1.png\",\"contentUrl\":\"http:\/\/www.msqb.fr\/site\/wp-content\/uploads\/2015\/12\/msqb_logo1.png\",\"width\":996,\"height\":996,\"caption\":\"msqb\"},\"image\":{\"@id\":\"https:\/\/www.mbsmb.fr\/site\/#\/schema\/logo\/image\/\"},\"sameAs\":[\"https:\/\/www.facebook.com\/metzbansaintmartinbadminton\"]}]}<\/script>\n<!-- \/ Yoast SEO plugin. -->","yoast_head_json":{"title":"IC V\u00e9t\u00e9rans - MBSMB","robots":{"index":"index","follow":"follow","max-snippet":"max-snippet:-1","max-image-preview":"max-image-preview:large","max-video-preview":"max-video-preview:-1"},"canonical":"https:\/\/www.mbsmb.fr\/site\/ic-veterans\/","og_locale":"fr_FR","og_type":"article","og_title":"IC V\u00e9t\u00e9rans - MBSMB","og_description":"Nos 2 \u00e9quipes v\u00e9t\u00e9rans de la saison 2022-2023","og_url":"https:\/\/www.mbsmb.fr\/site\/ic-veterans\/","og_site_name":"MBSMB","article_publisher":"https:\/\/www.facebook.com\/metzbansaintmartinbadminton","article_modified_time":"2023-07-26T15:01:11+00:00","og_image":[{"url":"https:\/\/www.mbsmb.fr\/site\/wp-content\/uploads\/2023\/07\/FB_IMG_1690383446910-768x1024.jpg","type":"","width":"","height":""}],"twitter_card":"summary_large_image","twitter_misc":{"Dur\u00e9e de lecture estim\u00e9e":"1 minute"},"schema":{"@context":"https:\/\/schema.org","@graph":[{"@type":"WebPage","@id":"https:\/\/www.mbsmb.fr\/site\/ic-veterans\/","url":"https:\/\/www.mbsmb.fr\/site\/ic-veterans\/","name":"IC V\u00e9t\u00e9rans - MBSMB","isPartOf":{"@id":"https:\/\/www.mbsmb.fr\/site\/#website"},"primaryImageOfPage":{"@id":"https:\/\/www.mbsmb.fr\/site\/ic-veterans\/#primaryimage"},"image":{"@id":"https:\/\/www.mbsmb.fr\/site\/ic-veterans\/#primaryimage"},"thumbnailUrl":"https:\/\/www.mbsmb.fr\/site\/wp-content\/uploads\/2023\/07\/FB_IMG_1690383446910-768x1024.jpg","datePublished":"2022-09-14T09:26:49+00:00","dateModified":"2023-07-26T15:01:11+00:00","breadcrumb":{"@id":"https:\/\/www.mbsmb.fr\/site\/ic-veterans\/#breadcrumb"},"inLanguage":"fr-FR","potentialAction":[{"@type":"ReadAction","target":["https:\/\/www.mbsmb.fr\/site\/ic-veterans\/"]}]},{"@type":"ImageObject","inLanguage":"fr-FR","@id":"https:\/\/www.mbsmb.fr\/site\/ic-veterans\/#primaryimage","url":"https:\/\/www.mbsmb.fr\/site\/wp-content\/uploads\/2023\/07\/FB_IMG_1690383446910.jpg","contentUrl":"https:\/\/www.mbsmb.fr\/site\/wp-content\/uploads\/2023\/07\/FB_IMG_1690383446910.jpg","width":1080,"height":1440},{"@type":"BreadcrumbList","@id":"https:\/\/www.mbsmb.fr\/site\/ic-veterans\/#breadcrumb","itemListElement":[{"@type":"ListItem","position":1,"name":"Accueil","item":"https:\/\/www.mbsmb.fr\/site\/"},{"@type":"ListItem","position":2,"name":"IC V\u00e9t\u00e9rans"}]},{"@type":"WebSite","@id":"https:\/\/www.mbsmb.fr\/site\/#website","url":"https:\/\/www.mbsmb.fr\/site\/","name":"MSQB metz saint quentin badminton","description":"Metz Ban Saint Martin Badminton","publisher":{"@id":"https:\/\/www.mbsmb.fr\/site\/#organization"},"potentialAction":[{"@type":"SearchAction","target":{"@type":"EntryPoint","urlTemplate":"https:\/\/www.mbsmb.fr\/site\/?s={search_term_string}"},"query-input":{"@type":"PropertyValueSpecification","valueRequired":true,"valueName":"search_term_string"}}],"inLanguage":"fr-FR"},{"@type":"Organization","@id":"https:\/\/www.mbsmb.fr\/site\/#organization","name":"msqb","url":"https:\/\/www.mbsmb.fr\/site\/","logo":{"@type":"ImageObject","inLanguage":"fr-FR","@id":"https:\/\/www.mbsmb.fr\/site\/#\/schema\/logo\/image\/","url":"http:\/\/www.msqb.fr\/site\/wp-content\/uploads\/2015\/12\/msqb_logo1.png","contentUrl":"http:\/\/www.msqb.fr\/site\/wp-content\/uploads\/2015\/12\/msqb_logo1.png","width":996,"height":996,"caption":"msqb"},"image":{"@id":"https:\/\/www.mbsmb.fr\/site\/#\/schema\/logo\/image\/"},"sameAs":["https:\/\/www.facebook.com\/metzbansaintmartinbadminton"]}]}},"_links":{"self":[{"href":"https:\/\/www.mbsmb.fr\/site\/wp-json\/wp\/v2\/pages\/2539","targetHints":{"allow":["GET"]}}],"collection":[{"href":"https:\/\/www.mbsmb.fr\/site\/wp-json\/wp\/v2\/pages"}],"about":[{"href":"https:\/\/www.mbsmb.fr\/site\/wp-json\/wp\/v2\/types\/page"}],"author":[{"embeddable":true,"href":"https:\/\/www.mbsmb.fr\/site\/wp-json\/wp\/v2\/users\/13"}],"replies":[{"embeddable":true,"href":"https:\/\/www.mbsmb.fr\/site\/wp-json\/wp\/v2\/comments?post=2539"}],"version-history":[{"count":4,"href":"https:\/\/www.mbsmb.fr\/site\/wp-json\/wp\/v2\/pages\/2539\/revisions"}],"predecessor-version":[{"id":2712,"href":"https:\/\/www.mbsmb.fr\/site\/wp-json\/wp\/v2\/pages\/2539\/revisions\/2712"}],"wp:attachment":[{"href":"https:\/\/www.mbsmb.fr\/site\/wp-json\/wp\/v2\/media?parent=2539"}],"curies":[{"name":"wp","href":"https:\/\/api.w.org\/{rel}","templated":true}]}}