{"id":2249,"date":"2022-02-23T12:18:56","date_gmt":"2022-02-23T11:18:56","guid":{"rendered":"https:\/\/www.mbsmb.fr\/site\/?page_id=2249"},"modified":"2025-09-08T08:22:40","modified_gmt":"2025-09-08T07:22:40","slug":"creneauxcompetiteurs","status":"publish","type":"page","link":"https:\/\/www.mbsmb.fr\/site\/creneauxcompetiteurs\/","title":{"rendered":"Cr\u00e9neaux comp\u00e9titeurs"},"content":{"rendered":"<h4><strong>Vous voulez pratiquer le badminton avec d\u2019autres comp\u00e9titeurs, rejoignez un de nos cr\u00e9neaux :<\/strong><\/h4>\n<p><em>Si vous \u00eates nouveau, nous vous invitons \u00e0 prendre contact avec nous sur <a href=\"mailto:co***********@***il.com\" data-original-string=\"bqv3ixJ+e0d1gpixCuthDQ==627L8838mwwYbgBxgUL6q0QhISlYOK\/x7hLi3stuF74peI=\" title=\"This contact has been encoded by Anti-Spam by CleanTalk. Click to decode. To finish the decoding make sure that JavaScript is enabled in your browser.\"><span \n                data-original-string='aklZHnEKnBRgVzblE5KzMw==627Cqiw0Hgf\/qh57FZmSXY2xkdeldW7l4VaOaPrycJAIew='\n                class='apbct-email-encoder'\n                title='This contact has been encoded by Anti-Spam by CleanTalk. Click to decode. To finish the decoding make sure that JavaScript is enabled in your browser.'>co<span class=\"apbct-blur\">***********<\/span>@<span class=\"apbct-blur\">***<\/span>il.com<\/span><\/a>, nous vous orienterons au mieux<\/em><br \/>\n\u2022 Cr\u00e9neau <strong>\u00ab jeu libre \u00bb<\/strong> le mardi au BSM de 19h \u00e0 22h <em>(si ouvreur)<\/em><br \/>\n\u2022 Cr\u00e9neau d\u2019<strong>entrainement<\/strong> par Florent le jeudi \u00e0 la GAB de 20h00 \u00e0 21h30 suivi de <strong>\u00ab jeu libre \u00bb<\/strong> de 21h30 \u00e0 22h<br \/>\n\u2022 Cr\u00e9neaux <strong>\u00ab jeu libre \u00bb<\/strong> \u00e0 la GAB le mardi de 20h \u00e0 22h30 <em>(7 terrains, id\u00e9al pour du SIMPLE)<\/em><br \/>\n\u2022 Cr\u00e9neau <strong>\u00ab jeu libre \u00bb<\/strong> \u00e0 Valli\u00e8res le mercredi de 20h \u00e0 22h <em>(si ouvreur)<\/em><br \/>\n\u2022 Cr\u00e9neau <strong>\u00ab jeu libre \u00bb<\/strong> au BSM le jeudi de 19h \u00e0 22h <em>(si ouvreur)<\/em><br \/>\n\u2022 Cr\u00e9neaux <strong>\u00ab jeu libre \u00bb<\/strong> au BSM le samedi de 10h \u00e0 13h <em>(ouvert \u00e0 tous et si ouvreur)<\/em><br \/>\n\u2022 Cr\u00e9neau <strong>\u00ab jeu libre \u00bb<\/strong> au BSM le dimanche de 19h \u00e0 22h <em>(si ouvreur)<\/em><\/p>\n<h5 style=\"text-align: center;\">Cr\u00e9neaux 2025-2026<\/h5>\n<p><img loading=\"lazy\" decoding=\"async\" class=\"alignnone size-full wp-image-3242\" src=\"https:\/\/www.mbsmb.fr\/site\/wp-content\/uploads\/2025\/09\/SiteMBSMB-scaled.jpg\" alt=\"\" width=\"2560\" height=\"1494\" srcset=\"https:\/\/www.mbsmb.fr\/site\/wp-content\/uploads\/2025\/09\/SiteMBSMB-scaled.jpg 2560w, https:\/\/www.mbsmb.fr\/site\/wp-content\/uploads\/2025\/09\/SiteMBSMB-300x175.jpg 300w, https:\/\/www.mbsmb.fr\/site\/wp-content\/uploads\/2025\/09\/SiteMBSMB-1024x598.jpg 1024w, https:\/\/www.mbsmb.fr\/site\/wp-content\/uploads\/2025\/09\/SiteMBSMB-768x448.jpg 768w, https:\/\/www.mbsmb.fr\/site\/wp-content\/uploads\/2025\/09\/SiteMBSMB-1536x897.jpg 1536w, https:\/\/www.mbsmb.fr\/site\/wp-content\/uploads\/2025\/09\/SiteMBSMB-2048x1196.jpg 2048w, https:\/\/www.mbsmb.fr\/site\/wp-content\/uploads\/2025\/09\/SiteMBSMB-1440x841.jpg 1440w\" sizes=\"auto, (max-width: 2560px) 100vw, 2560px\" \/><\/p>\n<p><strong><span style=\"color: #ff0000;\">Tous les cr\u00e9neaux adultes se font sur inscription sur l&rsquo;application du club :<\/span> <a href=\"https:\/\/mbsmb.fr\/creneaux\/\">Cr\u00e9neaux<\/a> <span style=\"color: #ff0000;\">&#8211; Indiquer : NOM + PRENOM<\/span><\/strong><\/p>\n<p><strong><span style=\"color: #ff0000;\">Attention ! Tous les cr\u00e9neaux de jeu libre sont soumis \u00e0 un ouvreur &#8211; Bien v\u00e9rifier que le cr\u00e9neau est vert avant de vous d\u00e9placer<\/span><\/strong><\/p>\n<p>&nbsp;<\/p>\n<p>Pour les <strong>interclubs<\/strong>, les \u00e9quipes seront d\u00e9finies en d\u00e9but de saison.<\/p>\n<p>Pour les comp\u00e9titions et tournois au fil de l\u2019ann\u00e9e, ils sont visibles sur <a href=\"https:\/\/www.badnet.org\/\">https:\/\/www.badnet.org\/<\/a> ou sur l\u2019application mobile ebad.<\/p>\n<p><strong>Entraineur du MBSMB :<\/strong><\/p>\n<p><img loading=\"lazy\" decoding=\"async\" class=\"alignnone wp-image-2441\" src=\"https:\/\/www.mbsmb.fr\/site\/wp-content\/uploads\/2022\/07\/Florent-768x1024.jpg\" alt=\"\" width=\"144\" height=\"192\" srcset=\"https:\/\/www.mbsmb.fr\/site\/wp-content\/uploads\/2022\/07\/Florent-768x1024.jpg 768w, https:\/\/www.mbsmb.fr\/site\/wp-content\/uploads\/2022\/07\/Florent-225x300.jpg 225w, https:\/\/www.mbsmb.fr\/site\/wp-content\/uploads\/2022\/07\/Florent-1152x1536.jpg 1152w, https:\/\/www.mbsmb.fr\/site\/wp-content\/uploads\/2022\/07\/Florent-1536x2048.jpg 1536w, https:\/\/www.mbsmb.fr\/site\/wp-content\/uploads\/2022\/07\/Florent-1080x1440.jpg 1080w, https:\/\/www.mbsmb.fr\/site\/wp-content\/uploads\/2022\/07\/Florent-scaled.jpg 1920w\" sizes=\"auto, (max-width: 144px) 100vw, 144px\" \/><\/p>\n<p><strong>Adresses des gymnases<\/strong> (Voir la rubrique <a href=\"https:\/\/www.mbsmb.fr\/site\/acces\/\" target=\"_blank\" rel=\"noopener\">Acc\u00e8s Gymnases<\/a> pour plus de d\u00e9tails) :<\/p>\n<p><strong><span style=\"color: #66ccff;\"><u>BSM<\/u> :<\/span><\/strong> Rue de la Marne, 57050 Le Ban-Saint-Martin<\/p>\n<p><strong><span style=\"color: #66ccff;\"><u>GAB<\/u> :<\/span><\/strong> 2 rue de la Baron\u00e8te. 57070 Metz<\/p>\n<p><strong><span style=\"color: #66ccff;\"><u>Valli\u00e8res<\/u> :<\/span><\/strong> 10 bis Rue des Carri\u00e8res, 57070 Metz<\/p>\n<p>&nbsp;<\/p>\n<table style=\"background-color: #f7d263; height: 124px;\" border=\"1\" width=\"959\">\n<tbody>\n<tr>\n<td style=\"text-align: center;\"><strong>Des questions?<\/strong> Vous pouvez nous \u00e9crire \u00e0 : <a href=\"mailto:co***********@***il.com\" data-original-string=\"6yhRowYZlgvJYEDL4RK6cA==627AIAfwZrcgZMYte12NohyqPdSQmSM\/TPYMcc8iQZ2OaI=\" title=\"This contact has been encoded by Anti-Spam by CleanTalk. Click to decode. To finish the decoding make sure that JavaScript is enabled in your browser.\"><span \n                data-original-string='pz\/ITMf0nTJWDW7gcsdKhA==6271l4HpndrJEy0w3dm35hn2\/Gmqxs7wEzlk9bfEbnVlLg='\n                class='apbct-email-encoder'\n                title='This contact has been encoded by Anti-Spam by CleanTalk. Click to decode. To finish the decoding make sure that JavaScript is enabled in your browser.'>co<span class=\"apbct-blur\">***********<\/span>@<span class=\"apbct-blur\">***<\/span>il.com<\/span><\/a><\/p>\n<p>Corinne vous r\u00e9pondra !<\/td>\n<\/tr>\n<\/tbody>\n<\/table>\n<!-- AddThis Advanced Settings generic via filter on the_content --><!-- AddThis Share Buttons generic via filter on the_content -->","protected":false},"excerpt":{"rendered":"<p>Vous voulez pratiquer le badminton avec d\u2019autres comp\u00e9titeurs, rejoignez un de nos cr\u00e9neaux : Si vous \u00eates nouveau, nous vous invitons \u00e0 prendre contact avec nous sur co***********@***il.com, nous vous orienterons au mieux \u2022 Cr\u00e9neau \u00ab jeu libre \u00bb le mardi au BSM de 19h \u00e0 22h (si ouvreur) \u2022 &hellip;<!-- AddThis Advanced Settings generic via filter on get_the_excerpt --><!-- AddThis Share Buttons generic via filter on get_the_excerpt --><\/p>\n","protected":false},"author":13,"featured_media":0,"parent":0,"menu_order":0,"comment_status":"closed","ping_status":"closed","template":"","meta":{"footnotes":""},"class_list":["post-2249","page","type-page","status-publish","hentry"],"yoast_head":"<!-- This site is optimized with the Yoast SEO plugin v26.7 - https:\/\/yoast.com\/wordpress\/plugins\/seo\/ -->\n<title>Cr\u00e9neaux comp\u00e9titeurs - MBSMB<\/title>\n<meta name=\"robots\" content=\"index, follow, max-snippet:-1, max-image-preview:large, max-video-preview:-1\" \/>\n<link rel=\"canonical\" href=\"https:\/\/www.mbsmb.fr\/site\/creneauxcompetiteurs\/\" \/>\n<meta property=\"og:locale\" content=\"fr_FR\" \/>\n<meta property=\"og:type\" content=\"article\" \/>\n<meta property=\"og:title\" content=\"Cr\u00e9neaux comp\u00e9titeurs - MBSMB\" \/>\n<meta property=\"og:description\" content=\"Vous voulez pratiquer le badminton avec d\u2019autres comp\u00e9titeurs, rejoignez un de nos cr\u00e9neaux : Si vous \u00eates nouveau, nous vous invitons \u00e0 prendre contact avec nous sur co***********@***il.com, nous vous orienterons au mieux \u2022 Cr\u00e9neau \u00ab jeu libre \u00bb le mardi au BSM de 19h \u00e0 22h (si ouvreur) \u2022 &hellip;\" \/>\n<meta property=\"og:url\" content=\"https:\/\/www.mbsmb.fr\/site\/creneauxcompetiteurs\/\" \/>\n<meta property=\"og:site_name\" content=\"MBSMB\" \/>\n<meta property=\"article:publisher\" content=\"https:\/\/www.facebook.com\/metzbansaintmartinbadminton\" \/>\n<meta property=\"article:modified_time\" content=\"2025-09-08T07:22:40+00:00\" \/>\n<meta property=\"og:image\" content=\"https:\/\/www.mbsmb.fr\/site\/wp-content\/uploads\/2025\/09\/SiteMBSMB-scaled.jpg\" \/>\n\t<meta property=\"og:image:width\" content=\"2560\" \/>\n\t<meta property=\"og:image:height\" content=\"1494\" \/>\n\t<meta property=\"og:image:type\" content=\"image\/jpeg\" \/>\n<meta name=\"twitter:card\" content=\"summary_large_image\" \/>\n<meta name=\"twitter:label1\" content=\"Dur\u00e9e de lecture estim\u00e9e\" \/>\n\t<meta name=\"twitter:data1\" content=\"2 minutes\" \/>\n<script type=\"application\/ld+json\" class=\"yoast-schema-graph\">{\"@context\":\"https:\/\/schema.org\",\"@graph\":[{\"@type\":\"WebPage\",\"@id\":\"https:\/\/www.mbsmb.fr\/site\/creneauxcompetiteurs\/\",\"url\":\"https:\/\/www.mbsmb.fr\/site\/creneauxcompetiteurs\/\",\"name\":\"Cr\u00e9neaux comp\u00e9titeurs - MBSMB\",\"isPartOf\":{\"@id\":\"https:\/\/www.mbsmb.fr\/site\/#website\"},\"primaryImageOfPage\":{\"@id\":\"https:\/\/www.mbsmb.fr\/site\/creneauxcompetiteurs\/#primaryimage\"},\"image\":{\"@id\":\"https:\/\/www.mbsmb.fr\/site\/creneauxcompetiteurs\/#primaryimage\"},\"thumbnailUrl\":\"https:\/\/www.mbsmb.fr\/site\/wp-content\/uploads\/2025\/09\/SiteMBSMB-scaled.jpg\",\"datePublished\":\"2022-02-23T11:18:56+00:00\",\"dateModified\":\"2025-09-08T07:22:40+00:00\",\"breadcrumb\":{\"@id\":\"https:\/\/www.mbsmb.fr\/site\/creneauxcompetiteurs\/#breadcrumb\"},\"inLanguage\":\"fr-FR\",\"potentialAction\":[{\"@type\":\"ReadAction\",\"target\":[\"https:\/\/www.mbsmb.fr\/site\/creneauxcompetiteurs\/\"]}]},{\"@type\":\"ImageObject\",\"inLanguage\":\"fr-FR\",\"@id\":\"https:\/\/www.mbsmb.fr\/site\/creneauxcompetiteurs\/#primaryimage\",\"url\":\"https:\/\/www.mbsmb.fr\/site\/wp-content\/uploads\/2025\/09\/SiteMBSMB-scaled.jpg\",\"contentUrl\":\"https:\/\/www.mbsmb.fr\/site\/wp-content\/uploads\/2025\/09\/SiteMBSMB-scaled.jpg\",\"width\":2560,\"height\":1494},{\"@type\":\"BreadcrumbList\",\"@id\":\"https:\/\/www.mbsmb.fr\/site\/creneauxcompetiteurs\/#breadcrumb\",\"itemListElement\":[{\"@type\":\"ListItem\",\"position\":1,\"name\":\"Accueil\",\"item\":\"https:\/\/www.mbsmb.fr\/site\/\"},{\"@type\":\"ListItem\",\"position\":2,\"name\":\"Cr\u00e9neaux comp\u00e9titeurs\"}]},{\"@type\":\"WebSite\",\"@id\":\"https:\/\/www.mbsmb.fr\/site\/#website\",\"url\":\"https:\/\/www.mbsmb.fr\/site\/\",\"name\":\"MSQB metz saint quentin badminton\",\"description\":\"Metz Ban Saint Martin Badminton\",\"publisher\":{\"@id\":\"https:\/\/www.mbsmb.fr\/site\/#organization\"},\"potentialAction\":[{\"@type\":\"SearchAction\",\"target\":{\"@type\":\"EntryPoint\",\"urlTemplate\":\"https:\/\/www.mbsmb.fr\/site\/?s={search_term_string}\"},\"query-input\":{\"@type\":\"PropertyValueSpecification\",\"valueRequired\":true,\"valueName\":\"search_term_string\"}}],\"inLanguage\":\"fr-FR\"},{\"@type\":\"Organization\",\"@id\":\"https:\/\/www.mbsmb.fr\/site\/#organization\",\"name\":\"msqb\",\"url\":\"https:\/\/www.mbsmb.fr\/site\/\",\"logo\":{\"@type\":\"ImageObject\",\"inLanguage\":\"fr-FR\",\"@id\":\"https:\/\/www.mbsmb.fr\/site\/#\/schema\/logo\/image\/\",\"url\":\"http:\/\/www.msqb.fr\/site\/wp-content\/uploads\/2015\/12\/msqb_logo1.png\",\"contentUrl\":\"http:\/\/www.msqb.fr\/site\/wp-content\/uploads\/2015\/12\/msqb_logo1.png\",\"width\":996,\"height\":996,\"caption\":\"msqb\"},\"image\":{\"@id\":\"https:\/\/www.mbsmb.fr\/site\/#\/schema\/logo\/image\/\"},\"sameAs\":[\"https:\/\/www.facebook.com\/metzbansaintmartinbadminton\"]}]}<\/script>\n<!-- \/ Yoast SEO plugin. -->","yoast_head_json":{"title":"Cr\u00e9neaux comp\u00e9titeurs - MBSMB","robots":{"index":"index","follow":"follow","max-snippet":"max-snippet:-1","max-image-preview":"max-image-preview:large","max-video-preview":"max-video-preview:-1"},"canonical":"https:\/\/www.mbsmb.fr\/site\/creneauxcompetiteurs\/","og_locale":"fr_FR","og_type":"article","og_title":"Cr\u00e9neaux comp\u00e9titeurs - MBSMB","og_description":"Vous voulez pratiquer le badminton avec d\u2019autres comp\u00e9titeurs, rejoignez un de nos cr\u00e9neaux : Si vous \u00eates nouveau, nous vous invitons \u00e0 prendre contact avec nous sur co***********@***il.com, nous vous orienterons au mieux \u2022 Cr\u00e9neau \u00ab jeu libre \u00bb le mardi au BSM de 19h \u00e0 22h (si ouvreur) \u2022 &hellip;","og_url":"https:\/\/www.mbsmb.fr\/site\/creneauxcompetiteurs\/","og_site_name":"MBSMB","article_publisher":"https:\/\/www.facebook.com\/metzbansaintmartinbadminton","article_modified_time":"2025-09-08T07:22:40+00:00","og_image":[{"width":2560,"height":1494,"url":"https:\/\/www.mbsmb.fr\/site\/wp-content\/uploads\/2025\/09\/SiteMBSMB-scaled.jpg","type":"image\/jpeg"}],"twitter_card":"summary_large_image","twitter_misc":{"Dur\u00e9e de lecture estim\u00e9e":"2 minutes"},"schema":{"@context":"https:\/\/schema.org","@graph":[{"@type":"WebPage","@id":"https:\/\/www.mbsmb.fr\/site\/creneauxcompetiteurs\/","url":"https:\/\/www.mbsmb.fr\/site\/creneauxcompetiteurs\/","name":"Cr\u00e9neaux comp\u00e9titeurs - MBSMB","isPartOf":{"@id":"https:\/\/www.mbsmb.fr\/site\/#website"},"primaryImageOfPage":{"@id":"https:\/\/www.mbsmb.fr\/site\/creneauxcompetiteurs\/#primaryimage"},"image":{"@id":"https:\/\/www.mbsmb.fr\/site\/creneauxcompetiteurs\/#primaryimage"},"thumbnailUrl":"https:\/\/www.mbsmb.fr\/site\/wp-content\/uploads\/2025\/09\/SiteMBSMB-scaled.jpg","datePublished":"2022-02-23T11:18:56+00:00","dateModified":"2025-09-08T07:22:40+00:00","breadcrumb":{"@id":"https:\/\/www.mbsmb.fr\/site\/creneauxcompetiteurs\/#breadcrumb"},"inLanguage":"fr-FR","potentialAction":[{"@type":"ReadAction","target":["https:\/\/www.mbsmb.fr\/site\/creneauxcompetiteurs\/"]}]},{"@type":"ImageObject","inLanguage":"fr-FR","@id":"https:\/\/www.mbsmb.fr\/site\/creneauxcompetiteurs\/#primaryimage","url":"https:\/\/www.mbsmb.fr\/site\/wp-content\/uploads\/2025\/09\/SiteMBSMB-scaled.jpg","contentUrl":"https:\/\/www.mbsmb.fr\/site\/wp-content\/uploads\/2025\/09\/SiteMBSMB-scaled.jpg","width":2560,"height":1494},{"@type":"BreadcrumbList","@id":"https:\/\/www.mbsmb.fr\/site\/creneauxcompetiteurs\/#breadcrumb","itemListElement":[{"@type":"ListItem","position":1,"name":"Accueil","item":"https:\/\/www.mbsmb.fr\/site\/"},{"@type":"ListItem","position":2,"name":"Cr\u00e9neaux comp\u00e9titeurs"}]},{"@type":"WebSite","@id":"https:\/\/www.mbsmb.fr\/site\/#website","url":"https:\/\/www.mbsmb.fr\/site\/","name":"MSQB metz saint quentin badminton","description":"Metz Ban Saint Martin Badminton","publisher":{"@id":"https:\/\/www.mbsmb.fr\/site\/#organization"},"potentialAction":[{"@type":"SearchAction","target":{"@type":"EntryPoint","urlTemplate":"https:\/\/www.mbsmb.fr\/site\/?s={search_term_string}"},"query-input":{"@type":"PropertyValueSpecification","valueRequired":true,"valueName":"search_term_string"}}],"inLanguage":"fr-FR"},{"@type":"Organization","@id":"https:\/\/www.mbsmb.fr\/site\/#organization","name":"msqb","url":"https:\/\/www.mbsmb.fr\/site\/","logo":{"@type":"ImageObject","inLanguage":"fr-FR","@id":"https:\/\/www.mbsmb.fr\/site\/#\/schema\/logo\/image\/","url":"http:\/\/www.msqb.fr\/site\/wp-content\/uploads\/2015\/12\/msqb_logo1.png","contentUrl":"http:\/\/www.msqb.fr\/site\/wp-content\/uploads\/2015\/12\/msqb_logo1.png","width":996,"height":996,"caption":"msqb"},"image":{"@id":"https:\/\/www.mbsmb.fr\/site\/#\/schema\/logo\/image\/"},"sameAs":["https:\/\/www.facebook.com\/metzbansaintmartinbadminton"]}]}},"_links":{"self":[{"href":"https:\/\/www.mbsmb.fr\/site\/wp-json\/wp\/v2\/pages\/2249","targetHints":{"allow":["GET"]}}],"collection":[{"href":"https:\/\/www.mbsmb.fr\/site\/wp-json\/wp\/v2\/pages"}],"about":[{"href":"https:\/\/www.mbsmb.fr\/site\/wp-json\/wp\/v2\/types\/page"}],"author":[{"embeddable":true,"href":"https:\/\/www.mbsmb.fr\/site\/wp-json\/wp\/v2\/users\/13"}],"replies":[{"embeddable":true,"href":"https:\/\/www.mbsmb.fr\/site\/wp-json\/wp\/v2\/comments?post=2249"}],"version-history":[{"count":30,"href":"https:\/\/www.mbsmb.fr\/site\/wp-json\/wp\/v2\/pages\/2249\/revisions"}],"predecessor-version":[{"id":3243,"href":"https:\/\/www.mbsmb.fr\/site\/wp-json\/wp\/v2\/pages\/2249\/revisions\/3243"}],"wp:attachment":[{"href":"https:\/\/www.mbsmb.fr\/site\/wp-json\/wp\/v2\/media?parent=2249"}],"curies":[{"name":"wp","href":"https:\/\/api.w.org\/{rel}","templated":true}]}}