{"id":1933,"date":"2022-01-17T20:43:32","date_gmt":"2022-01-17T19:43:32","guid":{"rendered":"https:\/\/www.mbsmb.fr\/site\/?page_id=1933"},"modified":"2025-09-27T11:05:52","modified_gmt":"2025-09-27T10:05:52","slug":"competitions-jeunes","status":"publish","type":"page","link":"https:\/\/www.mbsmb.fr\/site\/jeunes\/competitions-jeunes\/","title":{"rendered":"Inscriptions aux circuits jeunes"},"content":{"rendered":"<p><strong>Pour inscrire votre enfant aux circuits jeunes :<\/strong><\/p>\n<div>Pour chaque Circuit Jeunes un <strong>lien<\/strong> sera envoy\u00e9 par <strong>mail<\/strong> pour les inscriptions !<\/div>\n<div><\/div>\n<div>Retrouvez toutes les dates des Circuits dans l&rsquo;onglet JEUNES puis CALENDRIER COMP\u00c9TITIONS.<\/div>\n<div><\/div>\n<h4 style=\"text-align: center;\">Cat\u00e9gorie d&rsquo;\u00e2ge<\/h4>\n<p><img loading=\"lazy\" decoding=\"async\" class=\"wp-image-3125 aligncenter\" src=\"https:\/\/www.mbsmb.fr\/site\/wp-content\/uploads\/2025\/07\/CategoriesAge-1024x881.jpg\" alt=\"\" width=\"561\" height=\"483\" srcset=\"https:\/\/www.mbsmb.fr\/site\/wp-content\/uploads\/2025\/07\/CategoriesAge-1024x881.jpg 1024w, https:\/\/www.mbsmb.fr\/site\/wp-content\/uploads\/2025\/07\/CategoriesAge-300x258.jpg 300w, https:\/\/www.mbsmb.fr\/site\/wp-content\/uploads\/2025\/07\/CategoriesAge-768x661.jpg 768w, https:\/\/www.mbsmb.fr\/site\/wp-content\/uploads\/2025\/07\/CategoriesAge-1440x1239.jpg 1440w, https:\/\/www.mbsmb.fr\/site\/wp-content\/uploads\/2025\/07\/CategoriesAge.jpg 1495w\" sizes=\"auto, (max-width: 561px) 100vw, 561px\" \/><\/p>\n<!-- AddThis Advanced Settings generic via filter on the_content --><!-- AddThis Share Buttons generic via filter on the_content -->","protected":false},"excerpt":{"rendered":"<p>Pour inscrire votre enfant aux circuits jeunes : Pour chaque Circuit Jeunes un lien sera envoy\u00e9 par mail pour les inscriptions ! Retrouvez toutes les dates des Circuits dans l&rsquo;onglet JEUNES puis CALENDRIER COMP\u00c9TITIONS. Cat\u00e9gorie d&rsquo;\u00e2ge<!-- AddThis Advanced Settings generic via filter on get_the_excerpt --><!-- AddThis Share Buttons generic via filter on get_the_excerpt --><\/p>\n","protected":false},"author":1,"featured_media":0,"parent":810,"menu_order":3,"comment_status":"closed","ping_status":"closed","template":"","meta":{"footnotes":""},"class_list":["post-1933","page","type-page","status-publish","hentry"],"yoast_head":"<!-- This site is optimized with the Yoast SEO plugin v26.7 - https:\/\/yoast.com\/wordpress\/plugins\/seo\/ -->\n<title>Inscriptions aux circuits jeunes - MBSMB<\/title>\n<meta name=\"robots\" content=\"index, follow, max-snippet:-1, max-image-preview:large, max-video-preview:-1\" \/>\n<link rel=\"canonical\" href=\"https:\/\/www.mbsmb.fr\/site\/jeunes\/competitions-jeunes\/\" \/>\n<meta property=\"og:locale\" content=\"fr_FR\" \/>\n<meta property=\"og:type\" content=\"article\" \/>\n<meta property=\"og:title\" content=\"Inscriptions aux circuits jeunes - MBSMB\" \/>\n<meta property=\"og:description\" content=\"Pour inscrire votre enfant aux circuits jeunes : Pour chaque Circuit Jeunes un lien sera envoy\u00e9 par mail pour les inscriptions ! Retrouvez toutes les dates des Circuits dans l&rsquo;onglet JEUNES puis CALENDRIER COMP\u00c9TITIONS. Cat\u00e9gorie d&rsquo;\u00e2ge\" \/>\n<meta property=\"og:url\" content=\"https:\/\/www.mbsmb.fr\/site\/jeunes\/competitions-jeunes\/\" \/>\n<meta property=\"og:site_name\" content=\"MBSMB\" \/>\n<meta property=\"article:publisher\" content=\"https:\/\/www.facebook.com\/metzbansaintmartinbadminton\" \/>\n<meta property=\"article:modified_time\" content=\"2025-09-27T10:05:52+00:00\" \/>\n<meta property=\"og:image\" content=\"https:\/\/www.mbsmb.fr\/site\/wp-content\/uploads\/2025\/07\/CategoriesAge.jpg\" \/>\n\t<meta property=\"og:image:width\" content=\"1495\" \/>\n\t<meta property=\"og:image:height\" content=\"1286\" \/>\n\t<meta property=\"og:image:type\" content=\"image\/jpeg\" \/>\n<meta name=\"twitter:card\" content=\"summary_large_image\" \/>\n<meta name=\"twitter:label1\" content=\"Dur\u00e9e de lecture estim\u00e9e\" \/>\n\t<meta name=\"twitter:data1\" content=\"1 minute\" \/>\n<script type=\"application\/ld+json\" class=\"yoast-schema-graph\">{\"@context\":\"https:\/\/schema.org\",\"@graph\":[{\"@type\":\"WebPage\",\"@id\":\"https:\/\/www.mbsmb.fr\/site\/jeunes\/competitions-jeunes\/\",\"url\":\"https:\/\/www.mbsmb.fr\/site\/jeunes\/competitions-jeunes\/\",\"name\":\"Inscriptions aux circuits jeunes - MBSMB\",\"isPartOf\":{\"@id\":\"https:\/\/www.mbsmb.fr\/site\/#website\"},\"primaryImageOfPage\":{\"@id\":\"https:\/\/www.mbsmb.fr\/site\/jeunes\/competitions-jeunes\/#primaryimage\"},\"image\":{\"@id\":\"https:\/\/www.mbsmb.fr\/site\/jeunes\/competitions-jeunes\/#primaryimage\"},\"thumbnailUrl\":\"https:\/\/www.mbsmb.fr\/site\/wp-content\/uploads\/2025\/07\/CategoriesAge-1024x881.jpg\",\"datePublished\":\"2022-01-17T19:43:32+00:00\",\"dateModified\":\"2025-09-27T10:05:52+00:00\",\"breadcrumb\":{\"@id\":\"https:\/\/www.mbsmb.fr\/site\/jeunes\/competitions-jeunes\/#breadcrumb\"},\"inLanguage\":\"fr-FR\",\"potentialAction\":[{\"@type\":\"ReadAction\",\"target\":[\"https:\/\/www.mbsmb.fr\/site\/jeunes\/competitions-jeunes\/\"]}]},{\"@type\":\"ImageObject\",\"inLanguage\":\"fr-FR\",\"@id\":\"https:\/\/www.mbsmb.fr\/site\/jeunes\/competitions-jeunes\/#primaryimage\",\"url\":\"https:\/\/www.mbsmb.fr\/site\/wp-content\/uploads\/2025\/07\/CategoriesAge.jpg\",\"contentUrl\":\"https:\/\/www.mbsmb.fr\/site\/wp-content\/uploads\/2025\/07\/CategoriesAge.jpg\",\"width\":1495,\"height\":1286},{\"@type\":\"BreadcrumbList\",\"@id\":\"https:\/\/www.mbsmb.fr\/site\/jeunes\/competitions-jeunes\/#breadcrumb\",\"itemListElement\":[{\"@type\":\"ListItem\",\"position\":1,\"name\":\"Accueil\",\"item\":\"https:\/\/www.mbsmb.fr\/site\/\"},{\"@type\":\"ListItem\",\"position\":2,\"name\":\"Jeunes\",\"item\":\"https:\/\/www.mbsmb.fr\/site\/jeunes\/\"},{\"@type\":\"ListItem\",\"position\":3,\"name\":\"Inscriptions aux circuits jeunes\"}]},{\"@type\":\"WebSite\",\"@id\":\"https:\/\/www.mbsmb.fr\/site\/#website\",\"url\":\"https:\/\/www.mbsmb.fr\/site\/\",\"name\":\"MSQB metz saint quentin badminton\",\"description\":\"Metz Ban Saint Martin Badminton\",\"publisher\":{\"@id\":\"https:\/\/www.mbsmb.fr\/site\/#organization\"},\"potentialAction\":[{\"@type\":\"SearchAction\",\"target\":{\"@type\":\"EntryPoint\",\"urlTemplate\":\"https:\/\/www.mbsmb.fr\/site\/?s={search_term_string}\"},\"query-input\":{\"@type\":\"PropertyValueSpecification\",\"valueRequired\":true,\"valueName\":\"search_term_string\"}}],\"inLanguage\":\"fr-FR\"},{\"@type\":\"Organization\",\"@id\":\"https:\/\/www.mbsmb.fr\/site\/#organization\",\"name\":\"msqb\",\"url\":\"https:\/\/www.mbsmb.fr\/site\/\",\"logo\":{\"@type\":\"ImageObject\",\"inLanguage\":\"fr-FR\",\"@id\":\"https:\/\/www.mbsmb.fr\/site\/#\/schema\/logo\/image\/\",\"url\":\"http:\/\/www.msqb.fr\/site\/wp-content\/uploads\/2015\/12\/msqb_logo1.png\",\"contentUrl\":\"http:\/\/www.msqb.fr\/site\/wp-content\/uploads\/2015\/12\/msqb_logo1.png\",\"width\":996,\"height\":996,\"caption\":\"msqb\"},\"image\":{\"@id\":\"https:\/\/www.mbsmb.fr\/site\/#\/schema\/logo\/image\/\"},\"sameAs\":[\"https:\/\/www.facebook.com\/metzbansaintmartinbadminton\"]}]}<\/script>\n<!-- \/ Yoast SEO plugin. -->","yoast_head_json":{"title":"Inscriptions aux circuits jeunes - MBSMB","robots":{"index":"index","follow":"follow","max-snippet":"max-snippet:-1","max-image-preview":"max-image-preview:large","max-video-preview":"max-video-preview:-1"},"canonical":"https:\/\/www.mbsmb.fr\/site\/jeunes\/competitions-jeunes\/","og_locale":"fr_FR","og_type":"article","og_title":"Inscriptions aux circuits jeunes - MBSMB","og_description":"Pour inscrire votre enfant aux circuits jeunes : Pour chaque Circuit Jeunes un lien sera envoy\u00e9 par mail pour les inscriptions ! Retrouvez toutes les dates des Circuits dans l&rsquo;onglet JEUNES puis CALENDRIER COMP\u00c9TITIONS. Cat\u00e9gorie d&rsquo;\u00e2ge","og_url":"https:\/\/www.mbsmb.fr\/site\/jeunes\/competitions-jeunes\/","og_site_name":"MBSMB","article_publisher":"https:\/\/www.facebook.com\/metzbansaintmartinbadminton","article_modified_time":"2025-09-27T10:05:52+00:00","og_image":[{"width":1495,"height":1286,"url":"https:\/\/www.mbsmb.fr\/site\/wp-content\/uploads\/2025\/07\/CategoriesAge.jpg","type":"image\/jpeg"}],"twitter_card":"summary_large_image","twitter_misc":{"Dur\u00e9e de lecture estim\u00e9e":"1 minute"},"schema":{"@context":"https:\/\/schema.org","@graph":[{"@type":"WebPage","@id":"https:\/\/www.mbsmb.fr\/site\/jeunes\/competitions-jeunes\/","url":"https:\/\/www.mbsmb.fr\/site\/jeunes\/competitions-jeunes\/","name":"Inscriptions aux circuits jeunes - MBSMB","isPartOf":{"@id":"https:\/\/www.mbsmb.fr\/site\/#website"},"primaryImageOfPage":{"@id":"https:\/\/www.mbsmb.fr\/site\/jeunes\/competitions-jeunes\/#primaryimage"},"image":{"@id":"https:\/\/www.mbsmb.fr\/site\/jeunes\/competitions-jeunes\/#primaryimage"},"thumbnailUrl":"https:\/\/www.mbsmb.fr\/site\/wp-content\/uploads\/2025\/07\/CategoriesAge-1024x881.jpg","datePublished":"2022-01-17T19:43:32+00:00","dateModified":"2025-09-27T10:05:52+00:00","breadcrumb":{"@id":"https:\/\/www.mbsmb.fr\/site\/jeunes\/competitions-jeunes\/#breadcrumb"},"inLanguage":"fr-FR","potentialAction":[{"@type":"ReadAction","target":["https:\/\/www.mbsmb.fr\/site\/jeunes\/competitions-jeunes\/"]}]},{"@type":"ImageObject","inLanguage":"fr-FR","@id":"https:\/\/www.mbsmb.fr\/site\/jeunes\/competitions-jeunes\/#primaryimage","url":"https:\/\/www.mbsmb.fr\/site\/wp-content\/uploads\/2025\/07\/CategoriesAge.jpg","contentUrl":"https:\/\/www.mbsmb.fr\/site\/wp-content\/uploads\/2025\/07\/CategoriesAge.jpg","width":1495,"height":1286},{"@type":"BreadcrumbList","@id":"https:\/\/www.mbsmb.fr\/site\/jeunes\/competitions-jeunes\/#breadcrumb","itemListElement":[{"@type":"ListItem","position":1,"name":"Accueil","item":"https:\/\/www.mbsmb.fr\/site\/"},{"@type":"ListItem","position":2,"name":"Jeunes","item":"https:\/\/www.mbsmb.fr\/site\/jeunes\/"},{"@type":"ListItem","position":3,"name":"Inscriptions aux circuits jeunes"}]},{"@type":"WebSite","@id":"https:\/\/www.mbsmb.fr\/site\/#website","url":"https:\/\/www.mbsmb.fr\/site\/","name":"MSQB metz saint quentin badminton","description":"Metz Ban Saint Martin Badminton","publisher":{"@id":"https:\/\/www.mbsmb.fr\/site\/#organization"},"potentialAction":[{"@type":"SearchAction","target":{"@type":"EntryPoint","urlTemplate":"https:\/\/www.mbsmb.fr\/site\/?s={search_term_string}"},"query-input":{"@type":"PropertyValueSpecification","valueRequired":true,"valueName":"search_term_string"}}],"inLanguage":"fr-FR"},{"@type":"Organization","@id":"https:\/\/www.mbsmb.fr\/site\/#organization","name":"msqb","url":"https:\/\/www.mbsmb.fr\/site\/","logo":{"@type":"ImageObject","inLanguage":"fr-FR","@id":"https:\/\/www.mbsmb.fr\/site\/#\/schema\/logo\/image\/","url":"http:\/\/www.msqb.fr\/site\/wp-content\/uploads\/2015\/12\/msqb_logo1.png","contentUrl":"http:\/\/www.msqb.fr\/site\/wp-content\/uploads\/2015\/12\/msqb_logo1.png","width":996,"height":996,"caption":"msqb"},"image":{"@id":"https:\/\/www.mbsmb.fr\/site\/#\/schema\/logo\/image\/"},"sameAs":["https:\/\/www.facebook.com\/metzbansaintmartinbadminton"]}]}},"_links":{"self":[{"href":"https:\/\/www.mbsmb.fr\/site\/wp-json\/wp\/v2\/pages\/1933","targetHints":{"allow":["GET"]}}],"collection":[{"href":"https:\/\/www.mbsmb.fr\/site\/wp-json\/wp\/v2\/pages"}],"about":[{"href":"https:\/\/www.mbsmb.fr\/site\/wp-json\/wp\/v2\/types\/page"}],"author":[{"embeddable":true,"href":"https:\/\/www.mbsmb.fr\/site\/wp-json\/wp\/v2\/users\/1"}],"replies":[{"embeddable":true,"href":"https:\/\/www.mbsmb.fr\/site\/wp-json\/wp\/v2\/comments?post=1933"}],"version-history":[{"count":23,"href":"https:\/\/www.mbsmb.fr\/site\/wp-json\/wp\/v2\/pages\/1933\/revisions"}],"predecessor-version":[{"id":3259,"href":"https:\/\/www.mbsmb.fr\/site\/wp-json\/wp\/v2\/pages\/1933\/revisions\/3259"}],"up":[{"embeddable":true,"href":"https:\/\/www.mbsmb.fr\/site\/wp-json\/wp\/v2\/pages\/810"}],"wp:attachment":[{"href":"https:\/\/www.mbsmb.fr\/site\/wp-json\/wp\/v2\/media?parent=1933"}],"curies":[{"name":"wp","href":"https:\/\/api.w.org\/{rel}","templated":true}]}}