{"id":1929,"date":"2022-01-17T20:42:56","date_gmt":"2022-01-17T19:42:56","guid":{"rendered":"https:\/\/www.mbsmb.fr\/site\/?page_id=1929"},"modified":"2025-09-17T17:29:23","modified_gmt":"2025-09-17T16:29:23","slug":"creneaux-jeunes","status":"publish","type":"page","link":"https:\/\/www.mbsmb.fr\/site\/jeunes\/creneaux-jeunes\/","title":{"rendered":"Cr\u00e9neaux jeunes"},"content":{"rendered":"<h5 style=\"text-align: center;\">Cr\u00e9neaux 2025-2026<\/h5>\n<p>&nbsp;<\/p>\n<p><img loading=\"lazy\" decoding=\"async\" class=\"alignnone size-full wp-image-3252\" src=\"https:\/\/www.mbsmb.fr\/site\/wp-content\/uploads\/2025\/09\/SiteMBSMB-15-scaled.jpg\" alt=\"\" width=\"2560\" height=\"1762\" srcset=\"https:\/\/www.mbsmb.fr\/site\/wp-content\/uploads\/2025\/09\/SiteMBSMB-15-scaled.jpg 2560w, https:\/\/www.mbsmb.fr\/site\/wp-content\/uploads\/2025\/09\/SiteMBSMB-15-300x206.jpg 300w, https:\/\/www.mbsmb.fr\/site\/wp-content\/uploads\/2025\/09\/SiteMBSMB-15-1024x705.jpg 1024w, https:\/\/www.mbsmb.fr\/site\/wp-content\/uploads\/2025\/09\/SiteMBSMB-15-768x528.jpg 768w, https:\/\/www.mbsmb.fr\/site\/wp-content\/uploads\/2025\/09\/SiteMBSMB-15-1536x1057.jpg 1536w, https:\/\/www.mbsmb.fr\/site\/wp-content\/uploads\/2025\/09\/SiteMBSMB-15-2048x1409.jpg 2048w, https:\/\/www.mbsmb.fr\/site\/wp-content\/uploads\/2025\/09\/SiteMBSMB-15-1440x991.jpg 1440w\" sizes=\"auto, (max-width: 2560px) 100vw, 2560px\" \/><\/p>\n<p>A NOTER:<\/p>\n<p>* Le public jeunes sera orient\u00e9 (vers un ou plusieurs cr\u00e9neaux) par les responsables de section: Florent Thibot et Daniel Felix.<\/p>\n<p>*\u00a0<strong>Age<\/strong>\u00a0 : l\u2019\u00e2ge ne sera pas toujours un facteur d\u00e9terminant: c\u2019est avant tout la motricit\u00e9, maturit\u00e9, son niveau sportif et sa motivation qui comptera dans son orientation vers tel ou tel cr\u00e9neau.<\/p>\n<p><strong>Les encadrants:<\/strong><\/p>\n<p><img loading=\"lazy\" decoding=\"async\" class=\"alignnone wp-image-2441\" src=\"https:\/\/www.mbsmb.fr\/site\/wp-content\/uploads\/2022\/07\/Florent-768x1024.jpg\" alt=\"\" width=\"144\" height=\"192\" srcset=\"https:\/\/www.mbsmb.fr\/site\/wp-content\/uploads\/2022\/07\/Florent-768x1024.jpg 768w, https:\/\/www.mbsmb.fr\/site\/wp-content\/uploads\/2022\/07\/Florent-225x300.jpg 225w, https:\/\/www.mbsmb.fr\/site\/wp-content\/uploads\/2022\/07\/Florent-1152x1536.jpg 1152w, https:\/\/www.mbsmb.fr\/site\/wp-content\/uploads\/2022\/07\/Florent-1536x2048.jpg 1536w, https:\/\/www.mbsmb.fr\/site\/wp-content\/uploads\/2022\/07\/Florent-1080x1440.jpg 1080w, https:\/\/www.mbsmb.fr\/site\/wp-content\/uploads\/2022\/07\/Florent-scaled.jpg 1920w\" sizes=\"auto, (max-width: 144px) 100vw, 144px\" \/><img loading=\"lazy\" decoding=\"async\" class=\"alignnone wp-image-855\" src=\"https:\/\/www.mbsmb.fr\/site\/wp-content\/uploads\/2017\/12\/TNJ-2017-3-e1658473778582.jpg\" alt=\"\" width=\"183\" height=\"193\" srcset=\"https:\/\/www.mbsmb.fr\/site\/wp-content\/uploads\/2017\/12\/TNJ-2017-3-e1658473778582.jpg 300w, https:\/\/www.mbsmb.fr\/site\/wp-content\/uploads\/2017\/12\/TNJ-2017-3-e1658473778582-285x300.jpg 285w\" sizes=\"auto, (max-width: 183px) 100vw, 183px\" \/><\/p>\n<p><strong><em>Retrouvez une interview de Daniel, l&rsquo;un des entraineurs <a href=\"https:\/\/www.mbsmb.fr\/site\/2022\/03\/31\/nos-chers-membres-du-mbsmb-n2-daniel-felix\/\">en cliquant ici!<\/a><\/em><\/strong><\/p>\n<p>&nbsp;<\/p>\n<p><strong>Adresse des gymnases<\/strong> (Voir la rubrique <a href=\"https:\/\/www.mbsmb.fr\/site\/acces\/\" target=\"_blank\" rel=\"noopener\">Acc\u00e8s Gymnases<\/a> pour plus de d\u00e9tails) :<\/p>\n<p><strong><span style=\"color: #66ccff;\"><u>Saulny<\/u> :<\/span><\/strong>\u00a0 Salle polyvalente sur la D7 &#8211; 57140 Saulny<\/p>\n<p><strong><span style=\"color: #66ccff;\"><u>Valli\u00e8res<\/u> :<\/span><\/strong> 10 rue des Carri\u00e8res &#8211; 57070 Metz<\/p>\n<p><strong><span style=\"color: #66ccff;\"><u>BSM<\/u> :<\/span><\/strong> Rue de la Marne &#8211; 57050 Le Ban-Saint-Martin<\/p>\n<p><strong><span style=\"color: #66ccff;\"><u>GAB<\/u> :<\/span><\/strong> 2 rue de la Baron\u00e8te &#8211; 57070 Metz<\/p>\n<p>&nbsp;<\/p>\n<table style=\"background-color: #f7d263; height: 109px;\" border=\"1\" width=\"867\">\n<tbody>\n<tr>\n<td>\n<p style=\"text-align: center;\"><strong>Des questions?<\/strong> Vous pouvez nous \u00e9crire \u00e0 : <a href=\"mailto:co***********@***il.com\" data-original-string=\"CQ4fmarkLu2kmbdktPI\/Hg==627hCaZcE4U38KG9StLV0yfLavWCU89Iha\/P5EEjuxWwXM=\" title=\"This contact has been encoded by Anti-Spam by CleanTalk. Click to decode. To finish the decoding make sure that JavaScript is enabled in your browser.\"><span \n                data-original-string='Kmlk9AFf8ys9PgE5DtQYag==627bniCnX+QB1qbO8v6JuLFrlN5TTdXWDlbGFHpGQC\/O6I='\n                class='apbct-email-encoder'\n                title='This contact has been encoded by Anti-Spam by CleanTalk. Click to decode. To finish the decoding make sure that JavaScript is enabled in your browser.'>co<span class=\"apbct-blur\">***********<\/span>@<span class=\"apbct-blur\">***<\/span>il.com<\/span><\/a><\/p>\n<p style=\"text-align: center;\">Corinne vous r\u00e9pondra!<\/p>\n<\/td>\n<\/tr>\n<\/tbody>\n<\/table>\n<!-- AddThis Advanced Settings generic via filter on the_content --><!-- AddThis Share Buttons generic via filter on the_content -->","protected":false},"excerpt":{"rendered":"<p>Cr\u00e9neaux 2025-2026 &nbsp; A NOTER: * Le public jeunes sera orient\u00e9 (vers un ou plusieurs cr\u00e9neaux) par les responsables de section: Florent Thibot et Daniel Felix. *\u00a0Age\u00a0 : l\u2019\u00e2ge ne sera pas toujours un facteur d\u00e9terminant: c\u2019est avant tout la motricit\u00e9, maturit\u00e9, son niveau sportif et sa motivation qui comptera &hellip;<!-- AddThis Advanced Settings generic via filter on get_the_excerpt --><!-- AddThis Share Buttons generic via filter on get_the_excerpt --><\/p>\n","protected":false},"author":1,"featured_media":0,"parent":810,"menu_order":2,"comment_status":"closed","ping_status":"closed","template":"","meta":{"footnotes":""},"class_list":["post-1929","page","type-page","status-publish","hentry"],"yoast_head":"<!-- This site is optimized with the Yoast SEO plugin v26.7 - https:\/\/yoast.com\/wordpress\/plugins\/seo\/ -->\n<title>Cr\u00e9neaux jeunes - MBSMB<\/title>\n<meta name=\"robots\" content=\"index, follow, max-snippet:-1, max-image-preview:large, max-video-preview:-1\" \/>\n<link rel=\"canonical\" href=\"https:\/\/www.mbsmb.fr\/site\/jeunes\/creneaux-jeunes\/\" \/>\n<meta property=\"og:locale\" content=\"fr_FR\" \/>\n<meta property=\"og:type\" content=\"article\" \/>\n<meta property=\"og:title\" content=\"Cr\u00e9neaux jeunes - MBSMB\" \/>\n<meta property=\"og:description\" content=\"Cr\u00e9neaux 2025-2026 &nbsp; A NOTER: * Le public jeunes sera orient\u00e9 (vers un ou plusieurs cr\u00e9neaux) par les responsables de section: Florent Thibot et Daniel Felix. *\u00a0Age\u00a0 : l\u2019\u00e2ge ne sera pas toujours un facteur d\u00e9terminant: c\u2019est avant tout la motricit\u00e9, maturit\u00e9, son niveau sportif et sa motivation qui comptera &hellip;\" \/>\n<meta property=\"og:url\" content=\"https:\/\/www.mbsmb.fr\/site\/jeunes\/creneaux-jeunes\/\" \/>\n<meta property=\"og:site_name\" content=\"MBSMB\" \/>\n<meta property=\"article:publisher\" content=\"https:\/\/www.facebook.com\/metzbansaintmartinbadminton\" \/>\n<meta property=\"article:modified_time\" content=\"2025-09-17T16:29:23+00:00\" \/>\n<meta property=\"og:image\" content=\"https:\/\/www.mbsmb.fr\/site\/wp-content\/uploads\/2025\/09\/SiteMBSMB-15-scaled.jpg\" \/>\n\t<meta property=\"og:image:width\" content=\"2560\" \/>\n\t<meta property=\"og:image:height\" content=\"1762\" \/>\n\t<meta property=\"og:image:type\" content=\"image\/jpeg\" \/>\n<meta name=\"twitter:card\" content=\"summary_large_image\" \/>\n<meta name=\"twitter:label1\" content=\"Dur\u00e9e de lecture estim\u00e9e\" \/>\n\t<meta name=\"twitter:data1\" content=\"2 minutes\" \/>\n<script type=\"application\/ld+json\" class=\"yoast-schema-graph\">{\"@context\":\"https:\/\/schema.org\",\"@graph\":[{\"@type\":\"WebPage\",\"@id\":\"https:\/\/www.mbsmb.fr\/site\/jeunes\/creneaux-jeunes\/\",\"url\":\"https:\/\/www.mbsmb.fr\/site\/jeunes\/creneaux-jeunes\/\",\"name\":\"Cr\u00e9neaux jeunes - MBSMB\",\"isPartOf\":{\"@id\":\"https:\/\/www.mbsmb.fr\/site\/#website\"},\"primaryImageOfPage\":{\"@id\":\"https:\/\/www.mbsmb.fr\/site\/jeunes\/creneaux-jeunes\/#primaryimage\"},\"image\":{\"@id\":\"https:\/\/www.mbsmb.fr\/site\/jeunes\/creneaux-jeunes\/#primaryimage\"},\"thumbnailUrl\":\"https:\/\/www.mbsmb.fr\/site\/wp-content\/uploads\/2025\/09\/SiteMBSMB-15-scaled.jpg\",\"datePublished\":\"2022-01-17T19:42:56+00:00\",\"dateModified\":\"2025-09-17T16:29:23+00:00\",\"breadcrumb\":{\"@id\":\"https:\/\/www.mbsmb.fr\/site\/jeunes\/creneaux-jeunes\/#breadcrumb\"},\"inLanguage\":\"fr-FR\",\"potentialAction\":[{\"@type\":\"ReadAction\",\"target\":[\"https:\/\/www.mbsmb.fr\/site\/jeunes\/creneaux-jeunes\/\"]}]},{\"@type\":\"ImageObject\",\"inLanguage\":\"fr-FR\",\"@id\":\"https:\/\/www.mbsmb.fr\/site\/jeunes\/creneaux-jeunes\/#primaryimage\",\"url\":\"https:\/\/www.mbsmb.fr\/site\/wp-content\/uploads\/2025\/09\/SiteMBSMB-15-scaled.jpg\",\"contentUrl\":\"https:\/\/www.mbsmb.fr\/site\/wp-content\/uploads\/2025\/09\/SiteMBSMB-15-scaled.jpg\",\"width\":2560,\"height\":1762},{\"@type\":\"BreadcrumbList\",\"@id\":\"https:\/\/www.mbsmb.fr\/site\/jeunes\/creneaux-jeunes\/#breadcrumb\",\"itemListElement\":[{\"@type\":\"ListItem\",\"position\":1,\"name\":\"Accueil\",\"item\":\"https:\/\/www.mbsmb.fr\/site\/\"},{\"@type\":\"ListItem\",\"position\":2,\"name\":\"Jeunes\",\"item\":\"https:\/\/www.mbsmb.fr\/site\/jeunes\/\"},{\"@type\":\"ListItem\",\"position\":3,\"name\":\"Cr\u00e9neaux jeunes\"}]},{\"@type\":\"WebSite\",\"@id\":\"https:\/\/www.mbsmb.fr\/site\/#website\",\"url\":\"https:\/\/www.mbsmb.fr\/site\/\",\"name\":\"MSQB metz saint quentin badminton\",\"description\":\"Metz Ban Saint Martin Badminton\",\"publisher\":{\"@id\":\"https:\/\/www.mbsmb.fr\/site\/#organization\"},\"potentialAction\":[{\"@type\":\"SearchAction\",\"target\":{\"@type\":\"EntryPoint\",\"urlTemplate\":\"https:\/\/www.mbsmb.fr\/site\/?s={search_term_string}\"},\"query-input\":{\"@type\":\"PropertyValueSpecification\",\"valueRequired\":true,\"valueName\":\"search_term_string\"}}],\"inLanguage\":\"fr-FR\"},{\"@type\":\"Organization\",\"@id\":\"https:\/\/www.mbsmb.fr\/site\/#organization\",\"name\":\"msqb\",\"url\":\"https:\/\/www.mbsmb.fr\/site\/\",\"logo\":{\"@type\":\"ImageObject\",\"inLanguage\":\"fr-FR\",\"@id\":\"https:\/\/www.mbsmb.fr\/site\/#\/schema\/logo\/image\/\",\"url\":\"http:\/\/www.msqb.fr\/site\/wp-content\/uploads\/2015\/12\/msqb_logo1.png\",\"contentUrl\":\"http:\/\/www.msqb.fr\/site\/wp-content\/uploads\/2015\/12\/msqb_logo1.png\",\"width\":996,\"height\":996,\"caption\":\"msqb\"},\"image\":{\"@id\":\"https:\/\/www.mbsmb.fr\/site\/#\/schema\/logo\/image\/\"},\"sameAs\":[\"https:\/\/www.facebook.com\/metzbansaintmartinbadminton\"]}]}<\/script>\n<!-- \/ Yoast SEO plugin. -->","yoast_head_json":{"title":"Cr\u00e9neaux jeunes - MBSMB","robots":{"index":"index","follow":"follow","max-snippet":"max-snippet:-1","max-image-preview":"max-image-preview:large","max-video-preview":"max-video-preview:-1"},"canonical":"https:\/\/www.mbsmb.fr\/site\/jeunes\/creneaux-jeunes\/","og_locale":"fr_FR","og_type":"article","og_title":"Cr\u00e9neaux jeunes - MBSMB","og_description":"Cr\u00e9neaux 2025-2026 &nbsp; A NOTER: * Le public jeunes sera orient\u00e9 (vers un ou plusieurs cr\u00e9neaux) par les responsables de section: Florent Thibot et Daniel Felix. *\u00a0Age\u00a0 : l\u2019\u00e2ge ne sera pas toujours un facteur d\u00e9terminant: c\u2019est avant tout la motricit\u00e9, maturit\u00e9, son niveau sportif et sa motivation qui comptera &hellip;","og_url":"https:\/\/www.mbsmb.fr\/site\/jeunes\/creneaux-jeunes\/","og_site_name":"MBSMB","article_publisher":"https:\/\/www.facebook.com\/metzbansaintmartinbadminton","article_modified_time":"2025-09-17T16:29:23+00:00","og_image":[{"width":2560,"height":1762,"url":"https:\/\/www.mbsmb.fr\/site\/wp-content\/uploads\/2025\/09\/SiteMBSMB-15-scaled.jpg","type":"image\/jpeg"}],"twitter_card":"summary_large_image","twitter_misc":{"Dur\u00e9e de lecture estim\u00e9e":"2 minutes"},"schema":{"@context":"https:\/\/schema.org","@graph":[{"@type":"WebPage","@id":"https:\/\/www.mbsmb.fr\/site\/jeunes\/creneaux-jeunes\/","url":"https:\/\/www.mbsmb.fr\/site\/jeunes\/creneaux-jeunes\/","name":"Cr\u00e9neaux jeunes - MBSMB","isPartOf":{"@id":"https:\/\/www.mbsmb.fr\/site\/#website"},"primaryImageOfPage":{"@id":"https:\/\/www.mbsmb.fr\/site\/jeunes\/creneaux-jeunes\/#primaryimage"},"image":{"@id":"https:\/\/www.mbsmb.fr\/site\/jeunes\/creneaux-jeunes\/#primaryimage"},"thumbnailUrl":"https:\/\/www.mbsmb.fr\/site\/wp-content\/uploads\/2025\/09\/SiteMBSMB-15-scaled.jpg","datePublished":"2022-01-17T19:42:56+00:00","dateModified":"2025-09-17T16:29:23+00:00","breadcrumb":{"@id":"https:\/\/www.mbsmb.fr\/site\/jeunes\/creneaux-jeunes\/#breadcrumb"},"inLanguage":"fr-FR","potentialAction":[{"@type":"ReadAction","target":["https:\/\/www.mbsmb.fr\/site\/jeunes\/creneaux-jeunes\/"]}]},{"@type":"ImageObject","inLanguage":"fr-FR","@id":"https:\/\/www.mbsmb.fr\/site\/jeunes\/creneaux-jeunes\/#primaryimage","url":"https:\/\/www.mbsmb.fr\/site\/wp-content\/uploads\/2025\/09\/SiteMBSMB-15-scaled.jpg","contentUrl":"https:\/\/www.mbsmb.fr\/site\/wp-content\/uploads\/2025\/09\/SiteMBSMB-15-scaled.jpg","width":2560,"height":1762},{"@type":"BreadcrumbList","@id":"https:\/\/www.mbsmb.fr\/site\/jeunes\/creneaux-jeunes\/#breadcrumb","itemListElement":[{"@type":"ListItem","position":1,"name":"Accueil","item":"https:\/\/www.mbsmb.fr\/site\/"},{"@type":"ListItem","position":2,"name":"Jeunes","item":"https:\/\/www.mbsmb.fr\/site\/jeunes\/"},{"@type":"ListItem","position":3,"name":"Cr\u00e9neaux jeunes"}]},{"@type":"WebSite","@id":"https:\/\/www.mbsmb.fr\/site\/#website","url":"https:\/\/www.mbsmb.fr\/site\/","name":"MSQB metz saint quentin badminton","description":"Metz Ban Saint Martin Badminton","publisher":{"@id":"https:\/\/www.mbsmb.fr\/site\/#organization"},"potentialAction":[{"@type":"SearchAction","target":{"@type":"EntryPoint","urlTemplate":"https:\/\/www.mbsmb.fr\/site\/?s={search_term_string}"},"query-input":{"@type":"PropertyValueSpecification","valueRequired":true,"valueName":"search_term_string"}}],"inLanguage":"fr-FR"},{"@type":"Organization","@id":"https:\/\/www.mbsmb.fr\/site\/#organization","name":"msqb","url":"https:\/\/www.mbsmb.fr\/site\/","logo":{"@type":"ImageObject","inLanguage":"fr-FR","@id":"https:\/\/www.mbsmb.fr\/site\/#\/schema\/logo\/image\/","url":"http:\/\/www.msqb.fr\/site\/wp-content\/uploads\/2015\/12\/msqb_logo1.png","contentUrl":"http:\/\/www.msqb.fr\/site\/wp-content\/uploads\/2015\/12\/msqb_logo1.png","width":996,"height":996,"caption":"msqb"},"image":{"@id":"https:\/\/www.mbsmb.fr\/site\/#\/schema\/logo\/image\/"},"sameAs":["https:\/\/www.facebook.com\/metzbansaintmartinbadminton"]}]}},"_links":{"self":[{"href":"https:\/\/www.mbsmb.fr\/site\/wp-json\/wp\/v2\/pages\/1929","targetHints":{"allow":["GET"]}}],"collection":[{"href":"https:\/\/www.mbsmb.fr\/site\/wp-json\/wp\/v2\/pages"}],"about":[{"href":"https:\/\/www.mbsmb.fr\/site\/wp-json\/wp\/v2\/types\/page"}],"author":[{"embeddable":true,"href":"https:\/\/www.mbsmb.fr\/site\/wp-json\/wp\/v2\/users\/1"}],"replies":[{"embeddable":true,"href":"https:\/\/www.mbsmb.fr\/site\/wp-json\/wp\/v2\/comments?post=1929"}],"version-history":[{"count":23,"href":"https:\/\/www.mbsmb.fr\/site\/wp-json\/wp\/v2\/pages\/1929\/revisions"}],"predecessor-version":[{"id":3253,"href":"https:\/\/www.mbsmb.fr\/site\/wp-json\/wp\/v2\/pages\/1929\/revisions\/3253"}],"up":[{"embeddable":true,"href":"https:\/\/www.mbsmb.fr\/site\/wp-json\/wp\/v2\/pages\/810"}],"wp:attachment":[{"href":"https:\/\/www.mbsmb.fr\/site\/wp-json\/wp\/v2\/media?parent=1929"}],"curies":[{"name":"wp","href":"https:\/\/api.w.org\/{rel}","templated":true}]}}