{"id":1174,"date":"2018-11-28T09:29:26","date_gmt":"2018-11-28T08:29:26","guid":{"rendered":"http:\/\/www.msqb.fr\/site\/?page_id=1174"},"modified":"2025-08-03T17:55:46","modified_gmt":"2025-08-03T16:55:46","slug":"lecomite","status":"publish","type":"page","link":"https:\/\/www.mbsmb.fr\/site\/le-club\/lecomite\/","title":{"rendered":"Le Comit\u00e9 Directeur"},"content":{"rendered":"<h4 style=\"text-align: center;\">Comit\u00e9 Directeur<\/h4>\n<p><span style=\"text-decoration: underline;\">Bureau<\/span><\/p>\n\n<table id=\"tablepress-27\" class=\"tablepress tablepress-id-27 tablepress-id-1 row-2 column-1 background-color: none column-2\">\n<tbody>\n<tr class=\"row-1\">\n\t<td class=\"column-1\"><p style=\"text-align: center;\">Pr\u00e9sident<br \/>\n<strong>Jean-Luc CUR\u00c9<\/strong><\/p><\/td><td class=\"column-2\"><p style=\"text-align: center;\">Vice-pr\u00e9sident<br \/>\n<strong>Luc SIBILLE<\/strong><\/p><\/td>\n<\/tr>\n<tr class=\"row-2\">\n\t<td class=\"column-1\"><p style=\"text-align: center;\">Tr\u00e9sorier<br \/>\n<strong>Jean-Luc CL\u00c9MENTE<\/strong><\/p><\/td><td class=\"column-2\"><p style=\"text-align: center;\">Tr\u00e9sorier-adjoint<br \/>\n<strong>Corentin SAHM<\/strong><\/p><\/td>\n<\/tr>\n<tr class=\"row-3\">\n\t<td class=\"column-1\"><p style=\"text-align: center;\">Secr\u00e9taire<br \/>\n<strong>Marianne CL\u00c9MENTE<\/strong><\/p><\/td><td class=\"column-2\"><p style=\"text-align: center;\">Secr\u00e9taire-adjointe<br \/>\n<strong>Corinne ALTERMATT<\/strong><\/p><\/td>\n<\/tr>\n<\/tbody>\n<\/table>\n<!-- #tablepress-27 from cache -->\n<p>&nbsp;<\/p>\n<p><span style=\"text-decoration: underline;\">Membres du Comit\u00e9 Directeur<\/span><\/p>\n\n<table id=\"tablepress-28\" class=\"tablepress tablepress-id-28\">\n<tbody>\n<tr class=\"row-1\">\n\t<td class=\"column-1\"><strong>Bureau +<\/strong><\/td><td class=\"column-2\">Christelle BASSELIN<\/td><td class=\"column-3\">Bastien BORDAGE<\/td><td class=\"column-4\">Iseline CALANDRI<\/td><td class=\"column-5\">Daniel F\u00c9LIX<\/td><td class=\"column-6\">Hadrien KOENIG<\/td>\n<\/tr>\n<tr class=\"row-2\">\n\t<td class=\"column-1\"><\/td><td class=\"column-2\">Ga\u00ebl MILANI<\/td><td class=\"column-3\">Rey MITH<\/td><td class=\"column-4\">\u00c9ric SANTY<\/td><td class=\"column-5\">Manon STENGER<\/td><td class=\"column-6\">\u00c9ric WEISS<\/td>\n<\/tr>\n<\/tbody>\n<\/table>\n<!-- #tablepress-28 from cache -->\n<p>&nbsp;<\/p>\n<p>Le comit\u00e9 est \u00e0 votre \u00e9coute.<\/p>\n<p>&nbsp;<\/p>\n<!-- AddThis Advanced Settings generic via filter on the_content --><!-- AddThis Share Buttons generic via filter on the_content -->","protected":false},"excerpt":{"rendered":"<p>Comit\u00e9 Directeur Bureau &nbsp; Membres du Comit\u00e9 Directeur &nbsp; Le comit\u00e9 est \u00e0 votre \u00e9coute. &nbsp;<!-- AddThis Advanced Settings generic via filter on get_the_excerpt --><!-- AddThis Share Buttons generic via filter on get_the_excerpt --><\/p>\n","protected":false},"author":4,"featured_media":0,"parent":27,"menu_order":2,"comment_status":"closed","ping_status":"closed","template":"templates\/template-page-with-intro.php","meta":{"footnotes":""},"class_list":["post-1174","page","type-page","status-publish","hentry"],"yoast_head":"<!-- This site is optimized with the Yoast SEO plugin v26.7 - https:\/\/yoast.com\/wordpress\/plugins\/seo\/ -->\n<title>Le Comit\u00e9 Directeur - MBSMB<\/title>\n<meta name=\"description\" content=\"comit\u00e9 et bureau du Msqb 2020 2021\" \/>\n<meta name=\"robots\" content=\"index, follow, max-snippet:-1, max-image-preview:large, max-video-preview:-1\" \/>\n<link rel=\"canonical\" href=\"https:\/\/www.mbsmb.fr\/site\/le-club\/lecomite\/\" \/>\n<meta property=\"og:locale\" content=\"fr_FR\" \/>\n<meta property=\"og:type\" content=\"article\" \/>\n<meta property=\"og:title\" content=\"Le Comit\u00e9 Directeur - MBSMB\" \/>\n<meta property=\"og:description\" content=\"comit\u00e9 et bureau du Msqb 2020 2021\" \/>\n<meta property=\"og:url\" content=\"https:\/\/www.mbsmb.fr\/site\/le-club\/lecomite\/\" \/>\n<meta property=\"og:site_name\" content=\"MBSMB\" \/>\n<meta property=\"article:publisher\" content=\"https:\/\/www.facebook.com\/metzbansaintmartinbadminton\" \/>\n<meta property=\"article:modified_time\" content=\"2025-08-03T16:55:46+00:00\" \/>\n<meta name=\"twitter:card\" content=\"summary_large_image\" \/>\n<meta name=\"twitter:label1\" content=\"Dur\u00e9e de lecture estim\u00e9e\" \/>\n\t<meta name=\"twitter:data1\" content=\"1 minute\" \/>\n<script type=\"application\/ld+json\" class=\"yoast-schema-graph\">{\"@context\":\"https:\/\/schema.org\",\"@graph\":[{\"@type\":\"WebPage\",\"@id\":\"https:\/\/www.mbsmb.fr\/site\/le-club\/lecomite\/\",\"url\":\"https:\/\/www.mbsmb.fr\/site\/le-club\/lecomite\/\",\"name\":\"Le Comit\u00e9 Directeur - MBSMB\",\"isPartOf\":{\"@id\":\"https:\/\/www.mbsmb.fr\/site\/#website\"},\"datePublished\":\"2018-11-28T08:29:26+00:00\",\"dateModified\":\"2025-08-03T16:55:46+00:00\",\"description\":\"comit\u00e9 et bureau du Msqb 2020 2021\",\"breadcrumb\":{\"@id\":\"https:\/\/www.mbsmb.fr\/site\/le-club\/lecomite\/#breadcrumb\"},\"inLanguage\":\"fr-FR\",\"potentialAction\":[{\"@type\":\"ReadAction\",\"target\":[\"https:\/\/www.mbsmb.fr\/site\/le-club\/lecomite\/\"]}]},{\"@type\":\"BreadcrumbList\",\"@id\":\"https:\/\/www.mbsmb.fr\/site\/le-club\/lecomite\/#breadcrumb\",\"itemListElement\":[{\"@type\":\"ListItem\",\"position\":1,\"name\":\"Accueil\",\"item\":\"https:\/\/www.mbsmb.fr\/site\/\"},{\"@type\":\"ListItem\",\"position\":2,\"name\":\"Le club\",\"item\":\"https:\/\/www.mbsmb.fr\/site\/le-club\/\"},{\"@type\":\"ListItem\",\"position\":3,\"name\":\"Le Comit\u00e9 Directeur\"}]},{\"@type\":\"WebSite\",\"@id\":\"https:\/\/www.mbsmb.fr\/site\/#website\",\"url\":\"https:\/\/www.mbsmb.fr\/site\/\",\"name\":\"MSQB metz saint quentin badminton\",\"description\":\"Metz Ban Saint Martin Badminton\",\"publisher\":{\"@id\":\"https:\/\/www.mbsmb.fr\/site\/#organization\"},\"potentialAction\":[{\"@type\":\"SearchAction\",\"target\":{\"@type\":\"EntryPoint\",\"urlTemplate\":\"https:\/\/www.mbsmb.fr\/site\/?s={search_term_string}\"},\"query-input\":{\"@type\":\"PropertyValueSpecification\",\"valueRequired\":true,\"valueName\":\"search_term_string\"}}],\"inLanguage\":\"fr-FR\"},{\"@type\":\"Organization\",\"@id\":\"https:\/\/www.mbsmb.fr\/site\/#organization\",\"name\":\"msqb\",\"url\":\"https:\/\/www.mbsmb.fr\/site\/\",\"logo\":{\"@type\":\"ImageObject\",\"inLanguage\":\"fr-FR\",\"@id\":\"https:\/\/www.mbsmb.fr\/site\/#\/schema\/logo\/image\/\",\"url\":\"http:\/\/www.msqb.fr\/site\/wp-content\/uploads\/2015\/12\/msqb_logo1.png\",\"contentUrl\":\"http:\/\/www.msqb.fr\/site\/wp-content\/uploads\/2015\/12\/msqb_logo1.png\",\"width\":996,\"height\":996,\"caption\":\"msqb\"},\"image\":{\"@id\":\"https:\/\/www.mbsmb.fr\/site\/#\/schema\/logo\/image\/\"},\"sameAs\":[\"https:\/\/www.facebook.com\/metzbansaintmartinbadminton\"]}]}<\/script>\n<!-- \/ Yoast SEO plugin. -->","yoast_head_json":{"title":"Le Comit\u00e9 Directeur - MBSMB","description":"comit\u00e9 et bureau du Msqb 2020 2021","robots":{"index":"index","follow":"follow","max-snippet":"max-snippet:-1","max-image-preview":"max-image-preview:large","max-video-preview":"max-video-preview:-1"},"canonical":"https:\/\/www.mbsmb.fr\/site\/le-club\/lecomite\/","og_locale":"fr_FR","og_type":"article","og_title":"Le Comit\u00e9 Directeur - MBSMB","og_description":"comit\u00e9 et bureau du Msqb 2020 2021","og_url":"https:\/\/www.mbsmb.fr\/site\/le-club\/lecomite\/","og_site_name":"MBSMB","article_publisher":"https:\/\/www.facebook.com\/metzbansaintmartinbadminton","article_modified_time":"2025-08-03T16:55:46+00:00","twitter_card":"summary_large_image","twitter_misc":{"Dur\u00e9e de lecture estim\u00e9e":"1 minute"},"schema":{"@context":"https:\/\/schema.org","@graph":[{"@type":"WebPage","@id":"https:\/\/www.mbsmb.fr\/site\/le-club\/lecomite\/","url":"https:\/\/www.mbsmb.fr\/site\/le-club\/lecomite\/","name":"Le Comit\u00e9 Directeur - MBSMB","isPartOf":{"@id":"https:\/\/www.mbsmb.fr\/site\/#website"},"datePublished":"2018-11-28T08:29:26+00:00","dateModified":"2025-08-03T16:55:46+00:00","description":"comit\u00e9 et bureau du Msqb 2020 2021","breadcrumb":{"@id":"https:\/\/www.mbsmb.fr\/site\/le-club\/lecomite\/#breadcrumb"},"inLanguage":"fr-FR","potentialAction":[{"@type":"ReadAction","target":["https:\/\/www.mbsmb.fr\/site\/le-club\/lecomite\/"]}]},{"@type":"BreadcrumbList","@id":"https:\/\/www.mbsmb.fr\/site\/le-club\/lecomite\/#breadcrumb","itemListElement":[{"@type":"ListItem","position":1,"name":"Accueil","item":"https:\/\/www.mbsmb.fr\/site\/"},{"@type":"ListItem","position":2,"name":"Le club","item":"https:\/\/www.mbsmb.fr\/site\/le-club\/"},{"@type":"ListItem","position":3,"name":"Le Comit\u00e9 Directeur"}]},{"@type":"WebSite","@id":"https:\/\/www.mbsmb.fr\/site\/#website","url":"https:\/\/www.mbsmb.fr\/site\/","name":"MSQB metz saint quentin badminton","description":"Metz Ban Saint Martin Badminton","publisher":{"@id":"https:\/\/www.mbsmb.fr\/site\/#organization"},"potentialAction":[{"@type":"SearchAction","target":{"@type":"EntryPoint","urlTemplate":"https:\/\/www.mbsmb.fr\/site\/?s={search_term_string}"},"query-input":{"@type":"PropertyValueSpecification","valueRequired":true,"valueName":"search_term_string"}}],"inLanguage":"fr-FR"},{"@type":"Organization","@id":"https:\/\/www.mbsmb.fr\/site\/#organization","name":"msqb","url":"https:\/\/www.mbsmb.fr\/site\/","logo":{"@type":"ImageObject","inLanguage":"fr-FR","@id":"https:\/\/www.mbsmb.fr\/site\/#\/schema\/logo\/image\/","url":"http:\/\/www.msqb.fr\/site\/wp-content\/uploads\/2015\/12\/msqb_logo1.png","contentUrl":"http:\/\/www.msqb.fr\/site\/wp-content\/uploads\/2015\/12\/msqb_logo1.png","width":996,"height":996,"caption":"msqb"},"image":{"@id":"https:\/\/www.mbsmb.fr\/site\/#\/schema\/logo\/image\/"},"sameAs":["https:\/\/www.facebook.com\/metzbansaintmartinbadminton"]}]}},"_links":{"self":[{"href":"https:\/\/www.mbsmb.fr\/site\/wp-json\/wp\/v2\/pages\/1174","targetHints":{"allow":["GET"]}}],"collection":[{"href":"https:\/\/www.mbsmb.fr\/site\/wp-json\/wp\/v2\/pages"}],"about":[{"href":"https:\/\/www.mbsmb.fr\/site\/wp-json\/wp\/v2\/types\/page"}],"author":[{"embeddable":true,"href":"https:\/\/www.mbsmb.fr\/site\/wp-json\/wp\/v2\/users\/4"}],"replies":[{"embeddable":true,"href":"https:\/\/www.mbsmb.fr\/site\/wp-json\/wp\/v2\/comments?post=1174"}],"version-history":[{"count":36,"href":"https:\/\/www.mbsmb.fr\/site\/wp-json\/wp\/v2\/pages\/1174\/revisions"}],"predecessor-version":[{"id":3145,"href":"https:\/\/www.mbsmb.fr\/site\/wp-json\/wp\/v2\/pages\/1174\/revisions\/3145"}],"up":[{"embeddable":true,"href":"https:\/\/www.mbsmb.fr\/site\/wp-json\/wp\/v2\/pages\/27"}],"wp:attachment":[{"href":"https:\/\/www.mbsmb.fr\/site\/wp-json\/wp\/v2\/media?parent=1174"}],"curies":[{"name":"wp","href":"https:\/\/api.w.org\/{rel}","templated":true}]}}